{"id":723846,"date":"2025-08-27T19:26:07","date_gmt":"2025-08-27T16:26:07","guid":{"rendered":"https:\/\/roveyayinevi.com.tr\/index.php\/urun\/fistik-ile-yastik\/"},"modified":"2026-04-16T02:31:50","modified_gmt":"2026-04-15T23:31:50","slug":"fistik-ile-yastik","status":"publish","type":"product","link":"https:\/\/roveyayinevi.com.tr\/index.php\/urun\/fistik-ile-yastik\/","title":{"rendered":"F\u0131st\u0131k ile Yast\u0131k"},"content":{"rendered":"<p>Bir zamanlar binalar az, ye\u015fillikler \u00e7oktu. \u00c7ocuklar evlerin bah\u00e7esinde ve sokakta oynarlard\u0131. \u00dcstelik her soka\u011f\u0131n bir F\u0131st\u0131k\u2019\u0131, bir de Yast\u0131k\u2019\u0131 vard\u0131. D\u00fcnya d\u00f6nd\u00fc, d\u00f6nd\u00fc, d\u00f6nd\u00fc&#8230; Binalar y\u00fckseldi, y\u00fckseldi, y\u00fckseldi&#8230;\u00c7at\u0131lar neredeyse bulutlara de\u011fdi, betonlar, ye\u015fillikleri ezdik\u00e7e ezdi. Do\u011fadan uzakla\u015fan kalpler de betonla\u015fmaya ba\u015flam\u0131\u015ft\u0131. B\u00fct\u00fcn d\u00fcnyay\u0131 kendisinin zanneden insan, F\u0131st\u0131k\u2019la Yast\u0131k olmasa daha mutlu ya\u015fayaca\u011f\u0131n\u0131 san\u0131yordu. Acaba ger\u00e7ekten de \u00f6yle miydi? \u00c7evre ve hayvan haklar\u0131n\u0131 en az insan haklar\u0131 kadar \u00f6nemseyen d\u00f6rt \u00e7ocuk annesi Filiz Mungan, daha g\u00fczel ve daha adil bir d\u00fcnya hayalinin ancak insan haricindeki varl\u0131klar\u0131n hayat hakk\u0131na sayg\u0131 duymakla m\u00fcmk\u00fcn olaca\u011f\u0131na inan\u0131yor. Binlerce y\u0131ld\u0131r birlikte ya\u015fad\u0131\u011f\u0131m\u0131z F\u0131st\u0131klar\u0131 ve Yast\u0131klar\u0131, \u00e7ocuklar\u0131m\u0131zla birlikte daha yak\u0131ndan tan\u0131mak i\u00e7in yazar ve \u00e7izer Filiz Mungan harika bir f\u0131rsat sunuyor.<\/p>\n","protected":false},"excerpt":{"rendered":"<p>Bir zamanlar binalar az, ye\u015fillikler \u00e7oktu. \u00c7ocuklar evlerin bah\u00e7esinde ve sokakta oynarlard\u0131. \u00dcstelik her soka\u011f\u0131n bir F\u0131st\u0131k\u2019\u0131, bir de Yast\u0131k\u2019\u0131 vard\u0131. D\u00fcnya d\u00f6nd\u00fc, d\u00f6nd\u00fc, d\u00f6nd\u00fc&#8230; Binalar<span class=\"excerpt-hellip\"> [\u2026]<\/span><\/p>\n","protected":false},"featured_media":0,"template":"","meta":{"_monsterinsights_skip_tracking":false,"_monsterinsights_sitenote_active":false,"_monsterinsights_sitenote_note":"","_monsterinsights_sitenote_category":0},"product_brand":[],"product_cat":[12274,12284],"product_tag":[],"class_list":{"0":"post-723846","1":"product","2":"type-product","3":"status-publish","5":"product_cat-cocuk-ve-genclik-kitaplari","6":"product_cat-hikayeler","7":"pa_cilt-ciltsiz","8":"pa_tur-kitap","9":"pa_yayinevi-babil-kitap","10":"pa_yazar-filiz-mungan","12":"first","13":"instock","14":"sale","15":"shipping-taxable","16":"purchasable","17":"product-type-simple"},"_links":{"self":[{"href":"https:\/\/roveyayinevi.com.tr\/index.php\/wp-json\/wp\/v2\/product\/723846","targetHints":{"allow":["GET"]}}],"collection":[{"href":"https:\/\/roveyayinevi.com.tr\/index.php\/wp-json\/wp\/v2\/product"}],"about":[{"href":"https:\/\/roveyayinevi.com.tr\/index.php\/wp-json\/wp\/v2\/types\/product"}],"wp:attachment":[{"href":"https:\/\/roveyayinevi.com.tr\/index.php\/wp-json\/wp\/v2\/media?parent=723846"}],"wp:term":[{"taxonomy":"product_brand","embeddable":true,"href":"https:\/\/roveyayinevi.com.tr\/index.php\/wp-json\/wp\/v2\/product_brand?post=723846"},{"taxonomy":"product_cat","embeddable":true,"href":"https:\/\/roveyayinevi.com.tr\/index.php\/wp-json\/wp\/v2\/product_cat?post=723846"},{"taxonomy":"product_tag","embeddable":true,"href":"https:\/\/roveyayinevi.com.tr\/index.php\/wp-json\/wp\/v2\/product_tag?post=723846"}],"curies":[{"name":"wp","href":"https:\/\/api.w.org\/{rel}","templated":true}]}}