{"id":723845,"date":"2025-08-27T19:26:07","date_gmt":"2025-08-27T16:26:07","guid":{"rendered":"https:\/\/roveyayinevi.com.tr\/index.php\/urun\/cocuklara-denizden-siirler\/"},"modified":"2026-04-16T02:31:50","modified_gmt":"2026-04-15T23:31:50","slug":"cocuklara-denizden-siirler","status":"publish","type":"product","link":"https:\/\/roveyayinevi.com.tr\/index.php\/urun\/cocuklara-denizden-siirler\/","title":{"rendered":"\u00c7ocuklara Deniz&#8217;den \u015eiirler"},"content":{"rendered":"<p>\u015eiir, sihirli bir d\u00fcnyad\u0131r \u00e7ocuklar i\u00e7in. O d\u00fcnyada dilimizin en g\u00fczel tatlar\u0131n\u0131 al\u0131r, en g\u00fczel duygular\u0131 ya\u015farlar. M\u0131sradan m\u0131sraya z\u0131plarken s\u00f6zc\u00fckler \u015fark\u0131 s\u00f6yler, kanat \u00e7\u0131rpar k\u00fc\u00e7\u00fcc\u00fck y\u00fcreklerinde. \u0130\u015fte o sihirli d\u00fcnya \u015fu an elinizde tuttu\u011funuz kitab\u0131n i\u00e7inde sakl\u0131.    Oyun oynamak ne g\u00fczel, Saklamba\u00e7, elim sende, istop\u2026 \u0130stop oynarken ben,  \u0130\u00e7ime ku\u015flar doluyor, Ya top bana de\u011ferse diye! Saklamba\u00e7 oynarken ben,  \u0130\u00e7ime ku\u015flar doluyor, Ya sakland\u0131\u011f\u0131m yeri bulursa arkada\u015f\u0131m diye! Elim sende oynarken ben, \u0130\u00e7ime ku\u015flar doluyor, Ya yakalan\u0131rsam diye! Oyun oynarken ben, \u0130\u00e7ime ku\u015flar doluyor, Oyun benim arkada\u015f\u0131m diye\u2026 <\/p>\n","protected":false},"excerpt":{"rendered":"<p>\u015eiir, sihirli bir d\u00fcnyad\u0131r \u00e7ocuklar i\u00e7in. O d\u00fcnyada dilimizin en g\u00fczel tatlar\u0131n\u0131 al\u0131r, en g\u00fczel duygular\u0131 ya\u015farlar. M\u0131sradan m\u0131sraya z\u0131plarken s\u00f6zc\u00fckler \u015fark\u0131 s\u00f6yler, kanat \u00e7\u0131rpar k\u00fc\u00e7\u00fcc\u00fck<span class=\"excerpt-hellip\"> [\u2026]<\/span><\/p>\n","protected":false},"featured_media":0,"template":"","meta":{"_monsterinsights_skip_tracking":false,"_monsterinsights_sitenote_active":false,"_monsterinsights_sitenote_note":"","_monsterinsights_sitenote_category":0},"product_brand":[],"product_cat":[12274,12284],"product_tag":[],"class_list":{"0":"post-723845","1":"product","2":"type-product","3":"status-publish","5":"product_cat-cocuk-ve-genclik-kitaplari","6":"product_cat-hikayeler","7":"pa_cilt-ciltsiz","8":"pa_tur-kitap","9":"pa_yayinevi-ucan-fil-yayinlari","10":"pa_yazar-deniz-sahin","12":"first","13":"instock","14":"sale","15":"shipping-taxable","16":"purchasable","17":"product-type-simple"},"_links":{"self":[{"href":"https:\/\/roveyayinevi.com.tr\/index.php\/wp-json\/wp\/v2\/product\/723845","targetHints":{"allow":["GET"]}}],"collection":[{"href":"https:\/\/roveyayinevi.com.tr\/index.php\/wp-json\/wp\/v2\/product"}],"about":[{"href":"https:\/\/roveyayinevi.com.tr\/index.php\/wp-json\/wp\/v2\/types\/product"}],"wp:attachment":[{"href":"https:\/\/roveyayinevi.com.tr\/index.php\/wp-json\/wp\/v2\/media?parent=723845"}],"wp:term":[{"taxonomy":"product_brand","embeddable":true,"href":"https:\/\/roveyayinevi.com.tr\/index.php\/wp-json\/wp\/v2\/product_brand?post=723845"},{"taxonomy":"product_cat","embeddable":true,"href":"https:\/\/roveyayinevi.com.tr\/index.php\/wp-json\/wp\/v2\/product_cat?post=723845"},{"taxonomy":"product_tag","embeddable":true,"href":"https:\/\/roveyayinevi.com.tr\/index.php\/wp-json\/wp\/v2\/product_tag?post=723845"}],"curies":[{"name":"wp","href":"https:\/\/api.w.org\/{rel}","templated":true}]}}