{"id":723844,"date":"2025-08-27T19:26:06","date_gmt":"2025-08-27T16:26:06","guid":{"rendered":"https:\/\/roveyayinevi.com.tr\/index.php\/urun\/akdenizde-devletler-ve-korsanlar\/"},"modified":"2026-04-16T02:31:50","modified_gmt":"2026-04-15T23:31:50","slug":"akdenizde-devletler-ve-korsanlar","status":"publish","type":"product","link":"https:\/\/roveyayinevi.com.tr\/index.php\/urun\/akdenizde-devletler-ve-korsanlar\/","title":{"rendered":"Akdeniz&#8217;de Devletler ve Korsanlar"},"content":{"rendered":"<p>Volkan D\u00f6kmeci\u2019nin Akdeniz\u2019de Devletler ve Korsanlar kitab\u0131, esas itibariyle 16. y\u00fczy\u0131l ba\u015flar\u0131ndaki Osmanl\u0131 denizcili\u011fi hakk\u0131nda ayr\u0131nt\u0131l\u0131 bilgiler vererek Osmanl\u0131 denizcili\u011finin hareketli, ger\u00e7ek\u00e7i, \u00f6l\u00e7\u00fcl\u00fc ve tutarl\u0131 bir resmini \u00e7iziyor. Prof. Dr. \u0130dris Bostan\u2019\u0131n kitaba yazd\u0131\u011f\u0131 sunu\u015f yaz\u0131s\u0131nda da belirtti\u011fi gibi, Volkan D\u00f6kmeci, Eski \u0130talyancaya olan vukufu ve konuya olan ilgisi sayesinde Osmanl\u0131 denizcili\u011fi i\u00e7in b\u00fcy\u00fck \u00f6nem ta\u015f\u0131yan Venediklilere ait birincil kaynaklar\u0131 b\u00fcy\u00fck bir titizlikle incelendi\u011fi bu \u00e7al\u0131\u015fmas\u0131nda, Osmanl\u0131 denizcili\u011finin ula\u015ft\u0131\u011f\u0131 boyutu, o d\u00f6nem Akdeniz\u2019deki en \u00f6nemli rakibinin g\u00f6z\u00fcnden objektif bir \u015fekilde aktar\u0131yor. Akdeniz\u2019de Devletler ve Korsanlar, Osmanl\u0131lar\u0131 denizden uzak, sadece bir kara imparatorlu\u011fu olarak g\u00f6ren bak\u0131\u015f a\u00e7\u0131s\u0131n\u0131 de\u011fi\u015ftirecek \u00f6nemli bilgiler sunuyor. Osmanl\u0131 donanmas\u0131n\u0131n 2. Bayezid ve 1. Selim d\u00f6nemlerindeki g\u00fcc\u00fcn\u00fc ortaya koyan bu bilgiler, denizlerde en az Osmanl\u0131 Devleti kadar g\u00fc\u00e7l\u00fc olan Venedik\u2019in kendi kaynaklar\u0131 kullan\u0131larak ortaya \u00e7\u0131kar\u0131lm\u0131\u015ft\u0131r. Yine 2. Bayezid ve 1. Selim d\u00f6nemi denizcili\u011fine y\u00f6n veren Osmanl\u0131 himayesindeki Kemal Reis ve Kurdo\u011flu Muslihiddin gibi me\u015fhur korsan ve denizcilerin faaliyetleri de Venedik kaynaklar\u0131 \u0131\u015f\u0131\u011f\u0131nda ayr\u0131nt\u0131l\u0131 bir \u015fekilde tasvir ediliyor.<\/p>\n","protected":false},"excerpt":{"rendered":"<p>Volkan D\u00f6kmeci\u2019nin Akdeniz\u2019de Devletler ve Korsanlar kitab\u0131, esas itibariyle 16. y\u00fczy\u0131l ba\u015flar\u0131ndaki Osmanl\u0131 denizcili\u011fi hakk\u0131nda ayr\u0131nt\u0131l\u0131 bilgiler vererek Osmanl\u0131 denizcili\u011finin hareketli, ger\u00e7ek\u00e7i, \u00f6l\u00e7\u00fcl\u00fc ve tutarl\u0131 bir<span class=\"excerpt-hellip\"> [\u2026]<\/span><\/p>\n","protected":false},"featured_media":0,"template":"","meta":{"_monsterinsights_skip_tracking":false,"_monsterinsights_sitenote_active":false,"_monsterinsights_sitenote_note":"","_monsterinsights_sitenote_category":0},"product_brand":[],"product_cat":[13517,12304],"product_tag":[],"class_list":{"0":"post-723844","1":"product","2":"type-product","3":"status-publish","5":"product_cat-osmanli-tarihi","6":"product_cat-tarih","7":"pa_cilt-ciltsiz","8":"pa_tur-kitap","9":"pa_yayinevi-babil-kitap","10":"pa_yazar-volkan-dokmeci","12":"first","13":"instock","14":"sale","15":"shipping-taxable","16":"purchasable","17":"product-type-simple"},"_links":{"self":[{"href":"https:\/\/roveyayinevi.com.tr\/index.php\/wp-json\/wp\/v2\/product\/723844","targetHints":{"allow":["GET"]}}],"collection":[{"href":"https:\/\/roveyayinevi.com.tr\/index.php\/wp-json\/wp\/v2\/product"}],"about":[{"href":"https:\/\/roveyayinevi.com.tr\/index.php\/wp-json\/wp\/v2\/types\/product"}],"wp:attachment":[{"href":"https:\/\/roveyayinevi.com.tr\/index.php\/wp-json\/wp\/v2\/media?parent=723844"}],"wp:term":[{"taxonomy":"product_brand","embeddable":true,"href":"https:\/\/roveyayinevi.com.tr\/index.php\/wp-json\/wp\/v2\/product_brand?post=723844"},{"taxonomy":"product_cat","embeddable":true,"href":"https:\/\/roveyayinevi.com.tr\/index.php\/wp-json\/wp\/v2\/product_cat?post=723844"},{"taxonomy":"product_tag","embeddable":true,"href":"https:\/\/roveyayinevi.com.tr\/index.php\/wp-json\/wp\/v2\/product_tag?post=723844"}],"curies":[{"name":"wp","href":"https:\/\/api.w.org\/{rel}","templated":true}]}}