{"id":723843,"date":"2025-08-27T19:26:05","date_gmt":"2025-08-27T16:26:05","guid":{"rendered":"https:\/\/roveyayinevi.com.tr\/index.php\/urun\/bilim-devrimi\/"},"modified":"2026-04-16T02:31:50","modified_gmt":"2026-04-15T23:31:50","slug":"bilim-devrimi","status":"publish","type":"product","link":"https:\/\/roveyayinevi.com.tr\/index.php\/urun\/bilim-devrimi\/","title":{"rendered":"Bilim Devrimi"},"content":{"rendered":"<p>Bilim Devrimi niye \u00c7in\u2019de ya da \u0130slam co\u011frafyas\u0131nda de\u011fil de \u00f6zellikle Bat\u0131\u2019da ger\u00e7ekle\u015fti? \u0130nsanl\u0131\u011f\u0131n on binlerce y\u0131l boyunca belli bir h\u0131zda seyreden teknik ve teknoloji \u00fcretimi nas\u0131l oldu da daha \u00f6nce benzeri g\u00f6r\u00fclmemi\u015f bir s\u0131\u00e7rama ger\u00e7ekle\u015ftirdi? Ahmet Selami \u00c7al\u0131\u015fkan, Bilim Devrimi Homo Faber \u2013 Homo Economicus Dayan\u0131\u015fma\u015f\u0131 kitab\u0131nda, d\u00fc\u015f\u00fcnce ve teknoloji tarihini teori-pratik ili\u015fkisi a\u00e7\u0131s\u0131ndan farkl\u0131 bir okumaya t\u00e2bi tutuyor. Sanayi Devrimine giden yolun Bilim Devrimi ile nas\u0131l a\u00e7\u0131ld\u0131\u011f\u0131n\u0131 ve bunun ni\u00e7in Bat\u0131\u2019da ger\u00e7ekle\u015fti\u011fini ayr\u0131nt\u0131l\u0131 bir \u015fekilde tahlil ediyor. Belirli filozoflar\u0131n entelekt\u00fcel ser\u00fcveninin veya kurumlar\u0131n ortaya \u00e7\u0131k\u0131\u015f\u0327 s\u00fcrecinin, modern bilim veya onun arka plan\u0131nda yatan Bilim Devrimi gibi karma\u015f\u0131k bir olguyu \u00e7\u00f6z\u00fcmlemeye tek ba\u015f\u0131na k\u00e2fi gelemeyece\u011fini g\u00f6steren \u00c7al\u0131\u015fkan, Do\u011fu-Bat\u0131 etkile\u015fimlerinin ekonomik, k\u00fclt\u00fcrel ve siyas\u00ee etkilerini de b\u00fct\u00fcnc\u00fcl yakla\u015f\u0131m\u0131na d\u00e2hil ederek art\u0131k d\u00fcnyada Homo Economicus Faber olarak varl\u0131\u011f\u0131n\u0131 s\u00fcrd\u00fcren yeni insan\u0131n ortaya \u00e7\u0131k\u0131\u015f tarihini g\u00f6zler \u00f6n\u00fcne seriyor.;<\/p>\n","protected":false},"excerpt":{"rendered":"<p>Bilim Devrimi niye \u00c7in\u2019de ya da \u0130slam co\u011frafyas\u0131nda de\u011fil de \u00f6zellikle Bat\u0131\u2019da ger\u00e7ekle\u015fti? \u0130nsanl\u0131\u011f\u0131n on binlerce y\u0131l boyunca belli bir h\u0131zda seyreden teknik ve teknoloji \u00fcretimi<span class=\"excerpt-hellip\"> [\u2026]<\/span><\/p>\n","protected":false},"featured_media":0,"template":"","meta":{"_monsterinsights_skip_tracking":false,"_monsterinsights_sitenote_active":false,"_monsterinsights_sitenote_note":"","_monsterinsights_sitenote_category":0},"product_brand":[],"product_cat":[13005,15998],"product_tag":[],"class_list":{"0":"post-723843","1":"product","2":"type-product","3":"status-publish","5":"product_cat-bilim-muhendislik","6":"product_cat-bilim-tarihi","7":"pa_cilt-ciltsiz","8":"pa_tur-kitap","9":"pa_yayinevi-babil-kitap","10":"pa_yazar-ahmet-selami-caliskan","12":"first","13":"instock","14":"sale","15":"shipping-taxable","16":"purchasable","17":"product-type-simple"},"_links":{"self":[{"href":"https:\/\/roveyayinevi.com.tr\/index.php\/wp-json\/wp\/v2\/product\/723843","targetHints":{"allow":["GET"]}}],"collection":[{"href":"https:\/\/roveyayinevi.com.tr\/index.php\/wp-json\/wp\/v2\/product"}],"about":[{"href":"https:\/\/roveyayinevi.com.tr\/index.php\/wp-json\/wp\/v2\/types\/product"}],"wp:attachment":[{"href":"https:\/\/roveyayinevi.com.tr\/index.php\/wp-json\/wp\/v2\/media?parent=723843"}],"wp:term":[{"taxonomy":"product_brand","embeddable":true,"href":"https:\/\/roveyayinevi.com.tr\/index.php\/wp-json\/wp\/v2\/product_brand?post=723843"},{"taxonomy":"product_cat","embeddable":true,"href":"https:\/\/roveyayinevi.com.tr\/index.php\/wp-json\/wp\/v2\/product_cat?post=723843"},{"taxonomy":"product_tag","embeddable":true,"href":"https:\/\/roveyayinevi.com.tr\/index.php\/wp-json\/wp\/v2\/product_tag?post=723843"}],"curies":[{"name":"wp","href":"https:\/\/api.w.org\/{rel}","templated":true}]}}