{"id":723838,"date":"2025-08-27T19:26:02","date_gmt":"2025-08-27T16:26:02","guid":{"rendered":"https:\/\/roveyayinevi.com.tr\/index.php\/urun\/imkansiz-devlet\/"},"modified":"2026-04-16T02:31:50","modified_gmt":"2026-04-15T23:31:50","slug":"imkansiz-devlet","status":"publish","type":"product","link":"https:\/\/roveyayinevi.com.tr\/index.php\/urun\/imkansiz-devlet\/","title":{"rendered":"\u0130mkans\u0131z Devlet"},"content":{"rendered":"<p>Wael B. Hallaq\u2019\u0131n olduk\u00e7a basit bir sav\u0131 var: Temsil etti\u011fi de\u011ferlere g\u00f6re yap\u0131lm\u0131\u015f herhangi bir modern devlet tan\u0131m\u0131na g\u00f6re \u201c\u0130slami devlet\u201d hem bir imk\u00e2ns\u0131zl\u0131k hem de \u00e7eli\u015fkili bir tamlamad\u0131r. Bug\u00fcn M\u00fcsl\u00fcmanlar, onlar\u0131 y\u00f6nlendiren entelekt\u00fceller de d\u00e2hil olmak \u00fczere, modern devleti kan\u0131ksamakta ve do\u011fal bir ger\u00e7eklik olarak kabul etmektedir. Ayr\u0131ca, erken d\u00f6nem \u0130slami toplumlar\u0131n vatanda\u015fl\u0131k, demokrasi ve oy hakk\u0131 kavramlar\u0131n\u0131 geli\u015ftirdikleri d\u00fc\u015f\u00fcn\u00fcl\u00fcr. Bu kitab\u0131n temel sav\u0131, herhangi bir modern \u0130slami devlet kavramsalla\u015ft\u0131rmas\u0131n\u0131n tabiat\u0131 gere\u011fi kendisiyle \u00e7eli\u015fece\u011fidir. M\u00fcsl\u00fcmanlar bug\u00fcn d\u00fcnya n\u00fcfusunun be\u015fte birini olu\u015fturuyor ve mademki modernite i\u00e7inde ya\u015f\u0131yorlar, \u00f6yleyse modern projeyi de ya\u015f\u0131yorlar. \u0130mkans\u0131z Devlet kitab\u0131, modern \u0130slami devletin beraberinde getirdi\u011fi \u00f6z\u00e7eli\u015fkilerin, modernitenin ahlaki a\u00e7mazlar\u0131ndan kaynakland\u0131\u011f\u0131n\u0131 savunuyor. Politik ve ekonomik meseleler, yine bu \u00f6z-\u00e7eli\u015fkiyle ilintili olarak, s\u00f6z konusu ahlaki a\u00e7maz\u0131n bir t\u00fcrevidir. Yani ahlaki birer mesele olan bu \u00e7eli\u015fkileri \u00e7\u00f6zmek, asl\u0131nda politik ve ekonomik problemleri \u00e7\u00f6zmek demektir. Meseleyi daha a\u00e7\u0131k ifade etmek gerekirse, modern M\u00fcsl\u00fcman devletin tabiat\u0131ndaki \u00e7eli\u015fkiler \u2013cayd\u0131r\u0131c\u0131 dikey etkisinin ve modern devletin yatay iktidar\u0131n\u0131n yetkinli\u011fi arac\u0131l\u0131\u011f\u0131yla\u2013 sadece \u201cmodern \u0130slam\u2019\u0131n krizi\u201d olarak tan\u0131mlanan olgunun b\u00fct\u00fcn boyutlar\u0131n\u0131 yakalamakla kalmaz, ayr\u0131ca d\u00fcnyam\u0131zdaki modern projenin ahlaki boyutlar\u0131n\u0131 da ba\u015ftan sona ele verir. Bu sebeple \u0130mkans\u0131z Devlet, politika ve hukuka dair bir yorum giri\u015fiminden ziyade, ahlaki d\u00fc\u015f\u00fcnce \u00fczerine bir deneme olarak de\u011ferlendirilmelidir.<\/p>\n","protected":false},"excerpt":{"rendered":"<p>Wael B. Hallaq\u2019\u0131n olduk\u00e7a basit bir sav\u0131 var: Temsil etti\u011fi de\u011ferlere g\u00f6re yap\u0131lm\u0131\u015f herhangi bir modern devlet tan\u0131m\u0131na g\u00f6re \u201c\u0130slami devlet\u201d hem bir imk\u00e2ns\u0131zl\u0131k hem de<span class=\"excerpt-hellip\"> [\u2026]<\/span><\/p>\n","protected":false},"featured_media":0,"template":"","meta":{"_monsterinsights_skip_tracking":false,"_monsterinsights_sitenote_active":false,"_monsterinsights_sitenote_note":"","_monsterinsights_sitenote_category":0},"product_brand":[],"product_cat":[13590,12337],"product_tag":[],"class_list":{"0":"post-723838","1":"product","2":"type-product","3":"status-publish","5":"product_cat-arastirma-inceleme-politika-siyaset","6":"product_cat-politika-siyaset","7":"pa_cilt-ciltsiz","8":"pa_tur-kitap","9":"pa_yayinevi-babil-kitap","10":"pa_yazar-wael-b-hallaq","12":"first","13":"instock","14":"sale","15":"shipping-taxable","16":"purchasable","17":"product-type-simple"},"_links":{"self":[{"href":"https:\/\/roveyayinevi.com.tr\/index.php\/wp-json\/wp\/v2\/product\/723838","targetHints":{"allow":["GET"]}}],"collection":[{"href":"https:\/\/roveyayinevi.com.tr\/index.php\/wp-json\/wp\/v2\/product"}],"about":[{"href":"https:\/\/roveyayinevi.com.tr\/index.php\/wp-json\/wp\/v2\/types\/product"}],"wp:attachment":[{"href":"https:\/\/roveyayinevi.com.tr\/index.php\/wp-json\/wp\/v2\/media?parent=723838"}],"wp:term":[{"taxonomy":"product_brand","embeddable":true,"href":"https:\/\/roveyayinevi.com.tr\/index.php\/wp-json\/wp\/v2\/product_brand?post=723838"},{"taxonomy":"product_cat","embeddable":true,"href":"https:\/\/roveyayinevi.com.tr\/index.php\/wp-json\/wp\/v2\/product_cat?post=723838"},{"taxonomy":"product_tag","embeddable":true,"href":"https:\/\/roveyayinevi.com.tr\/index.php\/wp-json\/wp\/v2\/product_tag?post=723838"}],"curies":[{"name":"wp","href":"https:\/\/api.w.org\/{rel}","templated":true}]}}