{"id":723837,"date":"2025-08-27T19:26:01","date_gmt":"2025-08-27T16:26:01","guid":{"rendered":"https:\/\/roveyayinevi.com.tr\/index.php\/urun\/cezerinin-olaganustu-makineleri\/"},"modified":"2026-04-16T02:31:50","modified_gmt":"2026-04-15T23:31:50","slug":"cezerinin-olaganustu-makineleri","status":"publish","type":"product","link":"https:\/\/roveyayinevi.com.tr\/index.php\/urun\/cezerinin-olaganustu-makineleri\/","title":{"rendered":"Cezeri\u2019nin Ola\u011fanu\u0308stu\u0308 Makineleri"},"content":{"rendered":"<p>Bundan 813 y\u0131l \u00f6nce, 1206\u2019da, Diyarbak\u0131r Artuklu Saray\u0131\u2019nda muhte\u015fem bir mu\u0308hendislik kitab\u0131 yaz\u0131ld\u0131: Kitab\u2019u\u0308l Hiyel. Kitab\u0131n yazar\u0131, saray\u0131n ba\u015fmu\u0308hendisi Ebu\u2019l \u0130z El-Cezeri\u2019ydi. Ola\u011fanu\u0308stu\u0308 makinelerin mucidi Cezeri; ge\u00e7mi\u015fin bilgisi ile gelece\u011fi in\u015fa eden bu\u0308yu\u0308k bir mu\u0308hendis, sanat\u00e7\u0131, d\u00e2hi ve ayd\u0131nlanma adam\u0131yd\u0131. Anadolu, tarihinin en kaotik d\u00f6nemlerinden birini ya\u015farken, Artuklular bir yanda Sel\u00e7uklular ve Eyyubiler, di\u011fer yanda Bizans ve Ha\u00e7l\u0131lar aras\u0131nda muazzam bir varl\u0131k mu\u0308cadelesi veriyorlard\u0131. \u0130\u015fte b\u00f6ylesine zorlu bir d\u00f6nemde, Artuklu sultanlar\u0131n\u0131n sundu\u011fu du\u0308zen i\u00e7erisinde du\u0308nyan\u0131n ilk insans\u0131 robotlar\u0131n\u0131 tasarlayan ve \u00e7al\u0131\u015ft\u0131ran, \u015fifresi Enigma\u2019dan bile gu\u0308\u00e7lu\u0308 kilitler u\u0308reten, bugu\u0308n kulland\u0131\u011f\u0131m\u0131z krank mili ve 4 zamanl\u0131 di\u015fli mekanizmalar\u0131 geli\u015ftiren Cezeri, mu\u0308hendisli\u011fi sanatla, bilimi hayatla bulu\u015fturdu.Bu\u0308yu\u0308k mucidin dehas\u0131na yak\u0131\u015facak \u015fekilde haz\u0131rlanan Cezeri\u2019nin Ola\u011fanu\u0308stu\u0308 Makineleri: Herkes \u0130\u00e7in Cezeri kitab\u0131, Durmu\u015f \u00c7al\u0131\u015fkan\u2019\u0131n 15 y\u0131ll\u0131k titiz \u00e7al\u0131\u015fmas\u0131yla, sadece mu\u0308hendislerin de\u011fil herkesin Cezeri\u2019yi anlayabilmesi i\u00e7in yazd\u0131\u011f\u0131 metinler ve \u00e7izdi\u011fi teknik resimlerle onun mu\u0308hendisli\u011fini ve felsefesini renkli ve masals\u0131 bir dille ortaya koyuyor.<\/p>\n","protected":false},"excerpt":{"rendered":"<p>Bundan 813 y\u0131l \u00f6nce, 1206\u2019da, Diyarbak\u0131r Artuklu Saray\u0131\u2019nda muhte\u015fem bir mu\u0308hendislik kitab\u0131 yaz\u0131ld\u0131: Kitab\u2019u\u0308l Hiyel. Kitab\u0131n yazar\u0131, saray\u0131n ba\u015fmu\u0308hendisi Ebu\u2019l \u0130z El-Cezeri\u2019ydi. Ola\u011fanu\u0308stu\u0308 makinelerin mucidi Cezeri;<span class=\"excerpt-hellip\"> [\u2026]<\/span><\/p>\n","protected":false},"featured_media":0,"template":"","meta":{"_monsterinsights_skip_tracking":false,"_monsterinsights_sitenote_active":false,"_monsterinsights_sitenote_note":"","_monsterinsights_sitenote_category":0},"product_brand":[],"product_cat":[12312,12304],"product_tag":[],"class_list":{"0":"post-723837","1":"product","2":"type-product","3":"status-publish","5":"product_cat-diger","6":"product_cat-tarih","7":"pa_cilt-ciltsiz","8":"pa_tur-kitap","9":"pa_yayinevi-babil-kitap","10":"pa_yazar-durmus-caliskan","12":"first","13":"instock","14":"sale","15":"shipping-taxable","16":"purchasable","17":"product-type-simple"},"_links":{"self":[{"href":"https:\/\/roveyayinevi.com.tr\/index.php\/wp-json\/wp\/v2\/product\/723837","targetHints":{"allow":["GET"]}}],"collection":[{"href":"https:\/\/roveyayinevi.com.tr\/index.php\/wp-json\/wp\/v2\/product"}],"about":[{"href":"https:\/\/roveyayinevi.com.tr\/index.php\/wp-json\/wp\/v2\/types\/product"}],"wp:attachment":[{"href":"https:\/\/roveyayinevi.com.tr\/index.php\/wp-json\/wp\/v2\/media?parent=723837"}],"wp:term":[{"taxonomy":"product_brand","embeddable":true,"href":"https:\/\/roveyayinevi.com.tr\/index.php\/wp-json\/wp\/v2\/product_brand?post=723837"},{"taxonomy":"product_cat","embeddable":true,"href":"https:\/\/roveyayinevi.com.tr\/index.php\/wp-json\/wp\/v2\/product_cat?post=723837"},{"taxonomy":"product_tag","embeddable":true,"href":"https:\/\/roveyayinevi.com.tr\/index.php\/wp-json\/wp\/v2\/product_tag?post=723837"}],"curies":[{"name":"wp","href":"https:\/\/api.w.org\/{rel}","templated":true}]}}