{"id":723834,"date":"2025-08-27T19:25:59","date_gmt":"2025-08-27T16:25:59","guid":{"rendered":"https:\/\/roveyayinevi.com.tr\/index.php\/urun\/hacker\/"},"modified":"2026-04-16T02:31:50","modified_gmt":"2026-04-15T23:31:50","slug":"hacker","status":"publish","type":"product","link":"https:\/\/roveyayinevi.com.tr\/index.php\/urun\/hacker\/","title":{"rendered":"Hacker"},"content":{"rendered":"<p>\u201cSonu\u00e7ta hepimiz ayn\u0131y\u0131z.\u201d T\u00fcrkiye\u2019de do\u011fup b\u00fcy\u00fcm\u00fc\u015f olan Kayra \u015eafak, 21. y\u00fczy\u0131l\u0131n en yetenekli bilgisayar programc\u0131lar\u0131ndan birisidir.   Ailesinin intikam\u0131n\u0131 almak i\u00e7in geri d\u00f6n\u00fc\u015f\u00fc olmayan bir yola girer ve k\u0131sa s\u00fcrede ismi b\u00fct\u00fcn d\u00fcnya taraf\u0131ndan tan\u0131nan, siber d\u00fcnyan\u0131n en tehlikeli internet korsan\u0131na d\u00f6n\u00fc\u015f\u00fcr. Sald\u0131r\u0131lardan olduk\u00e7a b\u00fcy\u00fck zarar g\u00f6ren birka\u00e7 Avrupa \u00fclkesi ve Amerika, Kayra\u2019y\u0131 yakalayabilmek i\u00e7in \u00f6zel bir ekip kurar ve bu ekibin ba\u015f\u0131na, ilerleyen zamanlarda kendisini olduk\u00e7a b\u00fcy\u00fck bir \u00e7\u0131kmaz\u0131n i\u00e7inde bulacak olan Jimmy Denever getirilir.   D\u00dcNYANIN B\u0130R KADIN HACKER \u0130LE \u0130MT\u0130HANI&#8230;   H\u0131zla geli\u015fen olaylar neticesinde a\u00e7\u0131k hedef haline gelen Kayra, ba\u015fta CIA, MOSSAD ve BND gibi g\u00fc\u00e7l\u00fc istihbarat te\u015fkilatlar\u0131 taraf\u0131ndan k\u0131rm\u0131z\u0131 b\u00fclten ile arananlar listesine girmi\u015f, hatta \u00f6ld\u00fcr\u00fclmesi i\u00e7in pe\u015fine kiral\u0131k katiller tak\u0131lm\u0131\u015ft\u0131r.   Bir bilgisayar d\u00e2hisinin aksiyon ve dram dolu, zek\u00e2s\u0131na hayranl\u0131k uyand\u0131ran hik\u00e2yesine tan\u0131k olun&#8230; <\/p>\n","protected":false},"excerpt":{"rendered":"<p>\u201cSonu\u00e7ta hepimiz ayn\u0131y\u0131z.\u201d T\u00fcrkiye\u2019de do\u011fup b\u00fcy\u00fcm\u00fc\u015f olan Kayra \u015eafak, 21. y\u00fczy\u0131l\u0131n en yetenekli bilgisayar programc\u0131lar\u0131ndan birisidir. Ailesinin intikam\u0131n\u0131 almak i\u00e7in geri d\u00f6n\u00fc\u015f\u00fc olmayan bir yola girer<span class=\"excerpt-hellip\"> [\u2026]<\/span><\/p>\n","protected":false},"featured_media":0,"template":"","meta":{"_monsterinsights_skip_tracking":false,"_monsterinsights_sitenote_active":false,"_monsterinsights_sitenote_note":"","_monsterinsights_sitenote_category":0},"product_brand":[],"product_cat":[12291,12711],"product_tag":[],"class_list":{"0":"post-723834","1":"product","2":"type-product","3":"status-publish","5":"product_cat-edebiyat","6":"product_cat-roman-oyku","7":"pa_cilt-ciltsiz","8":"pa_tur-kitap","9":"pa_yayinevi-epsilon-yayinlari","10":"pa_yazar-murat-eksi","12":"first","13":"instock","14":"sale","15":"shipping-taxable","16":"purchasable","17":"product-type-simple"},"_links":{"self":[{"href":"https:\/\/roveyayinevi.com.tr\/index.php\/wp-json\/wp\/v2\/product\/723834","targetHints":{"allow":["GET"]}}],"collection":[{"href":"https:\/\/roveyayinevi.com.tr\/index.php\/wp-json\/wp\/v2\/product"}],"about":[{"href":"https:\/\/roveyayinevi.com.tr\/index.php\/wp-json\/wp\/v2\/types\/product"}],"wp:attachment":[{"href":"https:\/\/roveyayinevi.com.tr\/index.php\/wp-json\/wp\/v2\/media?parent=723834"}],"wp:term":[{"taxonomy":"product_brand","embeddable":true,"href":"https:\/\/roveyayinevi.com.tr\/index.php\/wp-json\/wp\/v2\/product_brand?post=723834"},{"taxonomy":"product_cat","embeddable":true,"href":"https:\/\/roveyayinevi.com.tr\/index.php\/wp-json\/wp\/v2\/product_cat?post=723834"},{"taxonomy":"product_tag","embeddable":true,"href":"https:\/\/roveyayinevi.com.tr\/index.php\/wp-json\/wp\/v2\/product_tag?post=723834"}],"curies":[{"name":"wp","href":"https:\/\/api.w.org\/{rel}","templated":true}]}}