{"id":723832,"date":"2025-08-27T19:25:57","date_gmt":"2025-08-27T16:25:57","guid":{"rendered":"https:\/\/roveyayinevi.com.tr\/index.php\/urun\/kemalyeri\/"},"modified":"2026-04-16T02:31:49","modified_gmt":"2026-04-15T23:31:49","slug":"kemalyeri","status":"publish","type":"product","link":"https:\/\/roveyayinevi.com.tr\/index.php\/urun\/kemalyeri\/","title":{"rendered":"Kemalyeri"},"content":{"rendered":"<p>Mustafa Kemal Atat\u00fcrk\u2019\u00fc \u00c7anakkale\u2019de yok etmek isteyenlere kar\u015f\u0131 izi silinmeyecek bir tokatt\u0131r bu belgesel-anlat\u0131.  Mustafa Kemal\u2019in tokad\u0131d\u0131r\u2026   \u00c7anakkale Cephesi\u2019nde g\u00f6reve atand\u0131\u011f\u0131 andan, ayr\u0131l\u0131\u015f\u0131na kadar ya\u015fad\u0131klar\u0131n\u0131n bir \u00f6yk\u00fcs\u00fcd\u00fcr.  En kanl\u0131 sava\u015f meydan\u0131nda, gece-g\u00fcnd\u00fcz 9 ay 13 g\u00fcn\u2026   34 ya\u015f\u0131nda gen\u00e7 bir komutan\u0131n \u00f6l\u00fcmden a\u011f\u0131r sorumluluk duygusunu\u2026 Yorucu, s\u0131k\u0131nt\u0131l\u0131, \u00f6l\u00fc ve yaral\u0131larla dolu muharebe ortam\u0131n\u0131 belgelerle anlat\u0131r. Dost ve d\u00fc\u015fman askerlerin ger\u00e7ek kaleminden\u2026 H\u00fcz\u00fcn de var, g\u00f6zya\u015f\u0131 da&#8230;  Kan da tebess\u00fcm de&#8230; Ve biraz da mutluluk\u2026   G\u00f6m\u00fclemeyen \u00f6l\u00fclerin, \u00e7\u00fcr\u00fcyen bedenlerin sinen kokusunu; yaral\u0131lar\u0131n \u00e7\u0131\u011fl\u0131klar\u0131n\u0131\u2026   KEMALYER\u0130\u2019ni\u2026    Mustafa Kemal\u2019in kur\u015funa dizme emrini veri\u015fini\u2026 Truva\u2019n\u0131n ve Hektor\u2018un intikam\u0131n\u0131 al\u0131\u015f\u0131n\u0131 anlat\u0131r.   Siz, \u00e7ocuklar\u0131n\u0131z, torunlar\u0131n\u0131z&#8230;  Ve gelecek ku\u015faklar i\u00e7in yaz\u0131lm\u0131\u015ft\u0131r\u2026 Bir g\u00f6revi yerine getirmenin sorumlu\u011fuyla\u2026 <\/p>\n","protected":false},"excerpt":{"rendered":"<p>Mustafa Kemal Atat\u00fcrk\u2019\u00fc \u00c7anakkale\u2019de yok etmek isteyenlere kar\u015f\u0131 izi silinmeyecek bir tokatt\u0131r bu belgesel-anlat\u0131. Mustafa Kemal\u2019in tokad\u0131d\u0131r\u2026 \u00c7anakkale Cephesi\u2019nde g\u00f6reve atand\u0131\u011f\u0131 andan, ayr\u0131l\u0131\u015f\u0131na kadar ya\u015fad\u0131klar\u0131n\u0131n bir<span class=\"excerpt-hellip\"> [\u2026]<\/span><\/p>\n","protected":false},"featured_media":0,"template":"","meta":{"_monsterinsights_skip_tracking":false,"_monsterinsights_sitenote_active":false,"_monsterinsights_sitenote_note":"","_monsterinsights_sitenote_category":0},"product_brand":[],"product_cat":[18545,12291],"product_tag":[],"class_list":{"0":"post-723832","1":"product","2":"type-product","3":"status-publish","5":"product_cat-anlati","6":"product_cat-edebiyat","7":"pa_cilt-ciltsiz","8":"pa_tur-kitap","9":"pa_yayinevi-inkilap-kitabevi","10":"pa_yazar-naim-baburoglu","12":"first","13":"instock","14":"sale","15":"shipping-taxable","16":"purchasable","17":"product-type-simple"},"_links":{"self":[{"href":"https:\/\/roveyayinevi.com.tr\/index.php\/wp-json\/wp\/v2\/product\/723832","targetHints":{"allow":["GET"]}}],"collection":[{"href":"https:\/\/roveyayinevi.com.tr\/index.php\/wp-json\/wp\/v2\/product"}],"about":[{"href":"https:\/\/roveyayinevi.com.tr\/index.php\/wp-json\/wp\/v2\/types\/product"}],"wp:attachment":[{"href":"https:\/\/roveyayinevi.com.tr\/index.php\/wp-json\/wp\/v2\/media?parent=723832"}],"wp:term":[{"taxonomy":"product_brand","embeddable":true,"href":"https:\/\/roveyayinevi.com.tr\/index.php\/wp-json\/wp\/v2\/product_brand?post=723832"},{"taxonomy":"product_cat","embeddable":true,"href":"https:\/\/roveyayinevi.com.tr\/index.php\/wp-json\/wp\/v2\/product_cat?post=723832"},{"taxonomy":"product_tag","embeddable":true,"href":"https:\/\/roveyayinevi.com.tr\/index.php\/wp-json\/wp\/v2\/product_tag?post=723832"}],"curies":[{"name":"wp","href":"https:\/\/api.w.org\/{rel}","templated":true}]}}