{"id":723831,"date":"2025-08-27T19:25:57","date_gmt":"2025-08-27T16:25:57","guid":{"rendered":"https:\/\/roveyayinevi.com.tr\/index.php\/urun\/almanlarin-buyuk-tuzagi-canakkale-1915\/"},"modified":"2026-04-16T02:31:49","modified_gmt":"2026-04-15T23:31:49","slug":"almanlarin-buyuk-tuzagi-canakkale-1915","status":"publish","type":"product","link":"https:\/\/roveyayinevi.com.tr\/index.php\/urun\/almanlarin-buyuk-tuzagi-canakkale-1915\/","title":{"rendered":"Almanlar\u0131n B\u00fcy\u00fck Tuza\u011f\u0131 &#8211; \u00c7anakkale 1915"},"content":{"rendered":"<p>\u00c7anakkale Cephesi, denizde ve karada 287, karada 260 g\u00fcn devam etti. 8,5 ay s\u00fcren Kara Muharebeleri \u00e7ok daha k\u0131sa zamanda sona erebilirdi. Sava\u015f neden uzat\u0131ld\u0131?   \u0130tilaf Kuvvetleri, b\u00fcy\u00fck umutlarla ba\u015flad\u0131klar\u0131 Gelibolu Harek\u00e2t\u0131 sonunda, 8,5 ayda Sedd\u00fclbahir b\u00f6lgesinde 5, Ar\u0131burnu b\u00f6lgesinde ise ancak 1,5 km ilerleyebildiler. Kazan\u0131lan bu kadar s\u0131n\u0131rl\u0131 bir arazi i\u00e7in i\u015fgal kuvvetlerinin 252.000, kaybedilen bu toprak par\u00e7as\u0131 i\u00e7in T\u00fcrk taraf\u0131n\u0131n 250.000 kay\u0131p verdi\u011fi bilinir. Kay\u0131plar\u0131n ger\u00e7ek say\u0131s\u0131 ne kadard\u0131r?   \u00c7anakkale Cephesi\u2019nde T\u00fcrk komutanlar\u0131n haz\u0131rlad\u0131klar\u0131 Savunma Plan\u0131\u2019n\u0131 Ordu Komutan\u0131 Alman General Liman von Sanders de\u011fi\u015ftirdi. Almanlar\u0131n ger\u00e7ek amac\u0131 neydi?   T\u00fcrk komutanlar\u0131n haz\u0131rlad\u0131klar\u0131 Savunma Plan\u0131 uygu-lansayd\u0131 ve muharebeler T\u00fcrk komutanlar\u0131 taraf\u0131ndan y\u00f6netilseydi, \u00c7anakkale Zaferi \u00e7ok daha k\u0131sa s\u00fcrede sonu\u00e7lanabilir miydi?   \u00c7anakkale Muharebeleri, her iki taraf i\u00e7in \u00e7ok fazla zayiata mal oldu. Daha az say\u0131da kay\u0131pla, ayn\u0131 zafer elde edilemez miydi?   \u00c7anakkale\u2019yi savunmak i\u00e7in kurulan Osmanl\u0131 5\u2019inci Ordu Komutan\u0131 Alman General Sanders, ba\u015fta Mustafa Kemal olmak \u00fczere savunma d\u00fczenine kar\u015f\u0131 \u00e7\u0131kan T\u00fcrk komutanlar\u0131 neden g\u00f6revden ald\u0131? \u00c7anakkale Muharebeleri\u2019yle ilgili gizli  kalm\u0131\u015f ger\u00e7ekler ve bu ger\u00e7ekleri g\u00fcn \u0131\u015f\u0131\u011f\u0131na \u00e7\u0131karan belgeler\u2026 <\/p>\n","protected":false},"excerpt":{"rendered":"<p>\u00c7anakkale Cephesi, denizde ve karada 287, karada 260 g\u00fcn devam etti. 8,5 ay s\u00fcren Kara Muharebeleri \u00e7ok daha k\u0131sa zamanda sona erebilirdi. Sava\u015f neden uzat\u0131ld\u0131? \u0130tilaf<span class=\"excerpt-hellip\"> [\u2026]<\/span><\/p>\n","protected":false},"featured_media":0,"template":"","meta":{"_monsterinsights_skip_tracking":false,"_monsterinsights_sitenote_active":false,"_monsterinsights_sitenote_note":"","_monsterinsights_sitenote_category":0},"product_brand":[],"product_cat":[12370,12304],"product_tag":[],"class_list":{"0":"post-723831","1":"product","2":"type-product","3":"status-publish","5":"product_cat-arastirma-inceleme","6":"product_cat-tarih","7":"pa_cilt-ciltsiz","8":"pa_tur-kitap","9":"pa_yayinevi-inkilap-kitabevi","10":"pa_yazar-naim-baburoglu","12":"first","13":"instock","14":"sale","15":"shipping-taxable","16":"purchasable","17":"product-type-simple"},"_links":{"self":[{"href":"https:\/\/roveyayinevi.com.tr\/index.php\/wp-json\/wp\/v2\/product\/723831","targetHints":{"allow":["GET"]}}],"collection":[{"href":"https:\/\/roveyayinevi.com.tr\/index.php\/wp-json\/wp\/v2\/product"}],"about":[{"href":"https:\/\/roveyayinevi.com.tr\/index.php\/wp-json\/wp\/v2\/types\/product"}],"wp:attachment":[{"href":"https:\/\/roveyayinevi.com.tr\/index.php\/wp-json\/wp\/v2\/media?parent=723831"}],"wp:term":[{"taxonomy":"product_brand","embeddable":true,"href":"https:\/\/roveyayinevi.com.tr\/index.php\/wp-json\/wp\/v2\/product_brand?post=723831"},{"taxonomy":"product_cat","embeddable":true,"href":"https:\/\/roveyayinevi.com.tr\/index.php\/wp-json\/wp\/v2\/product_cat?post=723831"},{"taxonomy":"product_tag","embeddable":true,"href":"https:\/\/roveyayinevi.com.tr\/index.php\/wp-json\/wp\/v2\/product_tag?post=723831"}],"curies":[{"name":"wp","href":"https:\/\/api.w.org\/{rel}","templated":true}]}}