{"id":723830,"date":"2025-08-27T19:25:56","date_gmt":"2025-08-27T16:25:56","guid":{"rendered":"https:\/\/roveyayinevi.com.tr\/index.php\/urun\/cumhuriyetin-sonbahari\/"},"modified":"2026-04-16T02:31:49","modified_gmt":"2026-04-15T23:31:49","slug":"cumhuriyetin-sonbahari","status":"publish","type":"product","link":"https:\/\/roveyayinevi.com.tr\/index.php\/urun\/cumhuriyetin-sonbahari\/","title":{"rendered":"Cumhuriyet&#8217;in Sonbahar\u0131"},"content":{"rendered":"<p>\u201cEmekli Tu\u011fgeneral Naim Bab\u00fcro\u011flu\u2019nun yeni bir kitab\u0131 \u00e7\u0131kt\u0131. Okuman\u0131z\u0131 \u00f6neririm. \u2018Beni Hat\u0131rlay\u0131n\u0131z.\u2019 Cumhuriyet\u2019in Sonbahar\u0131. Ara ba\u015fl\u0131klardan biri \u015f\u00f6yle: \u2018FE*T\u00d6 s\u0131zmad\u0131, gizlenmedi, \u015f\u0131mart\u0131larak tercih edildi.\u2019 \u00c7ok do\u011fru bir tespit. Cemaat, b\u00fct\u00fcn kurumlara b\u00f6yle dald\u0131. Cemaat i\u015fini gizlice de\u011fil a\u00e7\u0131ktan yap\u0131yordu. Dolay\u0131s\u0131yla emekli Tu\u011fgeneral Naim Bab\u00fcro\u011flu\u2019nun yukar\u0131da de\u011findi\u011fim tan\u0131m\u0131 \u00e7ok do\u011frudur ve aynen \u00f6yledir: \u2018FE*T\u00d6 s\u0131zmad\u0131, gizlenmedi, \u015f\u0131mart\u0131larak tercih edildi.\u2019\u201d  Emin \u00c7\u00f6la\u015fan   1960\u2019larda, \u201cHo\u015f geli\u015fler ola Mustafa Kemal Pa\u015fa\u2026\u201d mar\u015f\u0131n\u0131 co\u015fku dolu tertemiz duygularla s\u00f6ylerdik milli bayramlarda. Bayramlara; \u00f6\u011fretmenler titizlikle haz\u0131rlan\u0131r, \u00f6\u011frenci olarak bizlerin heyecan\u0131 doruklara \u00e7\u0131kard\u0131. 2016\u2019ya gelindi\u011finde, Cumhuriyet Ordusu, kendi i\u00e7indeki i\u015fbirlik\u00e7ilerin deste\u011fi ile tasfiye edildi. 15 Temmuz 2016 Darbe Giri\u015fimi ile 2.225 y\u0131ll\u0131k k\u00f6kl\u00fc bir tarihe sahip TSK\u2019n\u0131n itibar\u0131 yerle bir edildi. Emekli Tu\u011fgeneral Naim Bab\u00fcro\u011flu,  Atat\u00fcrk\u2019e ve Cumhuriyet\u2019e yap\u0131lan ihanete, TSK i\u00e7inde tan\u0131k bir asker. Cumhuriyet Ordusu\u2019nun tasfiye s\u00fcrecini, Cumhuriyet\u2019in sonbahar\u0131n\u0131 belgelerle g\u00f6zler \u00f6n\u00fcne serdi\u011fi kitab\u0131nda, kimi zaman \u015fa\u015fk\u0131nl\u0131k, kimi zaman h\u00fcz\u00fcn var. Ama hepimizi umuda g\u00f6t\u00fcren bir de son\u2026 O da Atat\u00fcrk\u2019\u00fcn \u00fczerini \u00e7izdi\u011fi s\u00f6zlerde gizli: \u201cBeni hat\u0131rlay\u0131n\u0131z\u2026\u201d <\/p>\n","protected":false},"excerpt":{"rendered":"<p>\u201cEmekli Tu\u011fgeneral Naim Bab\u00fcro\u011flu\u2019nun yeni bir kitab\u0131 \u00e7\u0131kt\u0131. Okuman\u0131z\u0131 \u00f6neririm. \u2018Beni Hat\u0131rlay\u0131n\u0131z.\u2019 Cumhuriyet\u2019in Sonbahar\u0131. Ara ba\u015fl\u0131klardan biri \u015f\u00f6yle: \u2018FE*T\u00d6 s\u0131zmad\u0131, gizlenmedi, \u015f\u0131mart\u0131larak tercih edildi.\u2019 \u00c7ok do\u011fru<span class=\"excerpt-hellip\"> [\u2026]<\/span><\/p>\n","protected":false},"featured_media":0,"template":"","meta":{"_monsterinsights_skip_tracking":false,"_monsterinsights_sitenote_active":false,"_monsterinsights_sitenote_note":"","_monsterinsights_sitenote_category":0},"product_brand":[],"product_cat":[12304,13493],"product_tag":[],"class_list":{"0":"post-723830","1":"product","2":"type-product","3":"status-publish","5":"product_cat-tarih","6":"product_cat-turkiye-ve-cumhuriyet-tarihi","7":"pa_cilt-ciltsiz","8":"pa_tur-kitap","9":"pa_yayinevi-inkilap-kitabevi","10":"pa_yazar-naim-baburoglu","12":"first","13":"instock","14":"sale","15":"shipping-taxable","16":"purchasable","17":"product-type-simple"},"_links":{"self":[{"href":"https:\/\/roveyayinevi.com.tr\/index.php\/wp-json\/wp\/v2\/product\/723830","targetHints":{"allow":["GET"]}}],"collection":[{"href":"https:\/\/roveyayinevi.com.tr\/index.php\/wp-json\/wp\/v2\/product"}],"about":[{"href":"https:\/\/roveyayinevi.com.tr\/index.php\/wp-json\/wp\/v2\/types\/product"}],"wp:attachment":[{"href":"https:\/\/roveyayinevi.com.tr\/index.php\/wp-json\/wp\/v2\/media?parent=723830"}],"wp:term":[{"taxonomy":"product_brand","embeddable":true,"href":"https:\/\/roveyayinevi.com.tr\/index.php\/wp-json\/wp\/v2\/product_brand?post=723830"},{"taxonomy":"product_cat","embeddable":true,"href":"https:\/\/roveyayinevi.com.tr\/index.php\/wp-json\/wp\/v2\/product_cat?post=723830"},{"taxonomy":"product_tag","embeddable":true,"href":"https:\/\/roveyayinevi.com.tr\/index.php\/wp-json\/wp\/v2\/product_tag?post=723830"}],"curies":[{"name":"wp","href":"https:\/\/api.w.org\/{rel}","templated":true}]}}