{"id":723828,"date":"2025-08-27T19:25:00","date_gmt":"2025-08-27T16:25:00","guid":{"rendered":"https:\/\/roveyayinevi.com.tr\/index.php\/urun\/seksen-gunde-devrialem-4\/"},"modified":"2026-04-16T02:31:49","modified_gmt":"2026-04-15T23:31:49","slug":"seksen-gunde-devrialem-4","status":"publish","type":"product","link":"https:\/\/roveyayinevi.com.tr\/index.php\/urun\/seksen-gunde-devrialem-4\/","title":{"rendered":"Seksen G\u00fcnde Devrialem"},"content":{"rendered":"<p>Phileas Fogg, gazetede d\u00fcnyay\u0131 seksen g\u00fcnde dola\u015fman\u0131n m\u00fcmk\u00fcn oldu\u011funu okudu\u011funda arkada\u015flar\u0131 ona kahkahalarla g\u00fcler. Ama o bunu ba\u015farmay\u0131 kafas\u0131na koyar ve seksen g\u00fcnl\u00fck macera dolu yolculu\u011fu b\u00f6ylece ba\u015flam\u0131\u015f olur. Uzman isimlerce sadele\u015ftirilip yay\u0131na haz\u0131rlanan ve her biri usta \u00e7izerler taraf\u0131ndan resimlenen klasik dizi kitaplar\u0131 minik kitapseverleri hi\u00e7 eskimeyen klasiklerle tan\u0131\u015ft\u0131r\u0131yor. <\/p>\n","protected":false},"excerpt":{"rendered":"<p>Phileas Fogg, gazetede d\u00fcnyay\u0131 seksen g\u00fcnde dola\u015fman\u0131n m\u00fcmk\u00fcn oldu\u011funu okudu\u011funda arkada\u015flar\u0131 ona kahkahalarla g\u00fcler. Ama o bunu ba\u015farmay\u0131 kafas\u0131na koyar ve seksen g\u00fcnl\u00fck macera dolu yolculu\u011fu<span class=\"excerpt-hellip\"> [\u2026]<\/span><\/p>\n","protected":false},"featured_media":0,"template":"","meta":{"_monsterinsights_skip_tracking":false,"_monsterinsights_sitenote_active":false,"_monsterinsights_sitenote_note":"","_monsterinsights_sitenote_category":0},"product_brand":[],"product_cat":[12274,12467],"product_tag":[],"class_list":{"0":"post-723828","1":"product","2":"type-product","3":"status-publish","5":"product_cat-cocuk-ve-genclik-kitaplari","6":"product_cat-dunya-klasikleri","7":"pa_cilt-ciltsiz","8":"pa_tur-kitap","9":"pa_yayinevi-ucan-at","10":"pa_yazar-jules-verne","12":"first","13":"instock","14":"sale","15":"shipping-taxable","16":"purchasable","17":"product-type-simple"},"_links":{"self":[{"href":"https:\/\/roveyayinevi.com.tr\/index.php\/wp-json\/wp\/v2\/product\/723828","targetHints":{"allow":["GET"]}}],"collection":[{"href":"https:\/\/roveyayinevi.com.tr\/index.php\/wp-json\/wp\/v2\/product"}],"about":[{"href":"https:\/\/roveyayinevi.com.tr\/index.php\/wp-json\/wp\/v2\/types\/product"}],"wp:attachment":[{"href":"https:\/\/roveyayinevi.com.tr\/index.php\/wp-json\/wp\/v2\/media?parent=723828"}],"wp:term":[{"taxonomy":"product_brand","embeddable":true,"href":"https:\/\/roveyayinevi.com.tr\/index.php\/wp-json\/wp\/v2\/product_brand?post=723828"},{"taxonomy":"product_cat","embeddable":true,"href":"https:\/\/roveyayinevi.com.tr\/index.php\/wp-json\/wp\/v2\/product_cat?post=723828"},{"taxonomy":"product_tag","embeddable":true,"href":"https:\/\/roveyayinevi.com.tr\/index.php\/wp-json\/wp\/v2\/product_tag?post=723828"}],"curies":[{"name":"wp","href":"https:\/\/api.w.org\/{rel}","templated":true}]}}