{"id":723826,"date":"2025-08-27T19:24:58","date_gmt":"2025-08-27T16:24:58","guid":{"rendered":"https:\/\/roveyayinevi.com.tr\/index.php\/urun\/tibbi-cay-receteleri\/"},"modified":"2026-04-16T02:31:49","modified_gmt":"2026-04-15T23:31:49","slug":"tibbi-cay-receteleri","status":"publish","type":"product","link":"https:\/\/roveyayinevi.com.tr\/index.php\/urun\/tibbi-cay-receteleri\/","title":{"rendered":"T\u0131bbi \u00c7ay Re\u00e7eteleri"},"content":{"rendered":"<p>T\u0131bbi \u00c7ay Kar\u0131\u015f\u0131mlar\u0131n\u0131n Haz\u0131rlan\u0131\u015f\u0131, Etkileri, Yan Etkileri,\u0130la\u00e7 Etkile\u015fimleri, Raf \u00d6mr\u00fc ve Saklama Ko\u015fullar\u0131\u2026Bir bitki \u00e7ay\u0131, ancak do\u011fru bitkiyle, do\u011fru bitki k\u0131sm\u0131 (drog) kullan\u0131larak ve do\u011fru y\u00f6ntemuygulanarak haz\u0131rlan\u0131rsa \u201ct\u0131bbi \u00e7ay\u201d niteli\u011fi ta\u015f\u0131r ve o oranda fayda sa\u011flar. Kar\u0131\u015f\u0131ma hangibitkilerin, hangi oranda konabilece\u011fi, yasa stat\u00fcs\u00fcnde olan Farmakopelere g\u00f6re belirlenir. Modaolmu\u015f ya da harc\u0131\u00e2lem re\u00e7eteler kulland\u0131\u011f\u0131n\u0131zda beklenen fayday\u0131 sa\u011flayamayaca\u011f\u0131n\u0131z gibi, zarar zarar g\u00f6rmeniz de m\u00fcmk\u00fcnd\u00fcr. Prof. Dr. L. \u00d6m\u00fcr Demirezer bu kitapta Avrupa Farmakopesi direktiflerine uygun, bo\u015falt\u0131m, dola\u015f\u0131m, hareket ve destek, sindirim, sinir, solunum, \u00fcreme sistemi \u015fik\u00e2yetlerinde, ayr\u0131ca cilt ve g\u00f6z rahats\u0131zl\u0131klar\u0131nda kullanabilece\u011finiz tam 200 re\u00e7ete ve bu re\u00e7etelerin inf\u00fczyon, maserasyon, dekoksiyon y\u00f6ntemleriyle nas\u0131l haz\u0131rlanaca\u011f\u0131 bilgisini bizlerle payla\u015f\u0131yor. Re\u00e7etelerin endikasyonlar\u0131, kontrendikasyonlar\u0131, yan etkileri, ila\u00e7larla etkile\u015fmeleri ve di\u011fer bir\u00e7ok \u00f6nemli uyar\u0131yla birlikte&#8230; T\u0131bbi \u00c7ay Re\u00e7eteleri kendinin ve yak\u0131nlar\u0131n\u0131n sa\u011fl\u0131\u011f\u0131na de\u011fer veren titiz okurlar\u0131m\u0131z\u0131n elinin alt\u0131ndan ay\u0131rmayaca\u011f\u0131 bir kitap\u2026<\/p>\n","protected":false},"excerpt":{"rendered":"<p>T\u0131bbi \u00c7ay Kar\u0131\u015f\u0131mlar\u0131n\u0131n Haz\u0131rlan\u0131\u015f\u0131, Etkileri, Yan Etkileri,\u0130la\u00e7 Etkile\u015fimleri, Raf \u00d6mr\u00fc ve Saklama Ko\u015fullar\u0131\u2026Bir bitki \u00e7ay\u0131, ancak do\u011fru bitkiyle, do\u011fru bitki k\u0131sm\u0131 (drog) kullan\u0131larak ve do\u011fru y\u00f6ntemuygulanarak<span class=\"excerpt-hellip\"> [\u2026]<\/span><\/p>\n","protected":false},"featured_media":0,"template":"","meta":{"_monsterinsights_skip_tracking":false,"_monsterinsights_sitenote_active":false,"_monsterinsights_sitenote_note":"","_monsterinsights_sitenote_category":0},"product_brand":[],"product_cat":[13397,13365],"product_tag":[],"class_list":{"0":"post-723826","1":"product","2":"type-product","3":"status-publish","5":"product_cat-alternatif-tip-sifali-bitkiler","6":"product_cat-saglik","7":"pa_cilt-ciltsiz","8":"pa_tur-kitap","9":"pa_yayinevi-hayykitap","10":"pa_yazar-l-omur-demirezer","12":"first","13":"instock","14":"sale","15":"shipping-taxable","16":"purchasable","17":"product-type-simple"},"_links":{"self":[{"href":"https:\/\/roveyayinevi.com.tr\/index.php\/wp-json\/wp\/v2\/product\/723826","targetHints":{"allow":["GET"]}}],"collection":[{"href":"https:\/\/roveyayinevi.com.tr\/index.php\/wp-json\/wp\/v2\/product"}],"about":[{"href":"https:\/\/roveyayinevi.com.tr\/index.php\/wp-json\/wp\/v2\/types\/product"}],"wp:attachment":[{"href":"https:\/\/roveyayinevi.com.tr\/index.php\/wp-json\/wp\/v2\/media?parent=723826"}],"wp:term":[{"taxonomy":"product_brand","embeddable":true,"href":"https:\/\/roveyayinevi.com.tr\/index.php\/wp-json\/wp\/v2\/product_brand?post=723826"},{"taxonomy":"product_cat","embeddable":true,"href":"https:\/\/roveyayinevi.com.tr\/index.php\/wp-json\/wp\/v2\/product_cat?post=723826"},{"taxonomy":"product_tag","embeddable":true,"href":"https:\/\/roveyayinevi.com.tr\/index.php\/wp-json\/wp\/v2\/product_tag?post=723826"}],"curies":[{"name":"wp","href":"https:\/\/api.w.org\/{rel}","templated":true}]}}