{"id":723825,"date":"2025-08-27T19:24:57","date_gmt":"2025-08-27T16:24:57","guid":{"rendered":"https:\/\/roveyayinevi.com.tr\/index.php\/urun\/bir-maymun-ve-pasta-macerasi-bu-kutunun-icinde-ne-var\/"},"modified":"2026-04-16T02:31:49","modified_gmt":"2026-04-15T23:31:49","slug":"bir-maymun-ve-pasta-macerasi-bu-kutunun-icinde-ne-var","status":"publish","type":"product","link":"https:\/\/roveyayinevi.com.tr\/index.php\/urun\/bir-maymun-ve-pasta-macerasi-bu-kutunun-icinde-ne-var\/","title":{"rendered":"Bir Maymun ve Pasta Maceras\u0131 &#8211; Bu Kutunun \u0130\u00e7inde Ne Var?"},"content":{"rendered":"<p>Hey sen, k\u00fc\u00e7\u00fck okur! \u0130\u00e7ini g\u00f6remedi\u011fin bir kutuda kedi oldu\u011funa inan\u0131r m\u0131yd\u0131n? Peki ya bir dinozor? Haydi gel, seni Maymun ve Pasta ile tan\u0131\u015ft\u0131ral\u0131m. Hem biraz \u015fa\u015fk\u0131nlar hem de fazlas\u0131yla merakl\u0131.  Zor sorular sormaya bay\u0131l\u0131yorlar. S\u0131ra cevaplamaya geldi\u011finde bazen anla\u015famasalar da onlar  birbirlerinin en yak\u0131n arkada\u015f\u0131. Maymun ve Pasta gizemli bir kutuyla kar\u015f\u0131 kar\u015f\u0131ya. \u0130\u00e7inde ne mi var?   Gel, birlikte \u00f6\u011frenelim. Bu Kitab\u0131n Ortas\u0131nda Ne Var?, e\u011flenceli bir hik\u00e2ye e\u015fli\u011finde \u00e7ocuklar\u0131n soyut somut alg\u0131s\u0131n\u0131 geli\u015ftirebilecek bir kitap.<\/p>\n","protected":false},"excerpt":{"rendered":"<p>Hey sen, k\u00fc\u00e7\u00fck okur! \u0130\u00e7ini g\u00f6remedi\u011fin bir kutuda kedi oldu\u011funa inan\u0131r m\u0131yd\u0131n? Peki ya bir dinozor? Haydi gel, seni Maymun ve Pasta ile tan\u0131\u015ft\u0131ral\u0131m. Hem biraz<span class=\"excerpt-hellip\"> [\u2026]<\/span><\/p>\n","protected":false},"featured_media":0,"template":"","meta":{"_monsterinsights_skip_tracking":false,"_monsterinsights_sitenote_active":false,"_monsterinsights_sitenote_note":"","_monsterinsights_sitenote_category":0},"product_brand":[],"product_cat":[12274,15842],"product_tag":[],"class_list":{"0":"post-723825","1":"product","2":"type-product","3":"status-publish","5":"product_cat-cocuk-ve-genclik-kitaplari","6":"product_cat-egitici-kitaplar","7":"pa_cilt-ciltsiz","8":"pa_tur-kitap","9":"pa_yayinevi-domingo-yayinevi","10":"pa_yazar-drew-daywalt","12":"first","13":"instock","14":"sale","15":"shipping-taxable","16":"purchasable","17":"product-type-simple"},"_links":{"self":[{"href":"https:\/\/roveyayinevi.com.tr\/index.php\/wp-json\/wp\/v2\/product\/723825","targetHints":{"allow":["GET"]}}],"collection":[{"href":"https:\/\/roveyayinevi.com.tr\/index.php\/wp-json\/wp\/v2\/product"}],"about":[{"href":"https:\/\/roveyayinevi.com.tr\/index.php\/wp-json\/wp\/v2\/types\/product"}],"wp:attachment":[{"href":"https:\/\/roveyayinevi.com.tr\/index.php\/wp-json\/wp\/v2\/media?parent=723825"}],"wp:term":[{"taxonomy":"product_brand","embeddable":true,"href":"https:\/\/roveyayinevi.com.tr\/index.php\/wp-json\/wp\/v2\/product_brand?post=723825"},{"taxonomy":"product_cat","embeddable":true,"href":"https:\/\/roveyayinevi.com.tr\/index.php\/wp-json\/wp\/v2\/product_cat?post=723825"},{"taxonomy":"product_tag","embeddable":true,"href":"https:\/\/roveyayinevi.com.tr\/index.php\/wp-json\/wp\/v2\/product_tag?post=723825"}],"curies":[{"name":"wp","href":"https:\/\/api.w.org\/{rel}","templated":true}]}}