{"id":723824,"date":"2025-08-27T19:24:57","date_gmt":"2025-08-27T16:24:57","guid":{"rendered":"https:\/\/roveyayinevi.com.tr\/index.php\/urun\/harem-5\/"},"modified":"2026-04-16T02:31:49","modified_gmt":"2026-04-15T23:31:49","slug":"harem-5","status":"publish","type":"product","link":"https:\/\/roveyayinevi.com.tr\/index.php\/urun\/harem-5\/","title":{"rendered":"Harem"},"content":{"rendered":"<p>Harem, \u00d6mer Seyfeddin\u2019in 20. Y\u00fczy\u0131l\u0131n ilk \u00e7eyre\u011finde Osmanl\u0131 toplum hayat\u0131n\u0131 yans\u0131tan hik\u00e2yelerinden birisidir. Geleneklerine ba\u011fl\u0131 Sermed Bey ile Frans\u0131z terbiyesinde yeti\u015fmi\u015f Nazan Han\u0131m\u2019\u0131n aras\u0131nda ge\u00e7enler bir anlamda Do\u011fu-Bat\u0131 \u00e7eki\u015fmesinin izd\u00fc\u015f\u00fcm\u00fc gibidir. Harem, Bat\u0131l\u0131lar\u0131n g\u00f6z\u00fcnde Do\u011fu\u2019nun sembol\u00fcd\u00fcr. Sermed Bey\u2019e g\u00f6re ise bir \u201cmukaddes\u201d. <\/p>\n","protected":false},"excerpt":{"rendered":"<p>Harem, \u00d6mer Seyfeddin\u2019in 20. Y\u00fczy\u0131l\u0131n ilk \u00e7eyre\u011finde Osmanl\u0131 toplum hayat\u0131n\u0131 yans\u0131tan hik\u00e2yelerinden birisidir. Geleneklerine ba\u011fl\u0131 Sermed Bey ile Frans\u0131z terbiyesinde yeti\u015fmi\u015f Nazan Han\u0131m\u2019\u0131n aras\u0131nda ge\u00e7enler bir<span class=\"excerpt-hellip\"> [\u2026]<\/span><\/p>\n","protected":false},"featured_media":0,"template":"","meta":{"_monsterinsights_skip_tracking":false,"_monsterinsights_sitenote_active":false,"_monsterinsights_sitenote_note":"","_monsterinsights_sitenote_category":0},"product_brand":[],"product_cat":[12291,12711],"product_tag":[],"class_list":{"0":"post-723824","1":"product","2":"type-product","3":"status-publish","5":"product_cat-edebiyat","6":"product_cat-roman-oyku","7":"pa_cilt-ciltsiz","8":"pa_tur-kitap","9":"pa_yayinevi-altinordu-yayinlari","10":"pa_yazar-omer-seyfettin","12":"first","13":"instock","14":"sale","15":"shipping-taxable","16":"purchasable","17":"product-type-simple"},"_links":{"self":[{"href":"https:\/\/roveyayinevi.com.tr\/index.php\/wp-json\/wp\/v2\/product\/723824","targetHints":{"allow":["GET"]}}],"collection":[{"href":"https:\/\/roveyayinevi.com.tr\/index.php\/wp-json\/wp\/v2\/product"}],"about":[{"href":"https:\/\/roveyayinevi.com.tr\/index.php\/wp-json\/wp\/v2\/types\/product"}],"wp:attachment":[{"href":"https:\/\/roveyayinevi.com.tr\/index.php\/wp-json\/wp\/v2\/media?parent=723824"}],"wp:term":[{"taxonomy":"product_brand","embeddable":true,"href":"https:\/\/roveyayinevi.com.tr\/index.php\/wp-json\/wp\/v2\/product_brand?post=723824"},{"taxonomy":"product_cat","embeddable":true,"href":"https:\/\/roveyayinevi.com.tr\/index.php\/wp-json\/wp\/v2\/product_cat?post=723824"},{"taxonomy":"product_tag","embeddable":true,"href":"https:\/\/roveyayinevi.com.tr\/index.php\/wp-json\/wp\/v2\/product_tag?post=723824"}],"curies":[{"name":"wp","href":"https:\/\/api.w.org\/{rel}","templated":true}]}}