{"id":723822,"date":"2025-08-27T19:24:55","date_gmt":"2025-08-27T16:24:55","guid":{"rendered":"https:\/\/roveyayinevi.com.tr\/index.php\/urun\/cirpinan-kalpler\/"},"modified":"2026-04-03T02:38:12","modified_gmt":"2026-04-02T23:38:12","slug":"cirpinan-kalpler","status":"publish","type":"product","link":"https:\/\/roveyayinevi.com.tr\/index.php\/urun\/cirpinan-kalpler\/","title":{"rendered":"\u00c7\u0131rp\u0131nan Kalpler"},"content":{"rendered":"<p>&#8211; Eksik olan sevgidir, dedi. Sevgi evrenin mayas\u0131. Varl\u0131\u011fa sebep. Sevgi \u0131\u015f\u0131k. Sevgi canl\u0131l\u0131k. Evren sevgi ile ayakta durmaktad\u0131r. Bir \u00e7i\u00e7ek, bir kelebek, bir kuzu, bir deniz, bir \u00e7ocuk, bir meyve, biri da\u011f ne g\u00fczel yarat\u0131lm\u0131\u015flar. Hepsi de sevimli. Evreni seviyoruz. Tabiat\u0131 seviyoruz. D\u00fcnyay\u0131, insanlar\u0131, dostlar\u0131m\u0131z\u0131, herkesi sevmeliyiz. Sevgi kalbin g\u0131das\u0131, mutluluk kayna\u011f\u0131d\u0131r. Kalp ne nispette yarat\u0131c\u0131s\u0131na sevgiyle dopdolu olur, ba\u015fkalar\u0131n\u0131 onun ad\u0131na severse insan o nispette mutlu olur. Allah&#8217;a sonsuz sevgi besleyelim, onun ad\u0131na insanlar\u0131 sevelim. O sevgiyle insan daima insanlar\u0131n yard\u0131m\u0131na ko\u015far. O sevgiyle g\u00fc\u00e7l\u00fckler yenilir. \u0130\u015flerin \u00fcstesinden gelinir. O sevgiyle canl\u0131 cans\u0131z t\u00fcm yarat\u0131klar\u0131 sever. O sevgiyle g\u00fc\u00e7l\u00fckler yenilir. O sevgiyle insan hayata ba\u011flan\u0131r. Yerinde kullan\u0131lan sevgi insan\u0131 ba\u015far\u0131ya ula\u015ft\u0131r\u0131r. Nerede bulunursak bulunal\u0131m sevgi ile ya\u015fayal\u0131m. Sevgiyle davranal\u0131m. Sevelim, sevilelim. Nilg\u00fcn yava\u015f\u00e7a m\u0131r\u0131ldand\u0131: &#8211; Sevgi. Sevgi. <\/p>\n","protected":false},"excerpt":{"rendered":"<p>&#8211; Eksik olan sevgidir, dedi. Sevgi evrenin mayas\u0131. Varl\u0131\u011fa sebep. Sevgi \u0131\u015f\u0131k. Sevgi canl\u0131l\u0131k. Evren sevgi ile ayakta durmaktad\u0131r. Bir \u00e7i\u00e7ek, bir kelebek, bir kuzu, bir<span class=\"excerpt-hellip\"> [\u2026]<\/span><\/p>\n","protected":false},"featured_media":0,"template":"","meta":{"_monsterinsights_skip_tracking":false,"_monsterinsights_sitenote_active":false,"_monsterinsights_sitenote_note":"","_monsterinsights_sitenote_category":0},"product_brand":[],"product_cat":[12291,12711],"product_tag":[],"class_list":{"0":"post-723822","1":"product","2":"type-product","3":"status-publish","5":"product_cat-edebiyat","6":"product_cat-roman-oyku","7":"pa_cilt-ciltsiz","8":"pa_tur-kitap","9":"pa_yayinevi-us-yayinlari","10":"pa_yazar-ayse-serap-sahiner","12":"first","13":"instock","14":"sale","15":"shipping-taxable","16":"purchasable","17":"product-type-simple"},"_links":{"self":[{"href":"https:\/\/roveyayinevi.com.tr\/index.php\/wp-json\/wp\/v2\/product\/723822","targetHints":{"allow":["GET"]}}],"collection":[{"href":"https:\/\/roveyayinevi.com.tr\/index.php\/wp-json\/wp\/v2\/product"}],"about":[{"href":"https:\/\/roveyayinevi.com.tr\/index.php\/wp-json\/wp\/v2\/types\/product"}],"wp:attachment":[{"href":"https:\/\/roveyayinevi.com.tr\/index.php\/wp-json\/wp\/v2\/media?parent=723822"}],"wp:term":[{"taxonomy":"product_brand","embeddable":true,"href":"https:\/\/roveyayinevi.com.tr\/index.php\/wp-json\/wp\/v2\/product_brand?post=723822"},{"taxonomy":"product_cat","embeddable":true,"href":"https:\/\/roveyayinevi.com.tr\/index.php\/wp-json\/wp\/v2\/product_cat?post=723822"},{"taxonomy":"product_tag","embeddable":true,"href":"https:\/\/roveyayinevi.com.tr\/index.php\/wp-json\/wp\/v2\/product_tag?post=723822"}],"curies":[{"name":"wp","href":"https:\/\/api.w.org\/{rel}","templated":true}]}}