{"id":723821,"date":"2025-08-27T19:24:54","date_gmt":"2025-08-27T16:24:54","guid":{"rendered":"https:\/\/roveyayinevi.com.tr\/index.php\/urun\/siyasi-istihbarat-yontem-ve-uygulama\/"},"modified":"2026-04-16T02:31:49","modified_gmt":"2026-04-15T23:31:49","slug":"siyasi-istihbarat-yontem-ve-uygulama","status":"publish","type":"product","link":"https:\/\/roveyayinevi.com.tr\/index.php\/urun\/siyasi-istihbarat-yontem-ve-uygulama\/","title":{"rendered":"Siyasi \u0130stihbarat (Y\u00f6ntem ve Uygulama)"},"content":{"rendered":"<p>G\u00fcn\u00fcm\u00fczde bir amaca ula\u015fmak i\u00e7in kuvvet kullanma anlay\u0131\u015f\u0131, so\u011fuk sava\u015f veya politik sava\u015f olarak adland\u0131r\u0131lan d\u00f6nemin akabinde etkisini kaybederek son bulmu\u015ftur. Art\u0131k zihinlerin, enformasyon bombard\u0131man\u0131 alt\u0131nda ac\u0131mas\u0131zca ezildi\u011fi, s\u0131n\u0131rs\u0131z bir \u015fekilde payla\u015f\u0131lan bilginin dola\u015f\u0131m h\u0131z\u0131 kar\u015f\u0131s\u0131nda, devletlerin savunmas\u0131z kalarak acze d\u00fc\u015ft\u00fc\u011f\u00fc, bir vak\u0131ad\u0131r. Enformasyon sava\u015f\u0131n\u0131n h\u00fck\u00fcm s\u00fcrd\u00fc\u011f\u00fc bu d\u00f6nemde, h\u0131zla yay\u0131lan ve g\u00fcvenilir olmayan bu bilgi karma\u015fas\u0131nda analiz sistemlerinin nitelikli bir \u015fekilde g\u00f6revini yerine getirmesi zorunluluktur. Devletlerin bilgiyi multidisipliner a\u00e7\u0131dan inceleyerek g\u00fcvenilirli\u011fini kontrol eden yap\u0131lanmalar\u0131n\u0131n ba\u015f\u0131nda ise istihbarat \u00fcniteleri gelmektedir. Dolay\u0131s\u0131yla \u00fclkelerin kar\u015f\u0131la\u015ft\u0131klar\u0131 zorlu s\u00fcre\u00e7leri do\u011fru y\u00f6netebilmesi analitik ve stratejik nitelikte \u00fcretilmi\u015f istihbarat ve istihbarat analizleri sayesinde ger\u00e7ekle\u015ftirilebilmektedir.<\/p>\n","protected":false},"excerpt":{"rendered":"<p>G\u00fcn\u00fcm\u00fczde bir amaca ula\u015fmak i\u00e7in kuvvet kullanma anlay\u0131\u015f\u0131, so\u011fuk sava\u015f veya politik sava\u015f olarak adland\u0131r\u0131lan d\u00f6nemin akabinde etkisini kaybederek son bulmu\u015ftur. Art\u0131k zihinlerin, enformasyon bombard\u0131man\u0131 alt\u0131nda<span class=\"excerpt-hellip\"> [\u2026]<\/span><\/p>\n","protected":false},"featured_media":0,"template":"","meta":{"_monsterinsights_skip_tracking":false,"_monsterinsights_sitenote_active":false,"_monsterinsights_sitenote_note":"","_monsterinsights_sitenote_category":0},"product_brand":[],"product_cat":[13059,12337],"product_tag":[],"class_list":{"0":"post-723821","1":"product","2":"type-product","3":"status-publish","5":"product_cat-diger-politika-siyaset","6":"product_cat-politika-siyaset","7":"pa_cilt-ciltsiz","8":"pa_tur-kitap","9":"pa_yayinevi-gazi-kitabevi","10":"pa_yazar-seckin-akoz","12":"first","13":"instock","14":"sale","15":"shipping-taxable","16":"purchasable","17":"product-type-simple"},"_links":{"self":[{"href":"https:\/\/roveyayinevi.com.tr\/index.php\/wp-json\/wp\/v2\/product\/723821","targetHints":{"allow":["GET"]}}],"collection":[{"href":"https:\/\/roveyayinevi.com.tr\/index.php\/wp-json\/wp\/v2\/product"}],"about":[{"href":"https:\/\/roveyayinevi.com.tr\/index.php\/wp-json\/wp\/v2\/types\/product"}],"wp:attachment":[{"href":"https:\/\/roveyayinevi.com.tr\/index.php\/wp-json\/wp\/v2\/media?parent=723821"}],"wp:term":[{"taxonomy":"product_brand","embeddable":true,"href":"https:\/\/roveyayinevi.com.tr\/index.php\/wp-json\/wp\/v2\/product_brand?post=723821"},{"taxonomy":"product_cat","embeddable":true,"href":"https:\/\/roveyayinevi.com.tr\/index.php\/wp-json\/wp\/v2\/product_cat?post=723821"},{"taxonomy":"product_tag","embeddable":true,"href":"https:\/\/roveyayinevi.com.tr\/index.php\/wp-json\/wp\/v2\/product_tag?post=723821"}],"curies":[{"name":"wp","href":"https:\/\/api.w.org\/{rel}","templated":true}]}}