{"id":723820,"date":"2025-08-27T19:24:53","date_gmt":"2025-08-27T16:24:53","guid":{"rendered":"https:\/\/roveyayinevi.com.tr\/index.php\/urun\/anilar-belgeler-3\/"},"modified":"2026-04-16T02:31:49","modified_gmt":"2026-04-15T23:31:49","slug":"anilar-belgeler-3","status":"publish","type":"product","link":"https:\/\/roveyayinevi.com.tr\/index.php\/urun\/anilar-belgeler-3\/","title":{"rendered":"An\u0131lar Belgeler &#8211; 3"},"content":{"rendered":"<p>ANILAR BELGELER, .C\u0130LT 3 An\u0131lar\u0131n birinci ve ikinci ciltleri 1987 y\u0131l\u0131na kadar olan d\u00f6nemi kapsamaktayd\u0131. 3. Cilt ise 1988-1994 y\u0131llar\u0131n\u0131 kapsamaktad\u0131r. Kemal Burkay\u2019\u0131n An\u0131lar\u0131; hayat \u00f6yk\u00fcs\u00fcn\u00fcn yan\u0131 s\u0131ra d\u00f6nemin bir dizi i\u00e7 ve d\u0131\u015f olaylar\u0131na da \u0131\u015f\u0131k tutmaktad\u0131r.   Kitaptan al\u0131nt\u0131lar; Avustralya bitki \u00f6rt\u00fcs\u00fc, iklimi, kendisine \u00f6zg\u00fc hayvan t\u00fcrleri (\u00f6rne\u011fin Kuala ay\u0131s\u0131, kanguru ve yaban k\u00f6pe\u011fi olan dingo) ve yerlileriyle son derece ilgin\u00e7 bir \u00fclkedir. * * * O g\u00fcnlerde b\u00fcy\u00fck bir kavgay\u0131 yitiren, darbe \u00fcst\u00fcne darbe yiyen insanlar gibiydik. D\u00fcnya \u00f6l\u00e7\u00fcs\u00fcnde kar\u015f\u0131 devrim aya\u011fa kalkm\u0131\u015f ve biz geriliyorduk. Yine de ki\u015fi olarak umudumu yitirmedim ve Parti olarak da yitirmedik. Bunun tarihsel olarak ge\u00e7ici oldu\u011funun bilincindeydik. R\u00fczg\u00e2r\u0131n y\u00f6n\u00fc yeniden bizden yana d\u00f6necekti ve gelecek sosyalizmindi. * * * K\u00fcrtler bak\u0131m\u0131ndan Mart ay\u0131ndaki zafer, Nisan ay\u0131nda yenilgiye d\u00f6n\u00fc\u015ft\u00fc. Yine kimyasal silah ve kitlesel bir k\u0131y\u0131m korkusuyla, bu kez kentleri de bo\u015falt\u0131p s\u0131n\u0131rlara y\u00f6neldiler. Daha \u00f6nceki g\u00f6\u00e7leri de \u00e7ok geride b\u0131rakan bir trajedi ya\u015fand\u0131. Y\u00fczbinlerce insan, h\u00e2l\u00e2 sert k\u0131\u015f ko\u015fullar\u0131n\u0131n ya\u015fand\u0131\u011f\u0131 da\u011flarda peri\u015fan oldular, \u00e7ok ac\u0131 \u00e7ektiler, epeyce can kayb\u0131 verdiler. * * * Benim Deng\u00e9 Komkar&#8217;a bir hayli eme\u011fim ge\u00e7mi\u015fti. Riya Azadi&#8217;ye ise y\u0131llar\u0131m\u0131 vermi\u015ftim. Bu nedenle her iki yay\u0131na da anlatmas\u0131 g\u00fc\u00e7, buruk bir duyguyla veda ettik. \u0130nsan\u0131n sevdi\u011fi bir yerden, sevdi\u011fi bir ki\u015fiden, bir daha g\u00f6r\u00fc\u015fmemek \u00fczere ayr\u0131lmas\u0131 gibi&#8230; Her \u015fey gibi yay\u0131nlar\u0131n, hatta \u00f6rg\u00fctlerin de bir \u00f6mr\u00fc var. Onlar i\u015flevlerini yap\u0131nca ge\u00e7er giderler. Kiminden g\u00fc\u00e7l\u00fc izler kal\u0131r, kiminden ise, bir zaman sonra iz bile kalmaz. * * *.. Yol boyu; do\u011fa, k\u00f6yler, da\u011flar ve anlat\u0131lan \u00f6yk\u00fcler, her \u015fey bizim i\u00e7in \u00e7ok ilgin\u00e7ti. \u0130ki pe\u015fmerge y\u0131k\u0131nt\u0131 halindeki k\u00f6ylerini g\u00f6steriyorlard\u0131. Y\u0131k\u0131nt\u0131lar\u0131n aras\u0131nda, kerpi\u00e7 ve ta\u015fla yap\u0131lan, me\u015fe dallar\u0131yla \u00f6rt\u00fclen tek t\u00fck yeni evler belirmeye ba\u015flam\u0131\u015ft\u0131&#8230; Yol boyunca pirin\u00e7 tarlalar\u0131nda \u00e7al\u0131\u015fan kad\u0131nl\u0131-erkekli insanlar g\u00f6r\u00fcyorduk. Ya\u015fam ba\u015flam\u0131\u015ft\u0131&#8230; * * * Amediye de Revanduz gibi, bir tepenin \u00fcst\u00fcne kurulu, d\u00f6rt bir yan\u0131 do\u011fal, dik bir duvar gibi u\u00e7urumlarla \u00e7evrilmi\u015f tarihi bir kent. \u00c7evresi yal\u00e7\u0131n da\u011flarla \u00e7evrili, Garey, Metinan ve \u00f6tekiler.. Da\u011flar\u0131n yama\u00e7lar\u0131ndan sular f\u0131\u015fk\u0131r\u0131yor. Vadiler yemye\u015fil, ba\u011flar- bah\u00e7eler i\u00e7inde.   <\/p>\n","protected":false},"excerpt":{"rendered":"<p>ANILAR BELGELER, .C\u0130LT 3 An\u0131lar\u0131n birinci ve ikinci ciltleri 1987 y\u0131l\u0131na kadar olan d\u00f6nemi kapsamaktayd\u0131. 3. Cilt ise 1988-1994 y\u0131llar\u0131n\u0131 kapsamaktad\u0131r. Kemal Burkay\u2019\u0131n An\u0131lar\u0131; hayat \u00f6yk\u00fcs\u00fcn\u00fcn<span class=\"excerpt-hellip\"> [\u2026]<\/span><\/p>\n","protected":false},"featured_media":0,"template":"","meta":{"_monsterinsights_skip_tracking":false,"_monsterinsights_sitenote_active":false,"_monsterinsights_sitenote_note":"","_monsterinsights_sitenote_category":0},"product_brand":[],"product_cat":[13701,12291],"product_tag":[],"class_list":{"0":"post-723820","1":"product","2":"type-product","3":"status-publish","5":"product_cat-ani-mektup-gunluk","6":"product_cat-edebiyat","7":"pa_cilt-ciltli","8":"pa_tur-kitap20","9":"pa_yayinevi-ozgurluk-yolu-vakfi-yayinlari","10":"pa_yazar-kemal-burkay","12":"first","13":"instock","14":"sale","15":"shipping-taxable","16":"purchasable","17":"product-type-simple"},"_links":{"self":[{"href":"https:\/\/roveyayinevi.com.tr\/index.php\/wp-json\/wp\/v2\/product\/723820","targetHints":{"allow":["GET"]}}],"collection":[{"href":"https:\/\/roveyayinevi.com.tr\/index.php\/wp-json\/wp\/v2\/product"}],"about":[{"href":"https:\/\/roveyayinevi.com.tr\/index.php\/wp-json\/wp\/v2\/types\/product"}],"wp:attachment":[{"href":"https:\/\/roveyayinevi.com.tr\/index.php\/wp-json\/wp\/v2\/media?parent=723820"}],"wp:term":[{"taxonomy":"product_brand","embeddable":true,"href":"https:\/\/roveyayinevi.com.tr\/index.php\/wp-json\/wp\/v2\/product_brand?post=723820"},{"taxonomy":"product_cat","embeddable":true,"href":"https:\/\/roveyayinevi.com.tr\/index.php\/wp-json\/wp\/v2\/product_cat?post=723820"},{"taxonomy":"product_tag","embeddable":true,"href":"https:\/\/roveyayinevi.com.tr\/index.php\/wp-json\/wp\/v2\/product_tag?post=723820"}],"curies":[{"name":"wp","href":"https:\/\/api.w.org\/{rel}","templated":true}]}}