{"id":723815,"date":"2025-08-27T19:24:49","date_gmt":"2025-08-27T16:24:49","guid":{"rendered":"https:\/\/roveyayinevi.com.tr\/index.php\/urun\/canberk-ve-dev-ahtapot\/"},"modified":"2026-04-13T02:38:49","modified_gmt":"2026-04-12T23:38:49","slug":"canberk-ve-dev-ahtapot","status":"publish","type":"product","link":"https:\/\/roveyayinevi.com.tr\/index.php\/urun\/canberk-ve-dev-ahtapot\/","title":{"rendered":"Canberk ve Dev Ahtapot"},"content":{"rendered":"<p>Ben Canberk.Ben h\u0131zl\u0131y\u0131m.G\u00fc\u00e7l\u00fcy\u00fcm.Ben cesurum.Ama bazen korktu\u011fumu hissediyorum.Canberk babas\u0131yla bir araba yolculu\u011funa \u00e7\u0131k\u0131yor. Sevimli k\u00f6pek dostu ile birlikte cesur bir k\u00f6pekbal\u0131\u011f\u0131 oldu\u011funu hayal edip  \u00e7ok e\u011fleniyor. Ama dev ahtapot aniden ortaya \u00e7\u0131k\u0131p babas\u0131n\u0131n arabas\u0131n\u0131 yumurta gibi k\u0131rmaya \u00e7al\u0131\u015ft\u0131\u011f\u0131nda o kadar da cesur hissetmiyor\u2026Elbette dev ahtapot g\u00f6r\u00fcnd\u00fc\u011f\u00fc gibi de\u011fil. O sadece Canberk\u2019e olduk\u00e7a korkun\u00e7 g\u00f6r\u00fcnen bir araba y\u0131kama makinesi. Bu durum Canberk\u2019i \u00e7ok korkutuyor. Acaba Canberk cesaretini toplamay\u0131 ba\u015farabilecek mi?Duygular\u0131m ve Ben\u00c7ocuklar duygular\u0131n\u0131 anlama ve aktarmada zorluk ya\u015fayabilirler. Canberk hayal g\u00fcc\u00fcn\u00fcn ve sevimli kurmaca karakterlerin yard\u0131m\u0131yla, minik okurlar\u0131n kendi duygusal tepkilerini e\u011flenceli bir \u015fekilde tan\u0131y\u0131p y\u00f6netmeleri i\u00e7in yard\u0131m eli uzat\u0131yor.<\/p>\n","protected":false},"excerpt":{"rendered":"<p>Ben Canberk.Ben h\u0131zl\u0131y\u0131m.G\u00fc\u00e7l\u00fcy\u00fcm.Ben cesurum.Ama bazen korktu\u011fumu hissediyorum.Canberk babas\u0131yla bir araba yolculu\u011funa \u00e7\u0131k\u0131yor. Sevimli k\u00f6pek dostu ile birlikte cesur bir k\u00f6pekbal\u0131\u011f\u0131 oldu\u011funu hayal edip \u00e7ok e\u011fleniyor. Ama<span class=\"excerpt-hellip\"> [\u2026]<\/span><\/p>\n","protected":false},"featured_media":0,"template":"","meta":{"_monsterinsights_skip_tracking":false,"_monsterinsights_sitenote_active":false,"_monsterinsights_sitenote_note":"","_monsterinsights_sitenote_category":0},"product_brand":[],"product_cat":[12274,12284],"product_tag":[],"class_list":{"0":"post-723815","1":"product","2":"type-product","3":"status-publish","5":"product_cat-cocuk-ve-genclik-kitaplari","6":"product_cat-hikayeler","7":"pa_cilt-ciltsiz","8":"pa_tur-kitap","9":"pa_yayinevi-marti-cocuk-yayinlari","10":"pa_yazar-ana-crespo","12":"first","13":"instock","14":"sale","15":"shipping-taxable","16":"purchasable","17":"product-type-simple"},"_links":{"self":[{"href":"https:\/\/roveyayinevi.com.tr\/index.php\/wp-json\/wp\/v2\/product\/723815","targetHints":{"allow":["GET"]}}],"collection":[{"href":"https:\/\/roveyayinevi.com.tr\/index.php\/wp-json\/wp\/v2\/product"}],"about":[{"href":"https:\/\/roveyayinevi.com.tr\/index.php\/wp-json\/wp\/v2\/types\/product"}],"wp:attachment":[{"href":"https:\/\/roveyayinevi.com.tr\/index.php\/wp-json\/wp\/v2\/media?parent=723815"}],"wp:term":[{"taxonomy":"product_brand","embeddable":true,"href":"https:\/\/roveyayinevi.com.tr\/index.php\/wp-json\/wp\/v2\/product_brand?post=723815"},{"taxonomy":"product_cat","embeddable":true,"href":"https:\/\/roveyayinevi.com.tr\/index.php\/wp-json\/wp\/v2\/product_cat?post=723815"},{"taxonomy":"product_tag","embeddable":true,"href":"https:\/\/roveyayinevi.com.tr\/index.php\/wp-json\/wp\/v2\/product_tag?post=723815"}],"curies":[{"name":"wp","href":"https:\/\/api.w.org\/{rel}","templated":true}]}}