{"id":723814,"date":"2025-08-27T19:24:48","date_gmt":"2025-08-27T16:24:48","guid":{"rendered":"https:\/\/roveyayinevi.com.tr\/index.php\/urun\/canberk-ve-kokusmus-canavar\/"},"modified":"2026-04-13T02:38:49","modified_gmt":"2026-04-12T23:38:49","slug":"canberk-ve-kokusmus-canavar","status":"publish","type":"product","link":"https:\/\/roveyayinevi.com.tr\/index.php\/urun\/canberk-ve-kokusmus-canavar\/","title":{"rendered":"Canberk ve Koku\u015fmu\u015f Canavar"},"content":{"rendered":"<p>Ben Canberk.Ben d\u00fc\u015f\u00fcnceliyim.Yard\u0131mseverim.Ben sevgi doluyum.Ama bazen k\u0131skand\u0131\u011f\u0131m\u0131 hissediyorum.Canberk, b\u00fcy\u00fckannesini ziyaret etmeye haz\u0131rlan\u0131yor. Onunla oyunlar oynamak i\u00e7in sab\u0131rs\u0131zlan\u0131yor. Ama b\u00fcy\u00fckannesinin evine vard\u0131\u011f\u0131nda pis kokulu bir canavar\u0131n b\u00fcy\u00fckannesinin t\u00fcm zaman\u0131n\u0131 \u00e7ald\u0131\u011f\u0131n\u0131 g\u00f6r\u00fcyor!Elbette pis kokulu canavar ger\u00e7ek bir canavar de\u011fil. O, b\u00fcy\u00fckannesinin ilgisine ihtiyac\u0131 olan yeni do\u011fmu\u015f bebek kuzeni. Bu durum Canberk\u2019in k\u0131skanm\u0131\u015f hissetmesine sebep oluyor. Canberk b\u00fcy\u00fckannesini bebek kuzeniyle payla\u015fman\u0131n bir yolunu bulabilecek mi?Duygular\u0131m ve Ben\u00c7ocuklar duygular\u0131n\u0131 anlama ve aktarmada zorluk ya\u015fayabilirler. Canberk hayal g\u00fcc\u00fcn\u00fcn ve sevimli kurmaca karakterlerin yard\u0131m\u0131yla, minik okurlar\u0131n kendi duygusal tepkilerini e\u011flenceli bir \u015fekilde tan\u0131y\u0131p y\u00f6netmeleri i\u00e7in yard\u0131m eli uzat\u0131yor.<\/p>\n","protected":false},"excerpt":{"rendered":"<p>Ben Canberk.Ben d\u00fc\u015f\u00fcnceliyim.Yard\u0131mseverim.Ben sevgi doluyum.Ama bazen k\u0131skand\u0131\u011f\u0131m\u0131 hissediyorum.Canberk, b\u00fcy\u00fckannesini ziyaret etmeye haz\u0131rlan\u0131yor. Onunla oyunlar oynamak i\u00e7in sab\u0131rs\u0131zlan\u0131yor. Ama b\u00fcy\u00fckannesinin evine vard\u0131\u011f\u0131nda pis kokulu bir canavar\u0131n b\u00fcy\u00fckannesinin<span class=\"excerpt-hellip\"> [\u2026]<\/span><\/p>\n","protected":false},"featured_media":0,"template":"","meta":{"_monsterinsights_skip_tracking":false,"_monsterinsights_sitenote_active":false,"_monsterinsights_sitenote_note":"","_monsterinsights_sitenote_category":0},"product_brand":[],"product_cat":[12274,12284],"product_tag":[],"class_list":{"0":"post-723814","1":"product","2":"type-product","3":"status-publish","5":"product_cat-cocuk-ve-genclik-kitaplari","6":"product_cat-hikayeler","7":"pa_cilt-ciltsiz","8":"pa_tur-kitap","9":"pa_yayinevi-marti-cocuk-yayinlari","10":"pa_yazar-ana-crespo","12":"first","13":"instock","14":"sale","15":"shipping-taxable","16":"purchasable","17":"product-type-simple"},"_links":{"self":[{"href":"https:\/\/roveyayinevi.com.tr\/index.php\/wp-json\/wp\/v2\/product\/723814","targetHints":{"allow":["GET"]}}],"collection":[{"href":"https:\/\/roveyayinevi.com.tr\/index.php\/wp-json\/wp\/v2\/product"}],"about":[{"href":"https:\/\/roveyayinevi.com.tr\/index.php\/wp-json\/wp\/v2\/types\/product"}],"wp:attachment":[{"href":"https:\/\/roveyayinevi.com.tr\/index.php\/wp-json\/wp\/v2\/media?parent=723814"}],"wp:term":[{"taxonomy":"product_brand","embeddable":true,"href":"https:\/\/roveyayinevi.com.tr\/index.php\/wp-json\/wp\/v2\/product_brand?post=723814"},{"taxonomy":"product_cat","embeddable":true,"href":"https:\/\/roveyayinevi.com.tr\/index.php\/wp-json\/wp\/v2\/product_cat?post=723814"},{"taxonomy":"product_tag","embeddable":true,"href":"https:\/\/roveyayinevi.com.tr\/index.php\/wp-json\/wp\/v2\/product_tag?post=723814"}],"curies":[{"name":"wp","href":"https:\/\/api.w.org\/{rel}","templated":true}]}}