{"id":723812,"date":"2025-08-27T19:24:47","date_gmt":"2025-08-27T16:24:47","guid":{"rendered":"https:\/\/roveyayinevi.com.tr\/index.php\/urun\/canberk-ve-benekli-uzaylilar\/"},"modified":"2026-02-26T02:42:32","modified_gmt":"2026-02-25T23:42:32","slug":"canberk-ve-benekli-uzaylilar","status":"publish","type":"product","link":"https:\/\/roveyayinevi.com.tr\/index.php\/urun\/canberk-ve-benekli-uzaylilar\/","title":{"rendered":"Canberk ve Benekli Uzayl\u0131lar"},"content":{"rendered":"<p>Ben Canberk.Ben oyuncuyum.Komi\u011fim.E\u011flenceliyim.Ama bazen \u00f6fkelendi\u011fimi hissediyorum.Canberk parkta oyun oynayarak \u00e7ok keyifli bir g\u00fcn ge\u00e7iriyor. Uzay gemisiyle uzay\u0131n derinliklerini ke\u015ffe \u00e7\u0131km\u0131\u015f bir maymun oldu\u011funu hayal ediyor. Ama benekli uzayl\u0131lar\u0131n ortaya \u00e7\u0131kmas\u0131yla b\u00fct\u00fcn keyfi ka\u00e7\u0131yor\u2026Benekli uzayl\u0131lar elbette ger\u00e7ek uzayl\u0131 de\u011filler. Asl\u0131nda onlar Canberk\u2019in uzay gemisi maceras\u0131n\u0131 \u015f\u0131k bir \u00e7ay partisine \u00e7evirmek isteyen ikiz k\u0131z karde\u015fler. Bu durum Canberk\u2019i \u00e7ok k\u0131zd\u0131r\u0131yor. Acaba Canberk tekrar e\u011flenmenin bir yolunu bulabilecek mi?Duygular\u0131m ve Ben\u00c7ocuklar duygular\u0131n\u0131 anlama ve aktarmada zorluk ya\u015fayabilirler. Canberk hayal g\u00fcc\u00fcn\u00fcn ve sevimli kurmaca karakterlerin yard\u0131m\u0131yla, minik okurlar\u0131n kendi duygusal tepkilerini e\u011flenceli bir \u015fekilde tan\u0131y\u0131p y\u00f6netmeleri i\u00e7in yard\u0131m eli uzat\u0131yor.<\/p>\n","protected":false},"excerpt":{"rendered":"<p>Ben Canberk.Ben oyuncuyum.Komi\u011fim.E\u011flenceliyim.Ama bazen \u00f6fkelendi\u011fimi hissediyorum.Canberk parkta oyun oynayarak \u00e7ok keyifli bir g\u00fcn ge\u00e7iriyor. Uzay gemisiyle uzay\u0131n derinliklerini ke\u015ffe \u00e7\u0131km\u0131\u015f bir maymun oldu\u011funu hayal ediyor. Ama<span class=\"excerpt-hellip\"> [\u2026]<\/span><\/p>\n","protected":false},"featured_media":0,"template":"","meta":{"_monsterinsights_skip_tracking":false,"_monsterinsights_sitenote_active":false,"_monsterinsights_sitenote_note":"","_monsterinsights_sitenote_category":0},"product_brand":[],"product_cat":[12274,12284],"product_tag":[],"class_list":{"0":"post-723812","1":"product","2":"type-product","3":"status-publish","5":"product_cat-cocuk-ve-genclik-kitaplari","6":"product_cat-hikayeler","7":"pa_cilt-ciltsiz","8":"pa_tur-kitap","9":"pa_yayinevi-marti-cocuk-yayinlari","10":"pa_yazar-ana-crespo","12":"first","13":"instock","14":"sale","15":"shipping-taxable","16":"purchasable","17":"product-type-simple"},"_links":{"self":[{"href":"https:\/\/roveyayinevi.com.tr\/index.php\/wp-json\/wp\/v2\/product\/723812","targetHints":{"allow":["GET"]}}],"collection":[{"href":"https:\/\/roveyayinevi.com.tr\/index.php\/wp-json\/wp\/v2\/product"}],"about":[{"href":"https:\/\/roveyayinevi.com.tr\/index.php\/wp-json\/wp\/v2\/types\/product"}],"wp:attachment":[{"href":"https:\/\/roveyayinevi.com.tr\/index.php\/wp-json\/wp\/v2\/media?parent=723812"}],"wp:term":[{"taxonomy":"product_brand","embeddable":true,"href":"https:\/\/roveyayinevi.com.tr\/index.php\/wp-json\/wp\/v2\/product_brand?post=723812"},{"taxonomy":"product_cat","embeddable":true,"href":"https:\/\/roveyayinevi.com.tr\/index.php\/wp-json\/wp\/v2\/product_cat?post=723812"},{"taxonomy":"product_tag","embeddable":true,"href":"https:\/\/roveyayinevi.com.tr\/index.php\/wp-json\/wp\/v2\/product_tag?post=723812"}],"curies":[{"name":"wp","href":"https:\/\/api.w.org\/{rel}","templated":true}]}}