{"id":723806,"date":"2025-08-27T19:24:42","date_gmt":"2025-08-27T16:24:42","guid":{"rendered":"https:\/\/roveyayinevi.com.tr\/index.php\/urun\/hachiko-sahibini-bekleyen-kopek-ciltli\/"},"modified":"2026-04-16T02:31:49","modified_gmt":"2026-04-15T23:31:49","slug":"hachiko-sahibini-bekleyen-kopek-ciltli","status":"publish","type":"product","link":"https:\/\/roveyayinevi.com.tr\/index.php\/urun\/hachiko-sahibini-bekleyen-kopek-ciltli\/","title":{"rendered":"Hachiko &#8211; Sahibini Bekleyen K\u00f6pek (Ciltli)"},"content":{"rendered":"<p>Tokyo \u00dcniversitesi profes\u00f6rlerinden Eisaburo Ueno, evine ald\u0131\u011f\u0131 k\u00fc\u00e7\u00fck bir Akita cinsi k\u00f6pek olan Hachiko ile ilgilenir, onunla \u00f6zel bir dostluk kurar. Birbirlerini \u00e7ok severler. Her sabah profes\u00f6re tren istasyonuna kadar e\u015flik eden Hachiko, her ak\u015fam ayn\u0131 saatte onu istasyondan al\u0131r ve birlikte eve d\u00f6nerler. Fakat bir g\u00fcn profes\u00f6r geri d\u00f6nemez\u2026T\u00fcm d\u00fcnyay\u0131 sar\u0131p sarmalayan ger\u00e7ek olaylar\u0131 konu alan, duygu y\u00fckl\u00fc bir roman.Kitap \u0130spanya\u2019da Josep M. Floch i Torres \u00d6d\u00fcl\u00fc ald\u0131.Hachiko\u2019nun ya\u015fam \u00f6yk\u00fcs\u00fc bu kitapta, Polonyal\u0131 sanat\u00e7\u0131 Zuzanna Celej\u2019in yarat\u0131c\u0131 sulu boya \u00e7izimleriyle hayat buldu.Saliha Nil\u00fcfer\u2019in \u00f6zenli \u00e7evirisiyle Katalancadan T\u00fcrk\u00e7eye \u00e7evrildi.<\/p>\n","protected":false},"excerpt":{"rendered":"<p>Tokyo \u00dcniversitesi profes\u00f6rlerinden Eisaburo Ueno, evine ald\u0131\u011f\u0131 k\u00fc\u00e7\u00fck bir Akita cinsi k\u00f6pek olan Hachiko ile ilgilenir, onunla \u00f6zel bir dostluk kurar. Birbirlerini \u00e7ok severler. Her sabah<span class=\"excerpt-hellip\"> [\u2026]<\/span><\/p>\n","protected":false},"featured_media":0,"template":"","meta":{"_monsterinsights_skip_tracking":false,"_monsterinsights_sitenote_active":false,"_monsterinsights_sitenote_note":"","_monsterinsights_sitenote_category":0},"product_brand":[],"product_cat":[12274,12284],"product_tag":[],"class_list":{"0":"post-723806","1":"product","2":"type-product","3":"status-publish","5":"product_cat-cocuk-ve-genclik-kitaplari","6":"product_cat-hikayeler","7":"pa_cilt-ciltli","8":"pa_tur-kitap","9":"pa_yayinevi-beyaz-balina-yayinlari","10":"pa_yazar-luis-prats-martinez","12":"first","13":"instock","14":"sale","15":"shipping-taxable","16":"purchasable","17":"product-type-simple"},"_links":{"self":[{"href":"https:\/\/roveyayinevi.com.tr\/index.php\/wp-json\/wp\/v2\/product\/723806","targetHints":{"allow":["GET"]}}],"collection":[{"href":"https:\/\/roveyayinevi.com.tr\/index.php\/wp-json\/wp\/v2\/product"}],"about":[{"href":"https:\/\/roveyayinevi.com.tr\/index.php\/wp-json\/wp\/v2\/types\/product"}],"wp:attachment":[{"href":"https:\/\/roveyayinevi.com.tr\/index.php\/wp-json\/wp\/v2\/media?parent=723806"}],"wp:term":[{"taxonomy":"product_brand","embeddable":true,"href":"https:\/\/roveyayinevi.com.tr\/index.php\/wp-json\/wp\/v2\/product_brand?post=723806"},{"taxonomy":"product_cat","embeddable":true,"href":"https:\/\/roveyayinevi.com.tr\/index.php\/wp-json\/wp\/v2\/product_cat?post=723806"},{"taxonomy":"product_tag","embeddable":true,"href":"https:\/\/roveyayinevi.com.tr\/index.php\/wp-json\/wp\/v2\/product_tag?post=723806"}],"curies":[{"name":"wp","href":"https:\/\/api.w.org\/{rel}","templated":true}]}}