{"id":723805,"date":"2025-08-27T19:24:41","date_gmt":"2025-08-27T16:24:41","guid":{"rendered":"https:\/\/roveyayinevi.com.tr\/index.php\/urun\/okul-oncesi-donemde-butunlestirilmis-fen-ve-doga-etkinlikleri-1\/"},"modified":"2026-04-16T02:31:49","modified_gmt":"2026-04-15T23:31:49","slug":"okul-oncesi-donemde-butunlestirilmis-fen-ve-doga-etkinlikleri-1","status":"publish","type":"product","link":"https:\/\/roveyayinevi.com.tr\/index.php\/urun\/okul-oncesi-donemde-butunlestirilmis-fen-ve-doga-etkinlikleri-1\/","title":{"rendered":"Okul \u00d6ncesi D\u00f6nemde B\u00fct\u00fcnle\u015ftirilmi\u015f Fen ve Do\u011fa Etkinlikleri 1"},"content":{"rendered":"<p>Okul \u00f6ncesi fen etkinlikleri e\u011fitimi g\u00f6ren lise \u00f6\u011frencileri, \u00f6\u011fretmen adaylar\u0131 ve okul \u00f6ncesinde g\u00f6rev yapan \u00f6\u011fretmenlerin kaynak olarak kullanabilece\u011fi di\u011fer etkinliklerle b\u00fct\u00fcnle\u015ftirilmi\u015f fen etkinliklerine duyulan ihtiya\u00e7 sonucu bu eser ortaya \u00e7\u0131km\u0131\u015ft\u0131r. Fen etkinlikleri ile k\u00fc\u00e7\u00fck \u00e7ocuklar\u0131m\u0131zda merak uyand\u0131rarak onlar\u0131n problem \u00e7\u00f6zme, etkili d\u00fc\u015f\u00fcnme bi\u00e7imlerini, do\u011faya bak\u0131\u015f a\u00e7\u0131lar\u0131n\u0131 ve ilgilerini geni\u015fleterek hayata kar\u015f\u0131 tav\u0131rlar\u0131nda de\u011fi\u015fiklik meydana getirmeyi ama\u00e7l\u0131yoruz. Fizik, kimya, biyoloji, yer ve g\u00f6k bilimi, do\u011fa \u00e7al\u0131\u015fmalar\u0131 ile her bir fen etkinli\u011finde hayata ve ger\u00e7e\u011fe yeni bir soru soran, ke\u015ffetmeye hevesli, ara\u015ft\u0131r\u0131c\u0131, inceleyen, g\u00f6zlem yapan, tahmin y\u00fcr\u00fcten, sonuca ula\u015fan \u00e7ocuklar yeti\u015ftirmek gayretimizdir. Bu gaye ile \u00e7ocu\u011fun ya\u015f\u0131na, ilgisine y\u00f6nelik fen etkinlikleri arac\u0131l\u0131\u011f\u0131yla onlar\u0131n oyun yoluyla fen ve matematik temelini olu\u015fturmay\u0131 hedefliyoruz. Okul \u00f6ncesinde fen etkinlikleri verilirken \u00f6nemli olan, bu \u00e7al\u0131\u015fmalar\u0131n di\u011fer etkinliklerden farkl\u0131 bir ders gibi d\u00fc\u015f\u00fcn\u00fclmemesi ve g\u00fcnl\u00fck planda yer alan t\u00fcm etkinliklerin i\u00e7ine yay\u0131larak \u00f6\u011frenmeler aras\u0131nda b\u00fct\u00fcnl\u00fck olu\u015fturmas\u0131d\u0131r. Bu sebeple kitab\u0131m\u0131zda oyun, drama, hik\u00e2ye, m\u00fczik, sanat ve okuma yazmaya haz\u0131rl\u0131k etkinlikleriyle b\u00fct\u00fcnle\u015ftirilmi\u015f fen etkinlik \u00f6rneklerine yer verilmi\u015ftir. Etkinlik \u00f6rnekleri, ayn\u0131 tema \u00fczerinden se\u00e7im yapma \u015fans\u0131 sunacak \u015fekilde zengin \u00e7al\u0131\u015f\u0131lm\u0131\u015f olup, her bir etkinlikte engel gruplar\u0131n\u0131n her birine g\u00f6re uyarlama \u00e7al\u0131\u015fmalar\u0131 haz\u0131rlanm\u0131\u015ft\u0131r. Yar\u0131 ve tam zamanl\u0131 \u00e7al\u0131\u015fmaya ve ya\u015f gruplar\u0131n\u0131n haz\u0131r bulunu\u015fluklar\u0131na uygun d\u00fczenlemeler yap\u0131labilecek \u00e7e\u015fitliliktedir. Ayr\u0131ca \u00f6zg\u00fcn materyal \u00f6rnekleri mevcuttur.<\/p>\n","protected":false},"excerpt":{"rendered":"<p>Okul \u00f6ncesi fen etkinlikleri e\u011fitimi g\u00f6ren lise \u00f6\u011frencileri, \u00f6\u011fretmen adaylar\u0131 ve okul \u00f6ncesinde g\u00f6rev yapan \u00f6\u011fretmenlerin kaynak olarak kullanabilece\u011fi di\u011fer etkinliklerle b\u00fct\u00fcnle\u015ftirilmi\u015f fen etkinliklerine duyulan ihtiya\u00e7<span class=\"excerpt-hellip\"> [\u2026]<\/span><\/p>\n","protected":false},"featured_media":0,"template":"","meta":{"_monsterinsights_skip_tracking":false,"_monsterinsights_sitenote_active":false,"_monsterinsights_sitenote_note":"","_monsterinsights_sitenote_category":0},"product_brand":[],"product_cat":[12573,12566],"product_tag":[],"class_list":{"0":"post-723805","1":"product","2":"type-product","3":"status-publish","5":"product_cat-akademik-kitaplar","6":"product_cat-egitim","7":"pa_cilt-ciltsiz","8":"pa_tur-kitap","9":"pa_yayinevi-ani-yayincilik","10":"pa_yazar-mehtap-ucuncu-murat-okur","12":"first","13":"instock","14":"sale","15":"shipping-taxable","16":"purchasable","17":"product-type-simple"},"_links":{"self":[{"href":"https:\/\/roveyayinevi.com.tr\/index.php\/wp-json\/wp\/v2\/product\/723805","targetHints":{"allow":["GET"]}}],"collection":[{"href":"https:\/\/roveyayinevi.com.tr\/index.php\/wp-json\/wp\/v2\/product"}],"about":[{"href":"https:\/\/roveyayinevi.com.tr\/index.php\/wp-json\/wp\/v2\/types\/product"}],"wp:attachment":[{"href":"https:\/\/roveyayinevi.com.tr\/index.php\/wp-json\/wp\/v2\/media?parent=723805"}],"wp:term":[{"taxonomy":"product_brand","embeddable":true,"href":"https:\/\/roveyayinevi.com.tr\/index.php\/wp-json\/wp\/v2\/product_brand?post=723805"},{"taxonomy":"product_cat","embeddable":true,"href":"https:\/\/roveyayinevi.com.tr\/index.php\/wp-json\/wp\/v2\/product_cat?post=723805"},{"taxonomy":"product_tag","embeddable":true,"href":"https:\/\/roveyayinevi.com.tr\/index.php\/wp-json\/wp\/v2\/product_tag?post=723805"}],"curies":[{"name":"wp","href":"https:\/\/api.w.org\/{rel}","templated":true}]}}