{"id":723801,"date":"2025-08-27T19:24:39","date_gmt":"2025-08-27T16:24:39","guid":{"rendered":"https:\/\/roveyayinevi.com.tr\/index.php\/urun\/finans-alaninda-spesifik-konular\/"},"modified":"2026-04-16T02:31:49","modified_gmt":"2026-04-15T23:31:49","slug":"finans-alaninda-spesifik-konular","status":"publish","type":"product","link":"https:\/\/roveyayinevi.com.tr\/index.php\/urun\/finans-alaninda-spesifik-konular\/","title":{"rendered":"Finans Alan\u0131nda Spesifik Konular"},"content":{"rendered":"<p>\u0130\u00e7indekiler 1.       Devlet Yat\u0131r\u0131m Ve Te\u015fviklerinin K\u00fc\u00e7\u00fck Ve Orta B\u00fcy\u00fckl\u00fckteki \u0130\u015fletmelerin Performans\u0131na Etkileri : Osmaniye \u0130li \u00d6zelinde Bir \u0130nceleme 2.      Firmalar\u0131 Finansal Y\u00f6netim Performans\u0131 Ve Karl\u0131l\u0131k \u0130le Etkile\u015fimi : Panel Ardl Yakla\u015f\u0131m\u0131yla Borsa \u0130stanbul\u2019da Bir Uygulama 3.      Finanlsa Oranlar\u0131n \u0130\u015fletmelerin Performanslar\u0131na Etkilerinin Vza Y\u00f6ntemiyle \u00d6l\u00e7\u00fclmesi : Bist \u00c7imento Sekt\u00f6r\u00fcnde Bir Uygulama 4.      Mevduat Ve Kat\u0131l\u0131m Bankalar\u0131n\u0131n Performans Analizi : Camels Analizine Dayal\u0131 Bir Uygulama 5.      \u00c7ok Kriterli Karar Verme Teknikleriyle Finansal Performans Analizi : Borsa \u0130stanbul\u2019da Bir Uygulama 6.      Kredi Temerr\u00fct Takas\u0131 (Cds Primi) \u0130le Borsa Kapan\u0131\u015f Endeksi Aras\u0131ndaki \u0130li\u015fki : T\u00fcrkiye \u0130le Brezilya Kar\u015f\u0131la\u015ft\u0131rmas\u0131 7.      Holding Firmalar\u0131n De\u011ferlemesi : Borsa \u0130stanbul\u2019da Bir Uygulama 8.      Konut Fiyatlar\u0131n\u0131n Gayrimenkul Sekt\u00f6r\u00fc Ve Menkul K\u0131ymet Piyasalar\u0131 \u00dczerindeki Etkisi : Borsa \u0130stanbul \u00d6rne\u011fi 9.      B\u00fcy\u00fck Veri \u0130le Gelen De\u011fi\u015fim : Finans Sekt\u00f6r\u00fcnde Yapay Zeka 10.  \u0130slami Sermaye Piyasalar\u0131 11.  Risk Sermayesi Ve T\u00fcrkiye\u2019deki Giri\u015fim Sermayesi Yat\u0131r\u0131m Ortakl\u0131klar\u0131 12.  De\u011fi\u015fen Ekonomik Sistemin Bir Par\u00e7as\u0131 Olarak Entelekt\u00fcel Sermaye 13.  End\u00fcstri 4.0 Ve Finansman 14.  Finansal \u0130stikrar Ve Para Politikas\u0131 15.  Rasyonalite Ba\u011flam\u0131nda Karar Verme S\u00fcre\u00e7lerinde Davran\u0131\u015fsal Finans\u0131n Gelece\u011fi <\/p>\n","protected":false},"excerpt":{"rendered":"<p>\u0130\u00e7indekiler 1. Devlet Yat\u0131r\u0131m Ve Te\u015fviklerinin K\u00fc\u00e7\u00fck Ve Orta B\u00fcy\u00fckl\u00fckteki \u0130\u015fletmelerin Performans\u0131na Etkileri : Osmaniye \u0130li \u00d6zelinde Bir \u0130nceleme 2. Firmalar\u0131 Finansal Y\u00f6netim Performans\u0131 Ve Karl\u0131l\u0131k<span class=\"excerpt-hellip\"> [\u2026]<\/span><\/p>\n","protected":false},"featured_media":0,"template":"","meta":{"_monsterinsights_skip_tracking":false,"_monsterinsights_sitenote_active":false,"_monsterinsights_sitenote_note":"","_monsterinsights_sitenote_category":0},"product_brand":[],"product_cat":[17249,13043],"product_tag":[],"class_list":{"0":"post-723801","1":"product","2":"type-product","3":"status-publish","5":"product_cat-borsa-finans","6":"product_cat-ekonomi","7":"pa_cilt-ciltsiz","8":"pa_tur-kitap","9":"pa_yayinevi-gazi-kitabevi","10":"pa_yazar-unal-gulhan-aliriza-ag","12":"first","13":"instock","14":"sale","15":"shipping-taxable","16":"purchasable","17":"product-type-simple"},"_links":{"self":[{"href":"https:\/\/roveyayinevi.com.tr\/index.php\/wp-json\/wp\/v2\/product\/723801","targetHints":{"allow":["GET"]}}],"collection":[{"href":"https:\/\/roveyayinevi.com.tr\/index.php\/wp-json\/wp\/v2\/product"}],"about":[{"href":"https:\/\/roveyayinevi.com.tr\/index.php\/wp-json\/wp\/v2\/types\/product"}],"wp:attachment":[{"href":"https:\/\/roveyayinevi.com.tr\/index.php\/wp-json\/wp\/v2\/media?parent=723801"}],"wp:term":[{"taxonomy":"product_brand","embeddable":true,"href":"https:\/\/roveyayinevi.com.tr\/index.php\/wp-json\/wp\/v2\/product_brand?post=723801"},{"taxonomy":"product_cat","embeddable":true,"href":"https:\/\/roveyayinevi.com.tr\/index.php\/wp-json\/wp\/v2\/product_cat?post=723801"},{"taxonomy":"product_tag","embeddable":true,"href":"https:\/\/roveyayinevi.com.tr\/index.php\/wp-json\/wp\/v2\/product_tag?post=723801"}],"curies":[{"name":"wp","href":"https:\/\/api.w.org\/{rel}","templated":true}]}}