{"id":723799,"date":"2025-08-27T19:24:37","date_gmt":"2025-08-27T16:24:37","guid":{"rendered":"https:\/\/roveyayinevi.com.tr\/index.php\/urun\/cool-degil-kul-evlat\/"},"modified":"2026-04-16T02:31:49","modified_gmt":"2026-04-15T23:31:49","slug":"cool-degil-kul-evlat","status":"publish","type":"product","link":"https:\/\/roveyayinevi.com.tr\/index.php\/urun\/cool-degil-kul-evlat\/","title":{"rendered":"Cool De\u011fil Kul Evlat"},"content":{"rendered":"<p>Gayemiz hay\u0131rl\u0131 bir nesil yeti\u015ftirmek.\u00c7ocuklar\u0131m\u0131z\u0131n ger\u00e7ek sahibi de\u011filiz. Onlar\u0131n bizlere Allah;\u0131n birer emaneti oldu\u011funun bilincini ta\u015f\u0131yarak, kendi \u00f6z de\u011ferlerimizle \u00e7ocuklar\u0131m\u0131z\u0131 yeti\u015ftirmeliyiz.Bizlerin fani hayatta bir imtihanda oldu\u011fumuzu d\u00fc\u015f\u00fcn\u00fcrsek, \u00e7ocuklar\u0131m\u0131z da bu imtihan\u0131n bir par\u00e7as\u0131d\u0131r. Bu da bizlere \u00e7ok b\u00fcy\u00fck sorumluluk y\u00fcklemektedir. \u00c7ocuk sevgimizi ve imtihan sorumlulu\u011fumuzu dengede tutmak zorunday\u0131z.De\u011fi\u015fen d\u00fcnyaya ayak uydurabilmek i\u00e7in geleneksel ba\u015far\u0131l\u0131 e\u011fitim usullerini \u00f6z\u00fcm\u00fczden kopmadan g\u00fcn\u00fcm\u00fcze ta\u015f\u0131mal\u0131, her g\u00fcn kendimizi yenilemeli ve bilgilerimizi g\u00fcncellemeliyiz.Hay\u0131rl\u0131 bir evlat hem bu d\u00fcnya i\u00e7in hem de ahiret i\u00e7in saadet vesilesidir. Emanettir \u00e7ocuk \u00e7\u00fcnk\u00fc \u00e7ocu\u011fun maddi manevi e\u011fitiminden ve hay\u0131rl\u0131 bir kul olmas\u0131ndan anne babas\u0131 sorumludur.Birer \u015fehzade veya k\u00fc\u00e7\u00fck prenses yeti\u015ftirir gibi de\u011fil de fiziki a\u00e7l\u0131\u011f\u0131n\u0131 doyurup fikri a\u00e7l\u0131\u011f\u0131 \u00f6l\u00fcme terk etmeden yeti\u015ftirmeliyiz. Modern e\u011fitim i\u00e7inde zayi olan bedenler, \u00e7ocuklar\u0131m\u0131z, gelece\u011fi in\u015fa edecek nesillerdir.\u00c7ocuklar\u0131m\u0131za Allah sevgisini \u00f6yle yerle\u015ftirmeli ve benimsetmeliyiz ki b\u00fcy\u00fcd\u00fckleri zaman \u201cAllah\u2019\u0131 sevdikleri i\u00e7in\u201d O\u2019nun yolundan ayr\u0131lmas\u0131nlar. Bu sevgi onlardaki iman\u0131 koruyacakt\u0131r.Din, zaten g\u00fcndelik hayat pratiklerimizi \u00e7er\u00e7eveleyen g\u00f6rev ve bilin\u00e7 hali de\u011fil midir?<\/p>\n","protected":false},"excerpt":{"rendered":"<p>Gayemiz hay\u0131rl\u0131 bir nesil yeti\u015ftirmek.\u00c7ocuklar\u0131m\u0131z\u0131n ger\u00e7ek sahibi de\u011filiz. Onlar\u0131n bizlere Allah;\u0131n birer emaneti oldu\u011funun bilincini ta\u015f\u0131yarak, kendi \u00f6z de\u011ferlerimizle \u00e7ocuklar\u0131m\u0131z\u0131 yeti\u015ftirmeliyiz.Bizlerin fani hayatta bir imtihanda oldu\u011fumuzu<span class=\"excerpt-hellip\"> [\u2026]<\/span><\/p>\n","protected":false},"featured_media":0,"template":"","meta":{"_monsterinsights_skip_tracking":false,"_monsterinsights_sitenote_active":false,"_monsterinsights_sitenote_note":"","_monsterinsights_sitenote_category":0},"product_brand":[],"product_cat":[12777,12291],"product_tag":[],"class_list":{"0":"post-723799","1":"product","2":"type-product","3":"status-publish","5":"product_cat-deneme","6":"product_cat-edebiyat","7":"pa_cilt-ciltsiz","8":"pa_tur-kitap","9":"pa_yayinevi-herdem-kitap","10":"pa_yazar-gulsemin-konca","12":"first","13":"instock","14":"sale","15":"shipping-taxable","16":"purchasable","17":"product-type-simple"},"_links":{"self":[{"href":"https:\/\/roveyayinevi.com.tr\/index.php\/wp-json\/wp\/v2\/product\/723799","targetHints":{"allow":["GET"]}}],"collection":[{"href":"https:\/\/roveyayinevi.com.tr\/index.php\/wp-json\/wp\/v2\/product"}],"about":[{"href":"https:\/\/roveyayinevi.com.tr\/index.php\/wp-json\/wp\/v2\/types\/product"}],"wp:attachment":[{"href":"https:\/\/roveyayinevi.com.tr\/index.php\/wp-json\/wp\/v2\/media?parent=723799"}],"wp:term":[{"taxonomy":"product_brand","embeddable":true,"href":"https:\/\/roveyayinevi.com.tr\/index.php\/wp-json\/wp\/v2\/product_brand?post=723799"},{"taxonomy":"product_cat","embeddable":true,"href":"https:\/\/roveyayinevi.com.tr\/index.php\/wp-json\/wp\/v2\/product_cat?post=723799"},{"taxonomy":"product_tag","embeddable":true,"href":"https:\/\/roveyayinevi.com.tr\/index.php\/wp-json\/wp\/v2\/product_tag?post=723799"}],"curies":[{"name":"wp","href":"https:\/\/api.w.org\/{rel}","templated":true}]}}