{"id":723796,"date":"2025-08-27T19:24:35","date_gmt":"2025-08-27T16:24:35","guid":{"rendered":"https:\/\/roveyayinevi.com.tr\/index.php\/urun\/nesneler-sistemi\/"},"modified":"2026-04-16T02:31:49","modified_gmt":"2026-04-15T23:31:49","slug":"nesneler-sistemi","status":"publish","type":"product","link":"https:\/\/roveyayinevi.com.tr\/index.php\/urun\/nesneler-sistemi\/","title":{"rendered":"Nesneler Sistemi"},"content":{"rendered":"<p>\u0130nsanlar her zaman sat\u0131n alm\u0131\u015f, sahip olmu\u015f, zevk alm\u0131\u015f ve para harcam\u0131\u015flard\u0131r. Ancak b\u00fct\u00fcn bunlar\u0131 yapt\u0131klar\u0131 i\u00e7in \u201ct\u00fcketici\u201d olarak nitelendirilmemi\u015flerdi. \u0130lkel toplumlara \u00f6zg\u00fc \u015f\u00f6lenler, feodal seny\u00f6r\u00fcn c\u00f6mertli\u011fi, 19. y\u00fczy\u0131l burjuvas\u0131n\u0131n l\u00fcks harcamalar\u0131, t\u00fcketim denilen alan\u0131n d\u0131\u015f\u0131nda kalan konulard\u0131. T\u00fcketimin \u00e7a\u011fda\u015f toplum i\u00e7in ge\u00e7erli bir terim olmas\u0131n\u0131n nedeni, daha g\u00fczel ve daha \u00e7ok yemek yememiz, daha \u00e7ok imge g\u00f6r\u00fcp mesaj okumam\u0131z, daha \u00e7ok ev e\u015fyas\u0131 ve \u0131v\u0131r z\u0131v\u0131r sahibi olmam\u0131z de\u011fildir. T\u00fcketim toplumunda t\u00fcketimin kendisi bizatihi bir gereksinim haline gelmi\u015ftir. \u0130nsan art\u0131k ihtiya\u00e7 duydu\u011fu i\u00e7in t\u00fcketmiyor, t\u00fcketmeye ihtiya\u00e7 duyuyor. Jean Baudrillard bu kitab\u0131nda t\u00fcketim toplumunun mekanizmalar\u0131n\u0131 ve onun nesneler sistemini \u00e7\u00f6z\u00fcml\u00fcyor:   \u201cTaksitleri \u00f6deme konusunda duyulan s\u0131k\u0131nt\u0131 \u00e7ok \u00f6zel bir his olup kendini somut bir \u015fekilde g\u00f6stermemekle birlikte nesneyle her g\u00fcn kurulan gizli bir ili\u015fki s\u00fcrecine benzemektedir; ba\u015fka bir deyi\u015fle nesneyi hemen kullanma konusunda bir sorun \u00e7\u0131kmazken \u00f6deme konusu insan\u0131n i\u00e7ini kemiren bir s\u00fcrece benzemektedir. Tam olarak sahibi olmad\u0131\u011f\u0131n\u0131z nesne zamanla eskiyip gitmekte, yani ona hi\u00e7bir zaman ger\u00e7ek anlamda sahip olunamamaktad\u0131r. Nas\u0131l siz nesneye sahip olam\u0131yorsan\u0131z, seri im\u00e2lat \u00fcr\u00fcn\u00fc nesne de hi\u00e7bir zaman tam olarak modellere benzememektedir. Bu sahip olamama ve modele benzememe durumlar\u0131 i\u00e7inde ya\u015famakta oldu\u011fumuz nesneler d\u00fcnyas\u0131nda her zaman d\u00fc\u015f k\u0131r\u0131kl\u0131klar\u0131 ya\u015famam\u0131za neden olmaktad\u0131r.\u201d <\/p>\n","protected":false},"excerpt":{"rendered":"<p>\u0130nsanlar her zaman sat\u0131n alm\u0131\u015f, sahip olmu\u015f, zevk alm\u0131\u015f ve para harcam\u0131\u015flard\u0131r. Ancak b\u00fct\u00fcn bunlar\u0131 yapt\u0131klar\u0131 i\u00e7in \u201ct\u00fcketici\u201d olarak nitelendirilmemi\u015flerdi. \u0130lkel toplumlara \u00f6zg\u00fc \u015f\u00f6lenler, feodal seny\u00f6r\u00fcn<span class=\"excerpt-hellip\"> [\u2026]<\/span><\/p>\n","protected":false},"featured_media":0,"template":"","meta":{"_monsterinsights_skip_tracking":false,"_monsterinsights_sitenote_active":false,"_monsterinsights_sitenote_note":"","_monsterinsights_sitenote_category":0},"product_brand":[],"product_cat":[12325,12324],"product_tag":[],"class_list":{"0":"post-723796","1":"product","2":"type-product","3":"status-publish","5":"product_cat-diger-sosyoloji","6":"product_cat-sosyoloji","7":"pa_cilt-ciltsiz","8":"pa_tur-kitap","9":"pa_yayinevi-dogu-bati-yayinlari","10":"pa_yazar-jean-baudrillard","12":"first","13":"instock","14":"sale","15":"shipping-taxable","16":"purchasable","17":"product-type-simple"},"_links":{"self":[{"href":"https:\/\/roveyayinevi.com.tr\/index.php\/wp-json\/wp\/v2\/product\/723796","targetHints":{"allow":["GET"]}}],"collection":[{"href":"https:\/\/roveyayinevi.com.tr\/index.php\/wp-json\/wp\/v2\/product"}],"about":[{"href":"https:\/\/roveyayinevi.com.tr\/index.php\/wp-json\/wp\/v2\/types\/product"}],"wp:attachment":[{"href":"https:\/\/roveyayinevi.com.tr\/index.php\/wp-json\/wp\/v2\/media?parent=723796"}],"wp:term":[{"taxonomy":"product_brand","embeddable":true,"href":"https:\/\/roveyayinevi.com.tr\/index.php\/wp-json\/wp\/v2\/product_brand?post=723796"},{"taxonomy":"product_cat","embeddable":true,"href":"https:\/\/roveyayinevi.com.tr\/index.php\/wp-json\/wp\/v2\/product_cat?post=723796"},{"taxonomy":"product_tag","embeddable":true,"href":"https:\/\/roveyayinevi.com.tr\/index.php\/wp-json\/wp\/v2\/product_tag?post=723796"}],"curies":[{"name":"wp","href":"https:\/\/api.w.org\/{rel}","templated":true}]}}