{"id":723790,"date":"2025-08-27T19:24:30","date_gmt":"2025-08-27T16:24:30","guid":{"rendered":"https:\/\/roveyayinevi.com.tr\/index.php\/urun\/islam-devletlerinde-turk-naibeler-ve-kadin-hukumdarlar-2\/"},"modified":"2026-04-16T02:31:49","modified_gmt":"2026-04-15T23:31:49","slug":"islam-devletlerinde-turk-naibeler-ve-kadin-hukumdarlar-2","status":"publish","type":"product","link":"https:\/\/roveyayinevi.com.tr\/index.php\/urun\/islam-devletlerinde-turk-naibeler-ve-kadin-hukumdarlar-2\/","title":{"rendered":"\u0130slam Devletlerinde T\u00fcrk Naibeler ve Kad\u0131n H\u00fck\u00fcmdarlar"},"content":{"rendered":"<p>Tarih boyunca, \u0130slam toplumunda kad\u0131n\u0131n durumu bir\u00e7ok Avrupal\u0131 yazar taraf\u0131ndan yanl\u0131\u015f anla\u015f\u0131lm\u0131\u015f veM\u00fcsl\u00fcman kad\u0131n\u0131n \u201cb\u00fct\u00fcn tarih\u201d boyunca erke\u011fin esiri oldu\u011fu veya kafes arkas\u0131na itilmi\u015f bir mahpusunhayat\u0131n\u0131 ya\u015fad\u0131\u011f\u0131 tezi ileri s\u00fcr\u00fclm\u00fc\u015ft\u00fcr. D\u00fcnyan\u0131n her yan\u0131nda ya\u015fayan kad\u0131nlar, bazen siyaset sahnesininkap\u0131lar\u0131n\u0131 a\u00e7\u0131k bularak, bazen de bu kap\u0131lar\u0131 zorlayarak, \u00e7o\u011fu zaman tarih\u00e7ilerin g\u00f6rmezden gelemeyecekleri ba\u015far\u0131l\u0131 roller oynam\u0131\u015flard\u0131r. \u0130slamiyet\u2019in ve fethedilen kimi \u00fclkelerin \u00f6rf ve \u00e2detlerinin etkisiyle kad\u0131nlar\u0131n zorunlu tutuldu\u011fu s\u0131k\u0131ca \u00f6rt\u00fcnmeye ve harem hayat\u0131na ra\u011fmen, M\u00fcsl\u00fcmanT\u00fcrk kad\u0131nlar yine de Bat\u0131l\u0131 kad\u0131nlardan geri kalmad\u0131klar\u0131n\u0131 ispatlam\u0131\u015flard\u0131r.Bahriye \u00dc\u00e7ok\u2019un alan\u0131nda ilk ve t\u00fcm d\u00fcnyaya \u00f6nemli bir kaynak olan \u00e7al\u0131\u015fmas\u0131 \u0130slam Devletlerinde T\u00fcrkNaibeler ve Kad\u0131n H\u00fck\u00fcmdarlar\u2019da da ortaya koydu\u011fu \u00fczere, Orta\u00e7a\u011fda \u0130slam kad\u0131n\u0131 f\u0131k\u0131h ve hadism\u00fcderrisli\u011fi, vaizlik, \u015fairlik, vezirlik, m\u00fc\u015favirlik yapm\u0131\u015ft\u0131r. \u0130slam ve T\u00fcrk k\u00fclt\u00fcr\u00fc bir araya geldiktensonra ise M\u00fcsl\u00fcman-T\u00fcrk kad\u0131n sultanlar, komutanlar, devlet y\u00f6neticileri tarih sayfalar\u0131ndaki yerini alm\u0131\u015ft\u0131r.1964 y\u0131l\u0131nda Ankara \u00dcniversitesi \u0130lahiyat Fak\u00fcltesi\u2019nin \u201cilk kad\u0131n\u201d \u00f6\u011fretim \u00fcyesi olan Bahriye \u00dc\u00e7ok\u2019a \u201cdo\u00e7ent\u201d unvan\u0131n\u0131 kazand\u0131ran bu \u00f6nemli \u00e7al\u0131\u015fma, \u0130slam co\u011frafyas\u0131nda h\u00fck\u00fcm s\u00fcrm\u00fc\u015f T\u00fcrk naibeleri ve kad\u0131n h\u00fck\u00fcmdarlar\u0131 ele al\u0131yor\u2026<\/p>\n","protected":false},"excerpt":{"rendered":"<p>Tarih boyunca, \u0130slam toplumunda kad\u0131n\u0131n durumu bir\u00e7ok Avrupal\u0131 yazar taraf\u0131ndan yanl\u0131\u015f anla\u015f\u0131lm\u0131\u015f veM\u00fcsl\u00fcman kad\u0131n\u0131n \u201cb\u00fct\u00fcn tarih\u201d boyunca erke\u011fin esiri oldu\u011fu veya kafes arkas\u0131na itilmi\u015f bir mahpusunhayat\u0131n\u0131<span class=\"excerpt-hellip\"> [\u2026]<\/span><\/p>\n","protected":false},"featured_media":0,"template":"","meta":{"_monsterinsights_skip_tracking":false,"_monsterinsights_sitenote_active":false,"_monsterinsights_sitenote_note":"","_monsterinsights_sitenote_category":0},"product_brand":[],"product_cat":[12370,12304],"product_tag":[],"class_list":{"0":"post-723790","1":"product","2":"type-product","3":"status-publish","5":"product_cat-arastirma-inceleme","6":"product_cat-tarih","7":"pa_cilt-ciltsiz","8":"pa_tur-kitap","9":"pa_yayinevi-kirmizi-kedi-yayinevi","10":"pa_yazar-bahriye-ucok","12":"first","13":"instock","14":"sale","15":"shipping-taxable","16":"purchasable","17":"product-type-simple"},"_links":{"self":[{"href":"https:\/\/roveyayinevi.com.tr\/index.php\/wp-json\/wp\/v2\/product\/723790","targetHints":{"allow":["GET"]}}],"collection":[{"href":"https:\/\/roveyayinevi.com.tr\/index.php\/wp-json\/wp\/v2\/product"}],"about":[{"href":"https:\/\/roveyayinevi.com.tr\/index.php\/wp-json\/wp\/v2\/types\/product"}],"wp:attachment":[{"href":"https:\/\/roveyayinevi.com.tr\/index.php\/wp-json\/wp\/v2\/media?parent=723790"}],"wp:term":[{"taxonomy":"product_brand","embeddable":true,"href":"https:\/\/roveyayinevi.com.tr\/index.php\/wp-json\/wp\/v2\/product_brand?post=723790"},{"taxonomy":"product_cat","embeddable":true,"href":"https:\/\/roveyayinevi.com.tr\/index.php\/wp-json\/wp\/v2\/product_cat?post=723790"},{"taxonomy":"product_tag","embeddable":true,"href":"https:\/\/roveyayinevi.com.tr\/index.php\/wp-json\/wp\/v2\/product_tag?post=723790"}],"curies":[{"name":"wp","href":"https:\/\/api.w.org\/{rel}","templated":true}]}}