{"id":723789,"date":"2025-08-27T19:24:30","date_gmt":"2025-08-27T16:24:30","guid":{"rendered":"https:\/\/roveyayinevi.com.tr\/index.php\/urun\/gavur-mumin-gazi-pasanin-casusu\/"},"modified":"2026-04-16T02:31:49","modified_gmt":"2026-04-15T23:31:49","slug":"gavur-mumin-gazi-pasanin-casusu","status":"publish","type":"product","link":"https:\/\/roveyayinevi.com.tr\/index.php\/urun\/gavur-mumin-gazi-pasanin-casusu\/","title":{"rendered":"Gavur M\u00fcmin &#8211; Gazi Pa\u015fa\u2019n\u0131n Casusu"},"content":{"rendered":"<p>Ya\u015far Aksoy, Kurtulu\u015f Sava\u015f\u0131\u2019n\u0131n bir numaral\u0131 casusu \u0130zmirli T\u00fcrk subay\u0131 G\u00e2vur M\u00fcmin\u2019in destans\u0131 ve gizemli ya\u015fam\u0131n\u0131, kahraman\u0131m\u0131z\u0131n hat\u0131rat\u0131, foto\u011fraf alb\u00fcmleri, madalyalar\u0131, gizli belgeler ve onu tan\u0131yan yak\u0131n akrabalar\u0131 ve canl\u0131 tan\u0131klar \u00fczerinden yapt\u0131\u011f\u0131 40 y\u0131l s\u00fcren ara\u015ft\u0131rmalar\u0131 sonucunda yazd\u0131.Bu kitapta \u00c7anakkale, Kanal Harek\u00e2t\u0131, Do\u011fu Cephesi gibi muharebelerde \u00e7arp\u0131\u015ft\u0131ktan sonra, emperyalizmin i\u015fgali alt\u0131ndaki bir \u00fclke ve \u015fehirde, melon \u015fapka hatta Yunan \u00fcniformas\u0131 giyerek i\u015fgalcilere kat\u0131lan ve y\u0131llarca Gazi Mustafa Kemal\u2019in casuslu\u011funu yapan bir T\u00fcrk subay\u0131n\u0131n efsanelere ve karanl\u0131klara kar\u0131\u015fm\u0131\u015f \u00e7arp\u0131c\u0131 ya\u015fam\u0131, vatan sevgisi ve Yunan zindanlar\u0131nda i\u015fkence i\u00e7inde ge\u00e7en y\u0131llar\u0131 anlat\u0131l\u0131yor.Bu kitapta yine ilk kez \u201cUlusal Kurtulu\u015f\u201d i\u00e7in canlar\u0131 pahas\u0131na m\u00fccadele veren gizli direni\u015f \u00f6rg\u00fctleri g\u00fcndeme getirilerek nice isimsiz kahramana olan vefa duygusu peki\u015ftiriliyor.<\/p>\n","protected":false},"excerpt":{"rendered":"<p>Ya\u015far Aksoy, Kurtulu\u015f Sava\u015f\u0131\u2019n\u0131n bir numaral\u0131 casusu \u0130zmirli T\u00fcrk subay\u0131 G\u00e2vur M\u00fcmin\u2019in destans\u0131 ve gizemli ya\u015fam\u0131n\u0131, kahraman\u0131m\u0131z\u0131n hat\u0131rat\u0131, foto\u011fraf alb\u00fcmleri, madalyalar\u0131, gizli belgeler ve onu tan\u0131yan<span class=\"excerpt-hellip\"> [\u2026]<\/span><\/p>\n","protected":false},"featured_media":0,"template":"","meta":{"_monsterinsights_skip_tracking":false,"_monsterinsights_sitenote_active":false,"_monsterinsights_sitenote_note":"","_monsterinsights_sitenote_category":0},"product_brand":[],"product_cat":[12370,12304],"product_tag":[],"class_list":{"0":"post-723789","1":"product","2":"type-product","3":"status-publish","5":"product_cat-arastirma-inceleme","6":"product_cat-tarih","7":"pa_cilt-ciltsiz","8":"pa_tur-kitap","9":"pa_yayinevi-kirmizi-kedi-yayinevi","10":"pa_yazar-yasar-aksoy","12":"first","13":"instock","14":"sale","15":"shipping-taxable","16":"purchasable","17":"product-type-simple"},"_links":{"self":[{"href":"https:\/\/roveyayinevi.com.tr\/index.php\/wp-json\/wp\/v2\/product\/723789","targetHints":{"allow":["GET"]}}],"collection":[{"href":"https:\/\/roveyayinevi.com.tr\/index.php\/wp-json\/wp\/v2\/product"}],"about":[{"href":"https:\/\/roveyayinevi.com.tr\/index.php\/wp-json\/wp\/v2\/types\/product"}],"wp:attachment":[{"href":"https:\/\/roveyayinevi.com.tr\/index.php\/wp-json\/wp\/v2\/media?parent=723789"}],"wp:term":[{"taxonomy":"product_brand","embeddable":true,"href":"https:\/\/roveyayinevi.com.tr\/index.php\/wp-json\/wp\/v2\/product_brand?post=723789"},{"taxonomy":"product_cat","embeddable":true,"href":"https:\/\/roveyayinevi.com.tr\/index.php\/wp-json\/wp\/v2\/product_cat?post=723789"},{"taxonomy":"product_tag","embeddable":true,"href":"https:\/\/roveyayinevi.com.tr\/index.php\/wp-json\/wp\/v2\/product_tag?post=723789"}],"curies":[{"name":"wp","href":"https:\/\/api.w.org\/{rel}","templated":true}]}}