{"id":723787,"date":"2025-08-27T19:24:28","date_gmt":"2025-08-27T16:24:28","guid":{"rendered":"https:\/\/roveyayinevi.com.tr\/index.php\/urun\/kapatilmadan-heterotopyalara\/"},"modified":"2026-04-16T02:31:49","modified_gmt":"2026-04-15T23:31:49","slug":"kapatilmadan-heterotopyalara","status":"publish","type":"product","link":"https:\/\/roveyayinevi.com.tr\/index.php\/urun\/kapatilmadan-heterotopyalara\/","title":{"rendered":"Kapat\u0131lmadan Heterotopyalara"},"content":{"rendered":"<p>Bir sorunsal olarak mek\u00e2n, kendilik ser\u00fcvenimizin ard\u0131ndan kalan edebiyat, mimari, co\u011frafya, teoloji, felsefe ve siyaset i\u00e7in yollar\u0131n a\u00e7\u0131lmas\u0131n\u0131 sa\u011flarken d\u00fcnyaya y\u00f6nelimimizin \u00e7e\u015fitlerini de \u00e7o\u011falt\u0131r. Mek\u00e2n, bedenle\u015fmenin izlerini ta\u015f\u0131r. Bu, deneyimler, r\u00fcyalar, esintiler, [kar\u015f\u0131]bellek, oyuncaklar, m\u00fczik, \u00e7ocukluk v.s bi\u00e7iminde a\u00e7\u0131\u011fa vurur kendini. Ancak \u015fu soru her zaman bizi me\u015fgul edecektir: Ni\u00e7in bir yerde durmay\u0131z? Bizi bir ser\u00fcvene zorlayan \u015fey, tebdil-i mek\u00e2n arzusu mu yoksa \u00f6zg\u00fcrle\u015fme zorunlulu\u011fu mu? Belki de ser\u00fcvenimizin as\u0131l nedeni, bu sorunun yan\u0131tlanmas\u0131n\u0131 ya da en k\u00f6t\u00fc ihtimalle sorulmas\u0131n\u0131 ertelemektir. Bu durumda ne yapmal\u0131 \u015fimdi? Mek\u00e2n\u0131n Yunani k\u00f6klerinden ba\u015flayarak Michel Foucault\u2019nun g\u00fczergah\u0131na y\u00f6nelmeli; Foucault ile bir ser\u00fcveni g\u00f6ze almal\u0131, s\u0131n\u0131rlar\u0131 a\u015fman\u0131n yollar\u0131na bak\u0131lmal\u0131. <\/p>\n","protected":false},"excerpt":{"rendered":"<p>Bir sorunsal olarak mek\u00e2n, kendilik ser\u00fcvenimizin ard\u0131ndan kalan edebiyat, mimari, co\u011frafya, teoloji, felsefe ve siyaset i\u00e7in yollar\u0131n a\u00e7\u0131lmas\u0131n\u0131 sa\u011flarken d\u00fcnyaya y\u00f6nelimimizin \u00e7e\u015fitlerini de \u00e7o\u011falt\u0131r. Mek\u00e2n, bedenle\u015fmenin<span class=\"excerpt-hellip\"> [\u2026]<\/span><\/p>\n","protected":false},"featured_media":0,"template":"","meta":{"_monsterinsights_skip_tracking":false,"_monsterinsights_sitenote_active":false,"_monsterinsights_sitenote_note":"","_monsterinsights_sitenote_category":0},"product_brand":[],"product_cat":[12389,12388],"product_tag":[],"class_list":{"0":"post-723787","1":"product","2":"type-product","3":"status-publish","5":"product_cat-diger-felsefe","6":"product_cat-felsefe","7":"pa_cilt-ciltsiz","8":"pa_tur-kitap","9":"pa_yayinevi-toz-yayinlari","10":"pa_yazar-adem-yildirim","12":"first","13":"instock","14":"sale","15":"shipping-taxable","16":"purchasable","17":"product-type-simple"},"_links":{"self":[{"href":"https:\/\/roveyayinevi.com.tr\/index.php\/wp-json\/wp\/v2\/product\/723787","targetHints":{"allow":["GET"]}}],"collection":[{"href":"https:\/\/roveyayinevi.com.tr\/index.php\/wp-json\/wp\/v2\/product"}],"about":[{"href":"https:\/\/roveyayinevi.com.tr\/index.php\/wp-json\/wp\/v2\/types\/product"}],"wp:attachment":[{"href":"https:\/\/roveyayinevi.com.tr\/index.php\/wp-json\/wp\/v2\/media?parent=723787"}],"wp:term":[{"taxonomy":"product_brand","embeddable":true,"href":"https:\/\/roveyayinevi.com.tr\/index.php\/wp-json\/wp\/v2\/product_brand?post=723787"},{"taxonomy":"product_cat","embeddable":true,"href":"https:\/\/roveyayinevi.com.tr\/index.php\/wp-json\/wp\/v2\/product_cat?post=723787"},{"taxonomy":"product_tag","embeddable":true,"href":"https:\/\/roveyayinevi.com.tr\/index.php\/wp-json\/wp\/v2\/product_tag?post=723787"}],"curies":[{"name":"wp","href":"https:\/\/api.w.org\/{rel}","templated":true}]}}