{"id":723786,"date":"2025-08-27T19:24:27","date_gmt":"2025-08-27T16:24:27","guid":{"rendered":"https:\/\/roveyayinevi.com.tr\/index.php\/urun\/tuneldeki-gizem-dedektif-hercule-carotte\/"},"modified":"2025-11-06T05:57:21","modified_gmt":"2025-11-06T02:57:21","slug":"tuneldeki-gizem-dedektif-hercule-carotte","status":"publish","type":"product","link":"https:\/\/roveyayinevi.com.tr\/index.php\/urun\/tuneldeki-gizem-dedektif-hercule-carotte\/","title":{"rendered":"T\u00fcneldeki Gizem &#8211; Dedektif Hercule Carotte"},"content":{"rendered":"<p>\u00dcnl\u00fc dedektif tav\u015fan Hercule Carotte ve tilki Tim olaylar\u0131n izini s\u00fcrmeye devam ediyor. Dedektifler bu sefer korku t\u00fcnelindeki gizemi \u00e7\u00f6zmeye \u00e7al\u0131\u015f\u0131yor. Ne kadar d\u00fc\u015f\u00fcnseler de t\u00fcnelde bir canavar oldu\u011funa bir t\u00fcrl\u00fc inanam\u0131yorlar. Peki kim bu haylaz canavar? Belki de onun kim oldu\u011funu dedektiflerden \u00f6nce sen bulursun, ne dersin? <\/p>\n","protected":false},"excerpt":{"rendered":"<p>\u00dcnl\u00fc dedektif tav\u015fan Hercule Carotte ve tilki Tim olaylar\u0131n izini s\u00fcrmeye devam ediyor. Dedektifler bu sefer korku t\u00fcnelindeki gizemi \u00e7\u00f6zmeye \u00e7al\u0131\u015f\u0131yor. Ne kadar d\u00fc\u015f\u00fcnseler de t\u00fcnelde<span class=\"excerpt-hellip\"> [\u2026]<\/span><\/p>\n","protected":false},"featured_media":0,"template":"","meta":{"_monsterinsights_skip_tracking":false,"_monsterinsights_sitenote_active":false,"_monsterinsights_sitenote_note":"","_monsterinsights_sitenote_category":0},"product_brand":[],"product_cat":[12274,12518],"product_tag":[],"class_list":{"0":"post-723786","1":"product","2":"type-product","3":"status-publish","5":"product_cat-cocuk-ve-genclik-kitaplari","6":"product_cat-okul-oncesi-kitaplar","7":"pa_cilt-ciltsiz","8":"pa_tur-kitap","9":"pa_yayinevi-1001-cicek-kitaplar","10":"pa_yazar-pascal-brissy","12":"first","13":"instock","14":"sale","15":"shipping-taxable","16":"purchasable","17":"product-type-simple"},"_links":{"self":[{"href":"https:\/\/roveyayinevi.com.tr\/index.php\/wp-json\/wp\/v2\/product\/723786","targetHints":{"allow":["GET"]}}],"collection":[{"href":"https:\/\/roveyayinevi.com.tr\/index.php\/wp-json\/wp\/v2\/product"}],"about":[{"href":"https:\/\/roveyayinevi.com.tr\/index.php\/wp-json\/wp\/v2\/types\/product"}],"wp:attachment":[{"href":"https:\/\/roveyayinevi.com.tr\/index.php\/wp-json\/wp\/v2\/media?parent=723786"}],"wp:term":[{"taxonomy":"product_brand","embeddable":true,"href":"https:\/\/roveyayinevi.com.tr\/index.php\/wp-json\/wp\/v2\/product_brand?post=723786"},{"taxonomy":"product_cat","embeddable":true,"href":"https:\/\/roveyayinevi.com.tr\/index.php\/wp-json\/wp\/v2\/product_cat?post=723786"},{"taxonomy":"product_tag","embeddable":true,"href":"https:\/\/roveyayinevi.com.tr\/index.php\/wp-json\/wp\/v2\/product_tag?post=723786"}],"curies":[{"name":"wp","href":"https:\/\/api.w.org\/{rel}","templated":true}]}}