{"id":723785,"date":"2025-08-27T19:24:27","date_gmt":"2025-08-27T16:24:27","guid":{"rendered":"https:\/\/roveyayinevi.com.tr\/index.php\/urun\/insaatta-larousse-ilk-bilgiler\/"},"modified":"2026-04-16T02:31:48","modified_gmt":"2026-04-15T23:31:48","slug":"insaatta-larousse-ilk-bilgiler","status":"publish","type":"product","link":"https:\/\/roveyayinevi.com.tr\/index.php\/urun\/insaatta-larousse-ilk-bilgiler\/","title":{"rendered":"\u0130n\u015faatta &#8211; Larousse \u0130lk Bilgiler"},"content":{"rendered":"<p>Larousse \u0130lk Bilgiler dizisinde yer alan kitaplar, \u00e7ocuklar\u0131m\u0131za konuyla ilgili genel bilgiler sunuyor ve merak ettikleri konular\u0131 basit, kolay anla\u015f\u0131l\u0131r, g\u00f6rsellerle zenginle\u015ftirilmi\u015f bir bi\u00e7imde aktar\u0131p genel k\u00fclt\u00fcrlerinin geni\u015flemesini sa\u011fl\u0131yor. \u00dcstelik kitaplar\u0131n sonunda yer alan oyunlar sayesinde keyifle ge\u00e7ecek saatler de garanti! <\/p>\n","protected":false},"excerpt":{"rendered":"<p>Larousse \u0130lk Bilgiler dizisinde yer alan kitaplar, \u00e7ocuklar\u0131m\u0131za konuyla ilgili genel bilgiler sunuyor ve merak ettikleri konular\u0131 basit, kolay anla\u015f\u0131l\u0131r, g\u00f6rsellerle zenginle\u015ftirilmi\u015f bir bi\u00e7imde aktar\u0131p genel<span class=\"excerpt-hellip\"> [\u2026]<\/span><\/p>\n","protected":false},"featured_media":0,"template":"","meta":{"_monsterinsights_skip_tracking":false,"_monsterinsights_sitenote_active":false,"_monsterinsights_sitenote_note":"","_monsterinsights_sitenote_category":0},"product_brand":[],"product_cat":[12274,12518],"product_tag":[],"class_list":{"0":"post-723785","1":"product","2":"type-product","3":"status-publish","5":"product_cat-cocuk-ve-genclik-kitaplari","6":"product_cat-okul-oncesi-kitaplar","7":"pa_cilt-ciltsiz","8":"pa_tur-kitap","9":"pa_yayinevi-1001-cicek-kitaplar","10":"pa_yazar-elisabeth-marrou","12":"first","13":"instock","14":"sale","15":"shipping-taxable","16":"purchasable","17":"product-type-simple"},"_links":{"self":[{"href":"https:\/\/roveyayinevi.com.tr\/index.php\/wp-json\/wp\/v2\/product\/723785","targetHints":{"allow":["GET"]}}],"collection":[{"href":"https:\/\/roveyayinevi.com.tr\/index.php\/wp-json\/wp\/v2\/product"}],"about":[{"href":"https:\/\/roveyayinevi.com.tr\/index.php\/wp-json\/wp\/v2\/types\/product"}],"wp:attachment":[{"href":"https:\/\/roveyayinevi.com.tr\/index.php\/wp-json\/wp\/v2\/media?parent=723785"}],"wp:term":[{"taxonomy":"product_brand","embeddable":true,"href":"https:\/\/roveyayinevi.com.tr\/index.php\/wp-json\/wp\/v2\/product_brand?post=723785"},{"taxonomy":"product_cat","embeddable":true,"href":"https:\/\/roveyayinevi.com.tr\/index.php\/wp-json\/wp\/v2\/product_cat?post=723785"},{"taxonomy":"product_tag","embeddable":true,"href":"https:\/\/roveyayinevi.com.tr\/index.php\/wp-json\/wp\/v2\/product_tag?post=723785"}],"curies":[{"name":"wp","href":"https:\/\/api.w.org\/{rel}","templated":true}]}}