{"id":723784,"date":"2025-08-27T19:24:26","date_gmt":"2025-08-27T16:24:26","guid":{"rendered":"https:\/\/roveyayinevi.com.tr\/index.php\/urun\/canavar-2\/"},"modified":"2026-04-16T02:31:48","modified_gmt":"2026-04-15T23:31:48","slug":"canavar-2","status":"publish","type":"product","link":"https:\/\/roveyayinevi.com.tr\/index.php\/urun\/canavar-2\/","title":{"rendered":"Canavar"},"content":{"rendered":"<p>T\u00fcm sava\u015f\u00e7\u0131lar, keyifli bir \u015fekilde g\u00fcl\u00fcmseyerek ona bak\u0131yordu, ya\u015fl\u0131 adam bir s\u00fcre g\u00fcl\u00fcmseyerek onlara bakt\u0131ktan sonra lider sava\u015f\u00e7\u0131ya d\u00f6nerek  \u201cOnun bir ismi daha var, arkas\u0131nda s\u00fcrekli ceset y\u0131\u011f\u0131nlar\u0131 b\u0131rakt\u0131\u011f\u0131 i\u00e7in b\u00fcy\u00fck bir kuzgun s\u00fcr\u00fcs\u00fcn\u00fcn onu takip etti\u011fi s\u00f6ylenir. Bu y\u00fczden ona, kuzgun \u00e7oban\u0131 da denir\u2026\u201d  Birka\u00e7 saniye sonra k\u00f6y\u00fcn a\u015fa\u011f\u0131s\u0131ndan, sava\u015f\u00e7\u0131lar\u0131n geldi\u011fi y\u00f6nden kuzgun sesleri duyulmaya ba\u015flad\u0131\u2026 <\/p>\n","protected":false},"excerpt":{"rendered":"<p>T\u00fcm sava\u015f\u00e7\u0131lar, keyifli bir \u015fekilde g\u00fcl\u00fcmseyerek ona bak\u0131yordu, ya\u015fl\u0131 adam bir s\u00fcre g\u00fcl\u00fcmseyerek onlara bakt\u0131ktan sonra lider sava\u015f\u00e7\u0131ya d\u00f6nerek \u201cOnun bir ismi daha var, arkas\u0131nda s\u00fcrekli<span class=\"excerpt-hellip\"> [\u2026]<\/span><\/p>\n","protected":false},"featured_media":0,"template":"","meta":{"_monsterinsights_skip_tracking":false,"_monsterinsights_sitenote_active":false,"_monsterinsights_sitenote_note":"","_monsterinsights_sitenote_category":0},"product_brand":[],"product_cat":[12291,14777],"product_tag":[],"class_list":{"0":"post-723784","1":"product","2":"type-product","3":"status-publish","5":"product_cat-edebiyat","6":"product_cat-fantastik","7":"pa_cilt-ciltsiz","8":"pa_tur-kitap","9":"pa_yayinevi-kultur-ajans-yayinlari","10":"pa_yazar-hasan-gundogdu","12":"first","13":"instock","14":"sale","15":"shipping-taxable","16":"purchasable","17":"product-type-simple"},"_links":{"self":[{"href":"https:\/\/roveyayinevi.com.tr\/index.php\/wp-json\/wp\/v2\/product\/723784","targetHints":{"allow":["GET"]}}],"collection":[{"href":"https:\/\/roveyayinevi.com.tr\/index.php\/wp-json\/wp\/v2\/product"}],"about":[{"href":"https:\/\/roveyayinevi.com.tr\/index.php\/wp-json\/wp\/v2\/types\/product"}],"wp:attachment":[{"href":"https:\/\/roveyayinevi.com.tr\/index.php\/wp-json\/wp\/v2\/media?parent=723784"}],"wp:term":[{"taxonomy":"product_brand","embeddable":true,"href":"https:\/\/roveyayinevi.com.tr\/index.php\/wp-json\/wp\/v2\/product_brand?post=723784"},{"taxonomy":"product_cat","embeddable":true,"href":"https:\/\/roveyayinevi.com.tr\/index.php\/wp-json\/wp\/v2\/product_cat?post=723784"},{"taxonomy":"product_tag","embeddable":true,"href":"https:\/\/roveyayinevi.com.tr\/index.php\/wp-json\/wp\/v2\/product_tag?post=723784"}],"curies":[{"name":"wp","href":"https:\/\/api.w.org\/{rel}","templated":true}]}}