{"id":723781,"date":"2025-08-27T19:24:24","date_gmt":"2025-08-27T16:24:24","guid":{"rendered":"https:\/\/roveyayinevi.com.tr\/index.php\/urun\/carikli-inovasyon\/"},"modified":"2026-04-16T02:31:48","modified_gmt":"2026-04-15T23:31:48","slug":"carikli-inovasyon","status":"publish","type":"product","link":"https:\/\/roveyayinevi.com.tr\/index.php\/urun\/carikli-inovasyon\/","title":{"rendered":"\u00c7ar\u0131kl\u0131 \u0130novasyon"},"content":{"rendered":"<p>Can Pabu\u00e7\u00e7uo\u011flu\u2019nun Elma Yay\u0131nevinden \u00e7\u0131kan yeni kitab\u0131 \u00c7ar\u0131kl\u0131 \u0130novasyon, yazar\u0131n birebir deneyimledi\u011fi bir inovasyon hik\u00e2yesini anlat\u0131yor okuyucuya. Zaman zaman esprili bir dille i\u015flenen konu, gen\u00e7 giri\u015fimcilere inovasyon odakl\u0131 \u015firketlere rehber olabilecek nitelikte. Ba\u015far\u0131s\u0131zl\u0131klarla ba\u015far\u0131n\u0131n i\u00e7 i\u00e7e ge\u00e7ti\u011fi bu hik\u00e2ye bir\u00e7ok ki\u015fiye \u201cben de ya\u015fam\u0131\u015ft\u0131m bunu\u201d dedirtecek.\u2026\u0130novasyon yapaca\u011f\u0131z. Fakat bunu hem \u015firketimize hem de bulundu\u011fumuz co\u011frafyaya uygun olarak yapaca\u011f\u0131z. \u00d6yle ki, anlataca\u011f\u0131m hik\u00e2yede bahsetti\u011fim \u00fcr\u00fcn\u00fcn eninde sonunda bir \u00e7ar\u0131k oldu\u011funu unutmay\u0131n! Evet, bildi\u011finiz; duvarlara s\u00fcs olarak as\u0131lan veya k\u00f6ydeki akrabalar\u0131m\u0131z\u0131n giydi\u011fi \u00fc\u00e7 kuru\u015fluk \u00e7ar\u0131ktan bahsediyorum. Bu \u00f6yle bir \u00e7ar\u0131k ki bu kitap yaz\u0131ld\u0131\u011f\u0131 s\u0131rada ba\u015fta ABD olmak \u00fczere, 12 \u00fclkede \u00e7ifti 195 Amerikan dolar\u0131na sat\u0131l\u0131yor. T\u00fcrkiye\u2019de kaybolmaya y\u00fcz tutmu\u015f 600 y\u0131ll\u0131k bir zanaat\u0131 tekrar diriltiyor, herhangi bir mesle\u011fi olmayan gen\u00e7lere yeni i\u015f f\u0131rsatlar\u0131 yarat\u0131yor. Bu s\u0131f\u0131rdan kurulan bir giri\u015fimcilik hik\u00e2yesi ve i\u00e7inde farkl\u0131 t\u00fcrlerden inovasyonlar bar\u0131nd\u0131r\u0131yor. Ve bu hik\u00e2ye bize g\u00f6steriyor ki \u00e7ar\u0131ktan bile inovasyon oluyor ve hatta T\u00fcrkiye\u2019de inovasyon biraz da \u00e7ar\u0131kl\u0131 oluyor! Keyifli okumalar\u2026<\/p>\n","protected":false},"excerpt":{"rendered":"<p>Can Pabu\u00e7\u00e7uo\u011flu\u2019nun Elma Yay\u0131nevinden \u00e7\u0131kan yeni kitab\u0131 \u00c7ar\u0131kl\u0131 \u0130novasyon, yazar\u0131n birebir deneyimledi\u011fi bir inovasyon hik\u00e2yesini anlat\u0131yor okuyucuya. Zaman zaman esprili bir dille i\u015flenen konu, gen\u00e7 giri\u015fimcilere<span class=\"excerpt-hellip\"> [\u2026]<\/span><\/p>\n","protected":false},"featured_media":0,"template":"","meta":{"_monsterinsights_skip_tracking":false,"_monsterinsights_sitenote_active":false,"_monsterinsights_sitenote_note":"","_monsterinsights_sitenote_category":0},"product_brand":[],"product_cat":[13043,19008],"product_tag":[],"class_list":{"0":"post-723781","1":"product","2":"type-product","3":"status-publish","5":"product_cat-ekonomi","6":"product_cat-yonetim","7":"pa_cilt-ciltsiz","8":"pa_tur-kitap","9":"pa_yayinevi-elma-yayinevi","10":"pa_yazar-can-papuccuoglu","12":"first","13":"instock","14":"sale","15":"shipping-taxable","16":"purchasable","17":"product-type-simple"},"_links":{"self":[{"href":"https:\/\/roveyayinevi.com.tr\/index.php\/wp-json\/wp\/v2\/product\/723781","targetHints":{"allow":["GET"]}}],"collection":[{"href":"https:\/\/roveyayinevi.com.tr\/index.php\/wp-json\/wp\/v2\/product"}],"about":[{"href":"https:\/\/roveyayinevi.com.tr\/index.php\/wp-json\/wp\/v2\/types\/product"}],"wp:attachment":[{"href":"https:\/\/roveyayinevi.com.tr\/index.php\/wp-json\/wp\/v2\/media?parent=723781"}],"wp:term":[{"taxonomy":"product_brand","embeddable":true,"href":"https:\/\/roveyayinevi.com.tr\/index.php\/wp-json\/wp\/v2\/product_brand?post=723781"},{"taxonomy":"product_cat","embeddable":true,"href":"https:\/\/roveyayinevi.com.tr\/index.php\/wp-json\/wp\/v2\/product_cat?post=723781"},{"taxonomy":"product_tag","embeddable":true,"href":"https:\/\/roveyayinevi.com.tr\/index.php\/wp-json\/wp\/v2\/product_tag?post=723781"}],"curies":[{"name":"wp","href":"https:\/\/api.w.org\/{rel}","templated":true}]}}