{"id":723779,"date":"2025-08-27T19:24:23","date_gmt":"2025-08-27T16:24:23","guid":{"rendered":"https:\/\/roveyayinevi.com.tr\/index.php\/urun\/baska-turlu-de-olur-toplu-siirler\/"},"modified":"2026-04-08T02:39:28","modified_gmt":"2026-04-07T23:39:28","slug":"baska-turlu-de-olur-toplu-siirler","status":"publish","type":"product","link":"https:\/\/roveyayinevi.com.tr\/index.php\/urun\/baska-turlu-de-olur-toplu-siirler\/","title":{"rendered":"Ba\u015fka T\u00fcrl\u00fc de Olur &#8211; Toplu \u015eiirler"},"content":{"rendered":"<p>Yas\u0131n\u0131 m\u0131 tutay\u0131m hay\u0131r yaras\u0131ndan m\u0131 aln\u0131ndan m\u0131 \u00f6peyim hay\u0131r kokmas\u0131n \u00e7\u00fcr\u00fcmesin i\u011frenilmesin diye mezar\u0131n\u0131 m\u0131 kazay\u0131m hay\u0131r ama k\u0131\u015fk\u0131rt\u0131lm\u0131\u015f her hay\u0131r\u0131n bir evet oldu\u011funu nas\u0131l anlatay\u0131m hay\u0131r hay\u0131r hay\u0131r hay\u0131r     Mehmet Can Do\u011fan \u015fiir kitaplar\u0131 Ba\u015fka T\u00fcrl\u00fc de Olur ad\u0131yla tek cilt halinde Yap\u0131 Kredi Yay\u0131nlar\u0131 taraf\u0131ndan yay\u0131mland\u0131. \u015eiirimizin son otuz y\u0131l\u0131nda \u015fiirleri ve modern \u015fiirimiz \u00fcst\u00fcne inceleme, ele\u015ftiri kitaplar\u0131yla tan\u0131nan Mehmet Can Do\u011fan\u2019\u0131n Mene Tekel Feres, T\u00f6renler ve Komplolar, \u015eaman, Boyunca, Attar, \u00dcvey \u0130kiz, Camek\u00e2n adl\u0131 kitaplar\u0131 b\u00f6ylece bir araya gelmi\u015f oldu. Ba\u015fka T\u00fcrl\u00fc de Olur insan\u0131 deneyimleriyle kavrayan, toplumu oldu\u011fu kadar do\u011fay\u0131 da insan\u0131n var olu\u015funda \u00e7evreleyici bir alan olarak g\u00f6ren, insan\u0131n maceras\u0131n\u0131 mitoloji ve tarihle derinle\u015ftiren \u015fiirler toplam\u0131. Varl\u0131\u011f\u0131n dil i\u00e7inde kuruldu\u011fu bu \u015fiirler, kapal\u0131 ve yo\u011fun anlam d\u00fcnyas\u0131n\u0131, dile inanc\u0131ndan al\u0131yor. <\/p>\n","protected":false},"excerpt":{"rendered":"<p>Yas\u0131n\u0131 m\u0131 tutay\u0131m hay\u0131r yaras\u0131ndan m\u0131 aln\u0131ndan m\u0131 \u00f6peyim hay\u0131r kokmas\u0131n \u00e7\u00fcr\u00fcmesin i\u011frenilmesin diye mezar\u0131n\u0131 m\u0131 kazay\u0131m hay\u0131r ama k\u0131\u015fk\u0131rt\u0131lm\u0131\u015f her hay\u0131r\u0131n bir evet oldu\u011funu nas\u0131l<span class=\"excerpt-hellip\"> [\u2026]<\/span><\/p>\n","protected":false},"featured_media":0,"template":"","meta":{"_monsterinsights_skip_tracking":false,"_monsterinsights_sitenote_active":false,"_monsterinsights_sitenote_note":"","_monsterinsights_sitenote_category":0},"product_brand":[],"product_cat":[12291,12509],"product_tag":[],"class_list":{"0":"post-723779","1":"product","2":"type-product","3":"status-publish","5":"product_cat-edebiyat","6":"product_cat-siir","7":"pa_cilt-ciltsiz","8":"pa_tur-kitap","9":"pa_yayinevi-yapi-kredi-yayinlari","10":"pa_yazar-mehmet-can-dogan","12":"first","13":"instock","14":"sale","15":"shipping-taxable","16":"purchasable","17":"product-type-simple"},"_links":{"self":[{"href":"https:\/\/roveyayinevi.com.tr\/index.php\/wp-json\/wp\/v2\/product\/723779","targetHints":{"allow":["GET"]}}],"collection":[{"href":"https:\/\/roveyayinevi.com.tr\/index.php\/wp-json\/wp\/v2\/product"}],"about":[{"href":"https:\/\/roveyayinevi.com.tr\/index.php\/wp-json\/wp\/v2\/types\/product"}],"wp:attachment":[{"href":"https:\/\/roveyayinevi.com.tr\/index.php\/wp-json\/wp\/v2\/media?parent=723779"}],"wp:term":[{"taxonomy":"product_brand","embeddable":true,"href":"https:\/\/roveyayinevi.com.tr\/index.php\/wp-json\/wp\/v2\/product_brand?post=723779"},{"taxonomy":"product_cat","embeddable":true,"href":"https:\/\/roveyayinevi.com.tr\/index.php\/wp-json\/wp\/v2\/product_cat?post=723779"},{"taxonomy":"product_tag","embeddable":true,"href":"https:\/\/roveyayinevi.com.tr\/index.php\/wp-json\/wp\/v2\/product_tag?post=723779"}],"curies":[{"name":"wp","href":"https:\/\/api.w.org\/{rel}","templated":true}]}}