{"id":723778,"date":"2025-08-27T19:24:22","date_gmt":"2025-08-27T16:24:22","guid":{"rendered":"https:\/\/roveyayinevi.com.tr\/index.php\/urun\/topkapi-sarayi-oguznamesi\/"},"modified":"2026-04-16T02:31:48","modified_gmt":"2026-04-15T23:31:48","slug":"topkapi-sarayi-oguznamesi","status":"publish","type":"product","link":"https:\/\/roveyayinevi.com.tr\/index.php\/urun\/topkapi-sarayi-oguznamesi\/","title":{"rendered":"Topkap\u0131 Saray\u0131 O\u011fuznamesi"},"content":{"rendered":"<p>Bu kitap (Topkap\u0131 Saray\u0131 O\u011fuznamesi), 1932\u2019den beri bilinen, tam metni 1934\u2019ten bug\u00fcne bir\u00e7ok bilim insan\u0131 taraf\u0131ndan okunup yay\u0131mlanan, \u00fczerinde yorumlar yap\u0131lan 3 sayfaya yay\u0131lm\u0131\u015f 65 sat\u0131rdan olu\u015fan bir \u201cO\u011fuzn\u00e2me\u201dyi daha do\u011frusu bir \u201cO\u011fuzn\u00e2me par\u00e7as\u0131\u201dn\u0131 konu ediniyor. Dede Korkut O\u011fuzn\u00e2meleri\u2019nin yak\u0131n akrabas\u0131, hatta onlardan da eski, belki \u201cAna Destan\u201da onlardan da yak\u0131n&#8230;   Topkap\u0131 Saray\u0131 O\u011fuznamesi, do\u011fru okunup gere\u011fi gibi anla\u015f\u0131l\u0131rsa bug\u00fcn \u00fc\u00e7 n\u00fcshaya \u00e7\u0131km\u0131\u015f olan Dede Korkut boy ve soylamalar\u0131n\u0131n daha rahat \u00e7\u00f6z\u00fcmlenmesine katk\u0131da bulunacak de\u011ferde. Manzum, ancak bu \u00f6zellikleri tam olarak ortaya konulamam\u0131\u015f g\u00fc\u00e7l\u00fckle okunabilen i\u015flek yaz\u0131l\u0131 bir metin. Topkap\u0131 Saray\u0131 M\u00fczesi K\u00fct\u00fcphanesi Revan Kitaplar\u0131 aras\u0131nda 1390 say\u0131 ile kay\u0131tl\u0131 Yaz\u0131c\u0131o\u011flu Ali\u2019nin Sel\u00e7ukn\u00e2me yazmas\u0131na ili\u015ftirilmi\u015f (\u201csa\u011f kapak m\u00fcsvedde sayfalar\u0131\u201d) bu \u00e7ok \u00f6nemli O\u011fuzn\u00e2me par\u00e7as\u0131 i\u00e7in Dede Korkut O\u011fuznameleri \u00dczerine Notlar\u2019da uygulad\u0131\u011f\u0131 y\u00f6ntemle uzun s\u00fcreli emekler vermi\u015f olan Semih Tezcan, kitab\u0131n\u0131 tamamlayamadan aram\u0131zdan ayr\u0131lm\u0131\u015ft\u0131r. Elde kalan dosya son haliyle e\u015fi Nuran Tezcan taraf\u0131ndan d\u00fczenlenerek yay\u0131na haz\u0131rlanm\u0131\u015ft\u0131r.   Topkap\u0131 Saray\u0131 O\u011fuznamesi, tamamlanmam\u0131\u015f da olsa eski T\u00fcrk metinlerini okumay\u0131 ya\u015fama bi\u00e7imi haline getirmi\u015f \u00e7a\u011f\u0131m\u0131z\u0131n \u00f6nemli filologlar\u0131ndan birinin imzas\u0131n\u0131 ta\u015f\u0131maktad\u0131r. <\/p>\n","protected":false},"excerpt":{"rendered":"<p>Bu kitap (Topkap\u0131 Saray\u0131 O\u011fuznamesi), 1932\u2019den beri bilinen, tam metni 1934\u2019ten bug\u00fcne bir\u00e7ok bilim insan\u0131 taraf\u0131ndan okunup yay\u0131mlanan, \u00fczerinde yorumlar yap\u0131lan 3 sayfaya yay\u0131lm\u0131\u015f 65 sat\u0131rdan<span class=\"excerpt-hellip\"> [\u2026]<\/span><\/p>\n","protected":false},"featured_media":0,"template":"","meta":{"_monsterinsights_skip_tracking":false,"_monsterinsights_sitenote_active":false,"_monsterinsights_sitenote_note":"","_monsterinsights_sitenote_category":0},"product_brand":[],"product_cat":[13072,12291],"product_tag":[],"class_list":{"0":"post-723778","1":"product","2":"type-product","3":"status-publish","5":"product_cat-arastirma-inceleme-referans","6":"product_cat-edebiyat","7":"pa_cilt-ciltsiz","8":"pa_tur-kitap","9":"pa_yayinevi-yapi-kredi-yayinlari","10":"pa_yazar-semih-tezcan","12":"first","13":"instock","14":"sale","15":"shipping-taxable","16":"purchasable","17":"product-type-simple"},"_links":{"self":[{"href":"https:\/\/roveyayinevi.com.tr\/index.php\/wp-json\/wp\/v2\/product\/723778","targetHints":{"allow":["GET"]}}],"collection":[{"href":"https:\/\/roveyayinevi.com.tr\/index.php\/wp-json\/wp\/v2\/product"}],"about":[{"href":"https:\/\/roveyayinevi.com.tr\/index.php\/wp-json\/wp\/v2\/types\/product"}],"wp:attachment":[{"href":"https:\/\/roveyayinevi.com.tr\/index.php\/wp-json\/wp\/v2\/media?parent=723778"}],"wp:term":[{"taxonomy":"product_brand","embeddable":true,"href":"https:\/\/roveyayinevi.com.tr\/index.php\/wp-json\/wp\/v2\/product_brand?post=723778"},{"taxonomy":"product_cat","embeddable":true,"href":"https:\/\/roveyayinevi.com.tr\/index.php\/wp-json\/wp\/v2\/product_cat?post=723778"},{"taxonomy":"product_tag","embeddable":true,"href":"https:\/\/roveyayinevi.com.tr\/index.php\/wp-json\/wp\/v2\/product_tag?post=723778"}],"curies":[{"name":"wp","href":"https:\/\/api.w.org\/{rel}","templated":true}]}}