{"id":723777,"date":"2025-08-27T19:24:20","date_gmt":"2025-08-27T16:24:20","guid":{"rendered":"https:\/\/roveyayinevi.com.tr\/index.php\/urun\/donusum-24\/"},"modified":"2026-04-16T02:31:48","modified_gmt":"2026-04-15T23:31:48","slug":"donusum-24","status":"publish","type":"product","link":"https:\/\/roveyayinevi.com.tr\/index.php\/urun\/donusum-24\/","title":{"rendered":"D\u00f6n\u00fc\u015f\u00fcm"},"content":{"rendered":"<p>Gezgin sat\u0131c\u0131 \u201cGregor Samsa bir sabah huzursuz uykusundan uyand\u0131\u011f\u0131nda kendini yata\u011f\u0131nda devasa bir b\u00f6ce\u011fe d\u00f6n\u00fc\u015fm\u00fc\u015f bul[ur].\u201d   Hen\u00fcz ilk c\u00fcmlesinde okuru kendi \u00f6nyarg\u0131 bariyerleriyle kar\u015f\u0131 kar\u015f\u0131ya b\u0131rakan D\u00f6n\u00fc\u015f\u00fcm \u00f6yk\u00fcs\u00fcnde Kafka insan duyarl\u0131\u011f\u0131na b\u00fct\u00fcn\u00fcyle yabanc\u0131la\u015fm\u0131\u015f insanlar\u0131n d\u00fcnyas\u0131na \u00e7ekirdek ailenin duvarlar\u0131 i\u00e7inden bakmay\u0131 dener. \u0130lk kez 1915\u2019te yay\u0131mlanan, hacmini a\u015fan g\u00fcc\u00fcyle \u2013t\u0131pk\u0131 Ceza S\u00f6m\u00fcrgesi gibi\u2013 tek ba\u015f\u0131na ayakta durabilen D\u00f6n\u00fc\u015f\u00fcm geride sert kabuklu sorular b\u0131rakan, \u2018ac\u0131 ger\u00e7ek\u00e7i\u2019 bir Kafkaesk fantazmagorya.   Kafka\u2019n\u0131n yap\u0131t\u0131, yirminci y\u00fczy\u0131l\u0131n deh\u015fetini ve kayg\u0131lar\u0131n\u0131 simgeler; insan\u0131 en u\u00e7 noktada yaz\u0131ya i\u015fler.   Ola ki Kafka\u2019n\u0131n D\u00f6n\u00fc\u015f\u00fcm\u2019\u00fc herhangi birine b\u00f6cekbilimsel bir fanteziden daha \u00f6te bir \u015fey olarak g\u00f6r\u00fcn\u00fcyorsa, o ki\u015fiyi, iyi ve harika okurlar\u0131n saf\u0131na kat\u0131lm\u0131\u015f olmaktan dolay\u0131 kutlar\u0131m. &#8211; Vladimir Nabokov   Kafka\u2019da a\u015fk\u0131n g\u00f6r\u00fcnen ne varsa ger\u00e7ekte alay konusudur ama tekinsiz bi\u00e7imde; ruhun muhte\u015fem tatl\u0131l\u0131\u011f\u0131ndan yay\u0131lan bir alay etmedir. &#8211; Harold Bloom   [Kafka] insan\u0131n modern zamanlar huzursuzlu\u011funda milyonlar ad\u0131na konu\u015ftu; do\u011fumundan bug\u00fcne dek ge\u00e7en y\u00fcz y\u0131la bak\u0131ld\u0131\u011f\u0131nda son kutsal yazar ve modern insan\u0131n kozmik a\u00e7maz\u0131n\u0131 aktaran y\u00fcce fabl yazar\u0131 olarak g\u00f6r\u00fclebilir. &#8211; John Updike <\/p>\n","protected":false},"excerpt":{"rendered":"<p>Gezgin sat\u0131c\u0131 \u201cGregor Samsa bir sabah huzursuz uykusundan uyand\u0131\u011f\u0131nda kendini yata\u011f\u0131nda devasa bir b\u00f6ce\u011fe d\u00f6n\u00fc\u015fm\u00fc\u015f bul[ur].\u201d Hen\u00fcz ilk c\u00fcmlesinde okuru kendi \u00f6nyarg\u0131 bariyerleriyle kar\u015f\u0131 kar\u015f\u0131ya b\u0131rakan<span class=\"excerpt-hellip\"> [\u2026]<\/span><\/p>\n","protected":false},"featured_media":0,"template":"","meta":{"_monsterinsights_skip_tracking":false,"_monsterinsights_sitenote_active":false,"_monsterinsights_sitenote_note":"","_monsterinsights_sitenote_category":0},"product_brand":[],"product_cat":[12291,26797],"product_tag":[],"class_list":{"0":"post-723777","1":"product","2":"type-product","3":"status-publish","5":"product_cat-edebiyat","6":"product_cat-modern-klasikler","7":"pa_cilt-ciltsiz","8":"pa_tur-kitap","9":"pa_yayinevi-yapi-kredi-yayinlari","10":"pa_yazar-franz-kafka","12":"first","13":"instock","14":"sale","15":"shipping-taxable","16":"purchasable","17":"product-type-simple"},"_links":{"self":[{"href":"https:\/\/roveyayinevi.com.tr\/index.php\/wp-json\/wp\/v2\/product\/723777","targetHints":{"allow":["GET"]}}],"collection":[{"href":"https:\/\/roveyayinevi.com.tr\/index.php\/wp-json\/wp\/v2\/product"}],"about":[{"href":"https:\/\/roveyayinevi.com.tr\/index.php\/wp-json\/wp\/v2\/types\/product"}],"wp:attachment":[{"href":"https:\/\/roveyayinevi.com.tr\/index.php\/wp-json\/wp\/v2\/media?parent=723777"}],"wp:term":[{"taxonomy":"product_brand","embeddable":true,"href":"https:\/\/roveyayinevi.com.tr\/index.php\/wp-json\/wp\/v2\/product_brand?post=723777"},{"taxonomy":"product_cat","embeddable":true,"href":"https:\/\/roveyayinevi.com.tr\/index.php\/wp-json\/wp\/v2\/product_cat?post=723777"},{"taxonomy":"product_tag","embeddable":true,"href":"https:\/\/roveyayinevi.com.tr\/index.php\/wp-json\/wp\/v2\/product_tag?post=723777"}],"curies":[{"name":"wp","href":"https:\/\/api.w.org\/{rel}","templated":true}]}}