{"id":723775,"date":"2025-08-27T19:24:19","date_gmt":"2025-08-27T16:24:19","guid":{"rendered":"https:\/\/roveyayinevi.com.tr\/index.php\/urun\/kurana-yabancilasma-sureci\/"},"modified":"2026-04-16T02:31:48","modified_gmt":"2026-04-15T23:31:48","slug":"kurana-yabancilasma-sureci","status":"publish","type":"product","link":"https:\/\/roveyayinevi.com.tr\/index.php\/urun\/kurana-yabancilasma-sureci\/","title":{"rendered":"Kur\u2019an\u2019a Yabanc\u0131la\u015fma S\u00fcreci"},"content":{"rendered":"<p>M\u00fcsl\u00fcman zihin, bilgisizlikten kaynaklanan \u00f6nyarg\u0131lar ile ku\u015fat\u0131lm\u0131\u015ft\u0131r. Bilgi sahibi olmadan iman sahibi olman\u0131n y\u00fcceltilmesi, M\u00fcsl\u00fcman akl\u0131 i\u015flevsiz b\u0131rakm\u0131\u015ft\u0131r. H\u00e2lbuki ilmi \u00f6ncelemek Kur\u2019an\u2019\u0131n emridir.   M\u00fcsl\u00fcman gelene\u011fin tarih i\u00e7inde yorumlad\u0131\u011f\u0131 \u0130slam, yol g\u00f6sterme niteli\u011fini kaybetmi\u015ftir. Dinin yorumlanmas\u0131n\u0131n belli bir zaman dilimine hapsedilmesi, \u2018zamansal ruhban s\u0131n\u0131f\u0131\u2019n\u0131 ortaya \u00e7\u0131karm\u0131\u015ft\u0131r. Bu sebeple M\u00fcsl\u00fcman bireyin yarat\u0131c\u0131 enerjisi gelenek k\u0131skac\u0131 alt\u0131nda erimi\u015ftir ve erimeye devam etmektedir.  M\u00fcsl\u00fcman ak\u0131l, gelene\u011fi tek \u00e7\u00f6z\u00fcm olarak g\u00f6rmeyi b\u0131rak\u0131p, kendine has fikirler \u00fcretme cesaretini g\u00f6stermelidir. Bu eser, Kur\u2019an\u2019\u0131n yenileyici g\u00fcc\u00fcn\u00fcn nas\u0131l kaybedildi\u011fini delilleriyle ortaya koymaktad\u0131r. <\/p>\n","protected":false},"excerpt":{"rendered":"<p>M\u00fcsl\u00fcman zihin, bilgisizlikten kaynaklanan \u00f6nyarg\u0131lar ile ku\u015fat\u0131lm\u0131\u015ft\u0131r. Bilgi sahibi olmadan iman sahibi olman\u0131n y\u00fcceltilmesi, M\u00fcsl\u00fcman akl\u0131 i\u015flevsiz b\u0131rakm\u0131\u015ft\u0131r. H\u00e2lbuki ilmi \u00f6ncelemek Kur\u2019an\u2019\u0131n emridir. M\u00fcsl\u00fcman gelene\u011fin tarih<span class=\"excerpt-hellip\"> [\u2026]<\/span><\/p>\n","protected":false},"featured_media":0,"template":"","meta":{"_monsterinsights_skip_tracking":false,"_monsterinsights_sitenote_active":false,"_monsterinsights_sitenote_note":"","_monsterinsights_sitenote_category":0},"product_brand":[],"product_cat":[12718,12719,18109],"product_tag":[],"class_list":{"0":"post-723775","1":"product","2":"type-product","3":"status-publish","5":"product_cat-din","6":"product_cat-islam","7":"product_cat-islam-tarihi","8":"pa_cilt-ciltsiz","9":"pa_tur-kitap","10":"pa_yayinevi-otto-yayinlari","11":"pa_yazar-ahmet-akbulut","13":"first","14":"instock","15":"sale","16":"shipping-taxable","17":"purchasable","18":"product-type-simple"},"_links":{"self":[{"href":"https:\/\/roveyayinevi.com.tr\/index.php\/wp-json\/wp\/v2\/product\/723775","targetHints":{"allow":["GET"]}}],"collection":[{"href":"https:\/\/roveyayinevi.com.tr\/index.php\/wp-json\/wp\/v2\/product"}],"about":[{"href":"https:\/\/roveyayinevi.com.tr\/index.php\/wp-json\/wp\/v2\/types\/product"}],"wp:attachment":[{"href":"https:\/\/roveyayinevi.com.tr\/index.php\/wp-json\/wp\/v2\/media?parent=723775"}],"wp:term":[{"taxonomy":"product_brand","embeddable":true,"href":"https:\/\/roveyayinevi.com.tr\/index.php\/wp-json\/wp\/v2\/product_brand?post=723775"},{"taxonomy":"product_cat","embeddable":true,"href":"https:\/\/roveyayinevi.com.tr\/index.php\/wp-json\/wp\/v2\/product_cat?post=723775"},{"taxonomy":"product_tag","embeddable":true,"href":"https:\/\/roveyayinevi.com.tr\/index.php\/wp-json\/wp\/v2\/product_tag?post=723775"}],"curies":[{"name":"wp","href":"https:\/\/api.w.org\/{rel}","templated":true}]}}