{"id":723774,"date":"2025-08-27T19:24:18","date_gmt":"2025-08-27T16:24:18","guid":{"rendered":"https:\/\/roveyayinevi.com.tr\/index.php\/urun\/2-10-yas-cocuklar-icin-hayati-kolaylastiran-temel-aliskanliklar\/"},"modified":"2026-04-16T02:31:48","modified_gmt":"2026-04-15T23:31:48","slug":"2-10-yas-cocuklar-icin-hayati-kolaylastiran-temel-aliskanliklar","status":"publish","type":"product","link":"https:\/\/roveyayinevi.com.tr\/index.php\/urun\/2-10-yas-cocuklar-icin-hayati-kolaylastiran-temel-aliskanliklar\/","title":{"rendered":"2-10 Ya\u015f \u00c7ocuklar \u0130\u00e7in Hayat\u0131 Kolayla\u015ft\u0131ran Temel Al\u0131\u015fkanl\u0131klar"},"content":{"rendered":"<p>&#8220;Anne-baban\u0131n istekleriyle \u00e7ocu\u011fun istekleri uyum sa\u011flamad\u0131\u011f\u0131nda \u00e7at\u0131\u015fmalar ya\u015fan\u0131r. Bu s\u00fcre\u00e7te \u00f6nemli olan, \u00e7at\u0131\u015fmalar\u0131n sebeplerinin anla\u015f\u0131lmas\u0131d\u0131r. Bu kitap, \u00e7at\u0131\u015fmalar\u0131n kayna\u011f\u0131ndaki sebepleri ve olas\u0131 \u00e7\u00f6z\u00fcm yollar\u0131n\u0131n anla\u015f\u0131lmas\u0131n\u0131 kolayla\u015ft\u0131rmay\u0131 ama\u00e7l\u0131yor.&#8221;   &#8211; \u201cHayat\u0131 Kolayla\u015ft\u0131ran Temel Al\u0131\u015fkanl\u0131klar\u201d ne zaman olu\u015fmaya ba\u015flar? &#8211; \u00c7ocuklar\u0131n\u0131z\u0131n genel e\u011filimlerinin fark\u0131nda m\u0131s\u0131n\u0131z? &#8211; Anne-babalar\u0131n, \u00e7ocuklar\u0131na olumlu al\u0131\u015fkanl\u0131k e\u011fitimini verirken yapabilecekleri nelerdir? &#8211; Olumsuz al\u0131\u015fkanl\u0131klar\u0131n yerine olumlu al\u0131\u015fkanl\u0131klar\u0131 nas\u0131l koyabiliriz? &#8211; Davran\u0131\u015f e\u011fitiminde anne, baba ve \u00e7ocuk aras\u0131nda olu\u015fabilecek \u00e7at\u0131\u015fmalar\u0131n kayna\u011f\u0131 nedir? &#8211; \u00c7at\u0131\u015fmalar\u0131n \u00e7\u00f6z\u00fcm\u00fc i\u00e7in evde neler yap\u0131labilir? &#8211; T\u00fcm bu sorular\u0131 olumlu sonu\u00e7lara ba\u011flayabilmek i\u00e7in farkl\u0131 yakla\u015f\u0131mlar\u0131 denemeye haz\u0131r m\u0131s\u0131n\u0131z?   Her ebeveyn, \u00e7ocuklar\u0131n\u0131n ileride kendi se\u00e7imlerini yapabilen, gerekti\u011finde \u201chay\u0131r\u201d diyebilen, g\u00f6r\u00fc\u015flerini \u00e7ekinmeden ifade edebilen bireylere d\u00f6n\u00fc\u015fmesini ister. Peki, g\u00fc\u00e7l\u00fc bir ki\u015fili\u011fe sahip olmas\u0131n\u0131 istedi\u011finiz \u00e7ocuklar\u0131n\u0131z i\u00e7in geli\u015fim a\u015famas\u0131n\u0131n, onlar\u0131n \u00f6n\u00fcne koydu\u011funuz tabaktan ba\u015flad\u0131\u011f\u0131n\u0131 hi\u00e7 d\u00fc\u015f\u00fcnd\u00fcn\u00fcz m\u00fc? Psikolog Bilge Ayg\u00fcn, bu kitapla 2-10 ya\u015f aras\u0131 \u00e7ocuklar\u0131n geli\u015fim s\u00fcrecinde yap\u0131lmas\u0131 gerekenleri, her ebeveyn ve e\u011fitimcinin dikkate almas\u0131 gereken noktalar\u0131 anlat\u0131yor. K\u0131sacas\u0131, bundan b\u00f6yle \u201c\u00d6nce benim istedi\u011fimi ye!\u201d, \u201cA\u011flayacaksan odana git!\u201d, \u201cArt\u0131k uyuyacaks\u0131n!\u201d demeden \u00f6nce d\u00fc\u015f\u00fcnmenizi sa\u011flayacak bir kitap tutuyorsunuz elinizde. \u0130htiya\u00e7 duydu\u011funuz anda yan\u0131n\u0131zda olacak, size yol g\u00f6sterecek \u00f6rnek al\u0131\u015ft\u0131rmalarla \u2018yeni d\u00fczen\u2019i hayat\u0131n\u0131za adapte etmenizi sa\u011flayacak bilgilerle\u2026 <\/p>\n","protected":false},"excerpt":{"rendered":"<p>&#8220;Anne-baban\u0131n istekleriyle \u00e7ocu\u011fun istekleri uyum sa\u011flamad\u0131\u011f\u0131nda \u00e7at\u0131\u015fmalar ya\u015fan\u0131r. Bu s\u00fcre\u00e7te \u00f6nemli olan, \u00e7at\u0131\u015fmalar\u0131n sebeplerinin anla\u015f\u0131lmas\u0131d\u0131r. Bu kitap, \u00e7at\u0131\u015fmalar\u0131n kayna\u011f\u0131ndaki sebepleri ve olas\u0131 \u00e7\u00f6z\u00fcm yollar\u0131n\u0131n anla\u015f\u0131lmas\u0131n\u0131 kolayla\u015ft\u0131rmay\u0131<span class=\"excerpt-hellip\"> [\u2026]<\/span><\/p>\n","protected":false},"featured_media":0,"template":"","meta":{"_monsterinsights_skip_tracking":false,"_monsterinsights_sitenote_active":false,"_monsterinsights_sitenote_note":"","_monsterinsights_sitenote_category":0},"product_brand":[],"product_cat":[12567,12566],"product_tag":[],"class_list":{"0":"post-723774","1":"product","2":"type-product","3":"status-publish","5":"product_cat-diger-egitim","6":"product_cat-egitim","7":"pa_cilt-ciltsiz","8":"pa_tur-kitap","9":"pa_yayinevi-epsilon-yayinlari","10":"pa_yazar-bilge-aygun","12":"first","13":"instock","14":"sale","15":"shipping-taxable","16":"purchasable","17":"product-type-simple"},"_links":{"self":[{"href":"https:\/\/roveyayinevi.com.tr\/index.php\/wp-json\/wp\/v2\/product\/723774","targetHints":{"allow":["GET"]}}],"collection":[{"href":"https:\/\/roveyayinevi.com.tr\/index.php\/wp-json\/wp\/v2\/product"}],"about":[{"href":"https:\/\/roveyayinevi.com.tr\/index.php\/wp-json\/wp\/v2\/types\/product"}],"wp:attachment":[{"href":"https:\/\/roveyayinevi.com.tr\/index.php\/wp-json\/wp\/v2\/media?parent=723774"}],"wp:term":[{"taxonomy":"product_brand","embeddable":true,"href":"https:\/\/roveyayinevi.com.tr\/index.php\/wp-json\/wp\/v2\/product_brand?post=723774"},{"taxonomy":"product_cat","embeddable":true,"href":"https:\/\/roveyayinevi.com.tr\/index.php\/wp-json\/wp\/v2\/product_cat?post=723774"},{"taxonomy":"product_tag","embeddable":true,"href":"https:\/\/roveyayinevi.com.tr\/index.php\/wp-json\/wp\/v2\/product_tag?post=723774"}],"curies":[{"name":"wp","href":"https:\/\/api.w.org\/{rel}","templated":true}]}}