{"id":723767,"date":"2025-08-27T19:24:11","date_gmt":"2025-08-27T16:24:11","guid":{"rendered":"https:\/\/roveyayinevi.com.tr\/index.php\/urun\/dua-eden-peygamberim-can-ile-canan-peygamberimizi-seviyoruz\/"},"modified":"2026-04-16T02:31:48","modified_gmt":"2026-04-15T23:31:48","slug":"dua-eden-peygamberim-can-ile-canan-peygamberimizi-seviyoruz","status":"publish","type":"product","link":"https:\/\/roveyayinevi.com.tr\/index.php\/urun\/dua-eden-peygamberim-can-ile-canan-peygamberimizi-seviyoruz\/","title":{"rendered":"Dua Eden Peygamberim &#8211; Can \u0130le Canan Peygamberimizi Seviyoruz"},"content":{"rendered":"<p>Merakl\u0131 ikizler Can ile Canan, kitapl\u0131ktan se\u00e7tikleri \u00e7ok g\u00fczel bir kitapla, Peygamberimizin ve arkada\u015flar\u0131n\u0131n ya\u015fad\u0131klar\u0131 MUTLULUK \u00c7A\u011eI&#8217;n\u0131 \u00e7ok daha yak\u0131ndan tan\u0131yor; bu kitab\u0131 yeni \u00f6\u011frendikleri ETK\u0130L\u0130 OKUMA Y\u00d6NTEMLER\u0130 ile okurken, yeteneklerini ke\u015ffediyorlar. Bu kitapta Can ile Canan, k\u00fc\u00e7\u00fck karde\u015fleri Handan ile Peygamberimizin etti\u011fi dualar\u0131 \u00f6\u011freniyorlar. Dua etmenin hayatlar\u0131ndaki \u00f6nemini kavrayan karde\u015fler, dualar\u0131 sayesinde bakal\u0131m nas\u0131l g\u00fczelliklerle kar\u015f\u0131la\u015f\u0131yorlar?<\/p>\n","protected":false},"excerpt":{"rendered":"<p>Merakl\u0131 ikizler Can ile Canan, kitapl\u0131ktan se\u00e7tikleri \u00e7ok g\u00fczel bir kitapla, Peygamberimizin ve arkada\u015flar\u0131n\u0131n ya\u015fad\u0131klar\u0131 MUTLULUK \u00c7A\u011eI&#8217;n\u0131 \u00e7ok daha yak\u0131ndan tan\u0131yor; bu kitab\u0131 yeni \u00f6\u011frendikleri ETK\u0130L\u0130<span class=\"excerpt-hellip\"> [\u2026]<\/span><\/p>\n","protected":false},"featured_media":0,"template":"","meta":{"_monsterinsights_skip_tracking":false,"_monsterinsights_sitenote_active":false,"_monsterinsights_sitenote_note":"","_monsterinsights_sitenote_category":0},"product_brand":[],"product_cat":[12274,12284],"product_tag":[],"class_list":{"0":"post-723767","1":"product","2":"type-product","3":"status-publish","5":"product_cat-cocuk-ve-genclik-kitaplari","6":"product_cat-hikayeler","7":"pa_cilt-ciltsiz","8":"pa_tur-kitap","9":"pa_yayinevi-timas-cocuk","10":"pa_yazar-nefise-atcakarlar","12":"first","13":"instock","14":"sale","15":"shipping-taxable","16":"purchasable","17":"product-type-simple"},"_links":{"self":[{"href":"https:\/\/roveyayinevi.com.tr\/index.php\/wp-json\/wp\/v2\/product\/723767","targetHints":{"allow":["GET"]}}],"collection":[{"href":"https:\/\/roveyayinevi.com.tr\/index.php\/wp-json\/wp\/v2\/product"}],"about":[{"href":"https:\/\/roveyayinevi.com.tr\/index.php\/wp-json\/wp\/v2\/types\/product"}],"wp:attachment":[{"href":"https:\/\/roveyayinevi.com.tr\/index.php\/wp-json\/wp\/v2\/media?parent=723767"}],"wp:term":[{"taxonomy":"product_brand","embeddable":true,"href":"https:\/\/roveyayinevi.com.tr\/index.php\/wp-json\/wp\/v2\/product_brand?post=723767"},{"taxonomy":"product_cat","embeddable":true,"href":"https:\/\/roveyayinevi.com.tr\/index.php\/wp-json\/wp\/v2\/product_cat?post=723767"},{"taxonomy":"product_tag","embeddable":true,"href":"https:\/\/roveyayinevi.com.tr\/index.php\/wp-json\/wp\/v2\/product_tag?post=723767"}],"curies":[{"name":"wp","href":"https:\/\/api.w.org\/{rel}","templated":true}]}}