{"id":723760,"date":"2025-08-27T19:24:05","date_gmt":"2025-08-27T16:24:05","guid":{"rendered":"https:\/\/roveyayinevi.com.tr\/index.php\/urun\/botanik-adasi-korsanlarin-seyir-defteri\/"},"modified":"2026-04-07T02:40:27","modified_gmt":"2026-04-06T23:40:27","slug":"botanik-adasi-korsanlarin-seyir-defteri","status":"publish","type":"product","link":"https:\/\/roveyayinevi.com.tr\/index.php\/urun\/botanik-adasi-korsanlarin-seyir-defteri\/","title":{"rendered":"Botanik Adas\u0131 &#8211; Korsanlar\u0131n Seyir Defteri"},"content":{"rendered":"<p>\u201cKorsanlar Seyahat\u2019in muhte\u015fem gemisi Atmaca ile e\u015fi benzeri olmayan denizlere a\u00e7\u0131lmaya haz\u0131r m\u0131s\u0131n\u0131z? S\u00fcrprizlere a\u00e7\u0131k m\u0131s\u0131n\u0131z, \u00f6\u011frenmeyi seviyor musunuz, merak\u0131n\u0131z\u0131 yenemiyor musunuz, macera m\u0131 ar\u0131yorsunuz? O zaman bu seyahat sizin i\u00e7in! Efsunlu denizlerin yedi d\u00fcvele korku salm\u0131\u015f, g\u00f6z\u00fc pek korsanlar\u0131 Puhu, Ebabil, Ser\u00e7e, Kuzgun ve Anka seyahat boyunca sizlerle olacak.\u201dKorsanlar Seyahat\u2019in akl\u0131 bilgiye, g\u00f6nl\u00fc maceraya a\u00e7 korsanlar\u0131n\u0131n ilk yolculuklar\u0131nda ilgin\u00e7 bir yolcular\u0131 var; Herodot. Elinde gizemli bir kitapla dola\u015fan Herodot, kahramanlar\u0131m\u0131z\u0131 rotas\u0131ndan sapt\u0131r\u0131yor ve bamba\u015fka bir evrene gitmelerine yol a\u00e7\u0131yor. \u00d6nlerinde a\u015fmalar\u0131 gereken bir Bilgi Okyanusu, tehlikelerle dolu Cehalet Denizi ve birbirinden de\u011fi\u015fik d\u00f6rt ada uzan\u0131yor. D\u00f6rd\u00fcnc\u00fc duraklar\u0131 ise \u201cBotanik Adas\u0131\u201d.  Konumuz, tabii ki do\u011fa sevgisi.  Me\u015fe\u2019den Sekoya\u2019ya, K\u00fcsk\u00fct Otu\u2019ndan Zeytin a\u011fac\u0131na hepsi kendini anlat\u0131yor, \u201cbize iyi davran\u0131n\u201d diyor\u2026 Do\u011fa savunucular\u0131 ve maceraseverler buyurun maceraya.<\/p>\n","protected":false},"excerpt":{"rendered":"<p>\u201cKorsanlar Seyahat\u2019in muhte\u015fem gemisi Atmaca ile e\u015fi benzeri olmayan denizlere a\u00e7\u0131lmaya haz\u0131r m\u0131s\u0131n\u0131z? S\u00fcrprizlere a\u00e7\u0131k m\u0131s\u0131n\u0131z, \u00f6\u011frenmeyi seviyor musunuz, merak\u0131n\u0131z\u0131 yenemiyor musunuz, macera m\u0131 ar\u0131yorsunuz? O<span class=\"excerpt-hellip\"> [\u2026]<\/span><\/p>\n","protected":false},"featured_media":0,"template":"","meta":{"_monsterinsights_skip_tracking":false,"_monsterinsights_sitenote_active":false,"_monsterinsights_sitenote_note":"","_monsterinsights_sitenote_category":0},"product_brand":[],"product_cat":[12274,12284],"product_tag":[],"class_list":{"0":"post-723760","1":"product","2":"type-product","3":"status-publish","5":"product_cat-cocuk-ve-genclik-kitaplari","6":"product_cat-hikayeler","7":"pa_cilt-ciltsiz","8":"pa_tur-kitap","9":"pa_yayinevi-timas-cocuk","10":"pa_yazar-seniz-bas","12":"first","13":"instock","14":"sale","15":"shipping-taxable","16":"purchasable","17":"product-type-simple"},"_links":{"self":[{"href":"https:\/\/roveyayinevi.com.tr\/index.php\/wp-json\/wp\/v2\/product\/723760","targetHints":{"allow":["GET"]}}],"collection":[{"href":"https:\/\/roveyayinevi.com.tr\/index.php\/wp-json\/wp\/v2\/product"}],"about":[{"href":"https:\/\/roveyayinevi.com.tr\/index.php\/wp-json\/wp\/v2\/types\/product"}],"wp:attachment":[{"href":"https:\/\/roveyayinevi.com.tr\/index.php\/wp-json\/wp\/v2\/media?parent=723760"}],"wp:term":[{"taxonomy":"product_brand","embeddable":true,"href":"https:\/\/roveyayinevi.com.tr\/index.php\/wp-json\/wp\/v2\/product_brand?post=723760"},{"taxonomy":"product_cat","embeddable":true,"href":"https:\/\/roveyayinevi.com.tr\/index.php\/wp-json\/wp\/v2\/product_cat?post=723760"},{"taxonomy":"product_tag","embeddable":true,"href":"https:\/\/roveyayinevi.com.tr\/index.php\/wp-json\/wp\/v2\/product_tag?post=723760"}],"curies":[{"name":"wp","href":"https:\/\/api.w.org\/{rel}","templated":true}]}}