{"id":723759,"date":"2025-08-27T19:24:04","date_gmt":"2025-08-27T16:24:04","guid":{"rendered":"https:\/\/roveyayinevi.com.tr\/index.php\/urun\/hadislerin-isiginda-hz-muhammed\/"},"modified":"2026-04-16T02:31:48","modified_gmt":"2026-04-15T23:31:48","slug":"hadislerin-isiginda-hz-muhammed","status":"publish","type":"product","link":"https:\/\/roveyayinevi.com.tr\/index.php\/urun\/hadislerin-isiginda-hz-muhammed\/","title":{"rendered":"Hadislerin I\u015f\u0131\u011f\u0131nda Hz. Muhammed"},"content":{"rendered":"<p>Hz. Muhammed, insanl\u0131\u011f\u0131 \u015fereflendirdi\u011fi ilk andan itibaren, etkisi her m\u00fcsl\u00fcman\u0131n son nefesini verdi\u011fi \u00e2na kadar devam eden bir d\u00fcnya, hayat bi\u00e7imini ortaya koymu\u015ftur. O, baz\u0131lar\u0131n\u0131n g\u00f6rd\u00fc\u011f\u00fc gibi Kur&#8217;\u00e2n&#8217;\u0131 insanl\u0131\u011fa aktaran bir &#8220;postac\u0131&#8221; de\u011fildir. Kendi hayat\u0131 ile, Kur&#8217;\u00e2n&#8217;\u0131n tarif etti\u011fi insan\u0131n nas\u0131l ya\u015famas\u0131 gerekti\u011fini ortaya koymu\u015ftur. Onun s\u00f6z ve davran\u0131\u015flar\u0131, \u0130sl\u00e2m&#8217;\u0131 en do\u011fru \u015fekilde ya\u015famak isteyen insanlar i\u00e7in nesillerdir rehber niteli\u011findedir. T\u00fcrk fikir hayat\u0131n\u0131n m\u00fcstesna isimlerinden Rasim \u00d6zden\u00f6ren bu eserinde, herhangi bir sisteme ba\u011fl\u0131 kalmaks\u0131z\u0131n okudu\u011fu  Hadis-i \u015eeriflerden yola \u00e7\u0131karak, kendi d\u00fcnyas\u0131ndaki kar\u015f\u0131l\u0131klar\u0131 okurlarla payla\u015f\u0131yor. Okudu\u011fu Hadis-i \u015eeriflerin tamam\u0131n\u0131n, asl\u0131nda ayn\u0131 anlam\u0131 b\u00fct\u00fcnleyen devasa bir yapbozun par\u00e7alar\u0131 oldu\u011funu d\u00fc\u015f\u00fcnen \u00d6zden\u00f6ren&#8217;in, bu \u00e7al\u0131\u015fmas\u0131yla adeta modern bir &#8220;K\u0131rk Hadis \u015eerhi&#8221; yapm\u0131\u015f kabul edilebilir&#8230;<\/p>\n","protected":false},"excerpt":{"rendered":"<p>Hz. Muhammed, insanl\u0131\u011f\u0131 \u015fereflendirdi\u011fi ilk andan itibaren, etkisi her m\u00fcsl\u00fcman\u0131n son nefesini verdi\u011fi \u00e2na kadar devam eden bir d\u00fcnya, hayat bi\u00e7imini ortaya koymu\u015ftur. O, baz\u0131lar\u0131n\u0131n g\u00f6rd\u00fc\u011f\u00fc<span class=\"excerpt-hellip\"> [\u2026]<\/span><\/p>\n","protected":false},"featured_media":0,"template":"","meta":{"_monsterinsights_skip_tracking":false,"_monsterinsights_sitenote_active":false,"_monsterinsights_sitenote_note":"","_monsterinsights_sitenote_category":0},"product_brand":[],"product_cat":[16789,12718,12719],"product_tag":[],"class_list":{"0":"post-723759","1":"product","2":"type-product","3":"status-publish","5":"product_cat-diger-islam","6":"product_cat-din","7":"product_cat-islam","8":"pa_cilt-ciltsiz","9":"pa_tur-kitap","10":"pa_yayinevi-iz-yayincilik","11":"pa_yazar-rasim-ozdenoren","13":"first","14":"instock","15":"sale","16":"shipping-taxable","17":"purchasable","18":"product-type-simple"},"_links":{"self":[{"href":"https:\/\/roveyayinevi.com.tr\/index.php\/wp-json\/wp\/v2\/product\/723759","targetHints":{"allow":["GET"]}}],"collection":[{"href":"https:\/\/roveyayinevi.com.tr\/index.php\/wp-json\/wp\/v2\/product"}],"about":[{"href":"https:\/\/roveyayinevi.com.tr\/index.php\/wp-json\/wp\/v2\/types\/product"}],"wp:attachment":[{"href":"https:\/\/roveyayinevi.com.tr\/index.php\/wp-json\/wp\/v2\/media?parent=723759"}],"wp:term":[{"taxonomy":"product_brand","embeddable":true,"href":"https:\/\/roveyayinevi.com.tr\/index.php\/wp-json\/wp\/v2\/product_brand?post=723759"},{"taxonomy":"product_cat","embeddable":true,"href":"https:\/\/roveyayinevi.com.tr\/index.php\/wp-json\/wp\/v2\/product_cat?post=723759"},{"taxonomy":"product_tag","embeddable":true,"href":"https:\/\/roveyayinevi.com.tr\/index.php\/wp-json\/wp\/v2\/product_tag?post=723759"}],"curies":[{"name":"wp","href":"https:\/\/api.w.org\/{rel}","templated":true}]}}