{"id":723758,"date":"2025-08-27T19:24:03","date_gmt":"2025-08-27T16:24:03","guid":{"rendered":"https:\/\/roveyayinevi.com.tr\/index.php\/urun\/sayilar-kitabi-serif-hayvanlar-aleminde\/"},"modified":"2026-04-16T02:31:48","modified_gmt":"2026-04-15T23:31:48","slug":"sayilar-kitabi-serif-hayvanlar-aleminde","status":"publish","type":"product","link":"https:\/\/roveyayinevi.com.tr\/index.php\/urun\/sayilar-kitabi-serif-hayvanlar-aleminde\/","title":{"rendered":"Say\u0131lar Kitab\u0131 &#8211; \u015eerif Hayvanlar Aleminde"},"content":{"rendered":"<p>Hikayeli Say\u0131lar Kitab\u0131  E\u011flenceli bir \u015fekilde say\u0131lar ile tan\u0131\u015fmaya ne dersiniz?\u015eerif ve tavu\u011fu K\u00fcpeli bir sabah k\u00fcmesteki t\u00fcm yumurtalar\u0131n kayboldu\u011funu g\u00f6rd\u00fcler.Bir tilki yumurtalar\u0131n hepsini al\u0131p ka\u00e7m\u0131\u015ft\u0131. \u0130\u015fte \u015eerif ile K\u00fcpeli\u2019nin maceralar\u0131 b\u00f6yle ba\u015flad\u0131.Yumurtalar\u0131 bulmak i\u00e7in orman\u0131n derinliklerine do\u011fru bir yolculu\u011fa \u00e7\u0131kt\u0131lar. Haydi biz de Tilki\u2019yi onlarla birlikte bulal\u0131m.  Haydi 1\u2019den 10\u2019a kadar hem saymay\u0131 hem de  yazmay\u0131 \u00f6\u011frenelim!\u00c7ocuklar, \u015eerif ve K\u00fcpeli\u2019yle birlikte 1\u2019den 10\u2019a kadar saymay\u0131 ve yazmay\u0131, macera dolu, s\u00fcr\u00fckleyici bir hikayeyle e\u011flenerek \u00f6\u011frenecekler. Her sayfada yeni bir say\u0131, yeni bir hayvan, lezzetli orman meyveleri, zihin a\u00e7an bilmeceler ve \u00e7ocuklar\u0131n kitab\u0131 istedikleri gibi \u015fekillendirebilecekleri etiketler\u2026  Bu kitapta neler var? -Dokun ve HissetSay\u0131lar sayfalara derin bask\u0131l\u0131d\u0131r. \u00c7ocuklar parmaklar\u0131yla say\u0131lar\u0131n yap\u0131s\u0131n\u0131 dokunarak ve hissederek \u00f6\u011frenirler.  -Silinebilir Kalem  Sayfalar al\u0131\u015ft\u0131rma yapabilmek i\u00e7indir, defalarca yaz\u0131l\u0131p silinebilir. Say\u0131lar\u0131 yazmaya yard\u0131mc\u0131 olacak noktalar \u00fczerinden \u00e7ocuklar, say\u0131lar\u0131 defalarca yaz\u0131p, bol bol pratik yapabilirler. Eksik olan nesneleri kalemiyle sayfalara \u00e7izebilirler.  -A\u00e7 ve Kapa Penceler\u00c7ocuklar a\u00e7 ve kapa pencerelerle sayfalarda gizlenen Tilki\u2019yi takip ederler. S\u00fcrprizli pencereler \u00e7ocuklar\u0131n dikkatlerini \u00e7ekmeye yard\u0131mc\u0131 olur ve merak uyand\u0131r\u0131r.   -Y\u00f6nlendirmelerSayfalara gizlenmi\u015f y\u00f6nlendirmelerle, \u00e7ocuklara sorular sorup, say\u0131lar\u0131 daha iyi kavramalar\u0131n\u0131 sa\u011flayabilirsiniz. -EtiketlerHikayedeki eksik par\u00e7alar\u0131 \u00e7ocuklar etiketlerinden tamamlar. Bu sayede kitab\u0131yla etkile\u015fim i\u00e7inde olur ve onu bir oyunca\u011f\u0131 gibi benimser.   Parmak ve ellerini kullanarak ince motor becerisini geli\u015ftirmesine yard\u0131mc\u0131 olur.Problem \u00c7\u00f6zme becerilerini geli\u015ftirir.<\/p>\n","protected":false},"excerpt":{"rendered":"<p>Hikayeli Say\u0131lar Kitab\u0131 E\u011flenceli bir \u015fekilde say\u0131lar ile tan\u0131\u015fmaya ne dersiniz?\u015eerif ve tavu\u011fu K\u00fcpeli bir sabah k\u00fcmesteki t\u00fcm yumurtalar\u0131n kayboldu\u011funu g\u00f6rd\u00fcler.Bir tilki yumurtalar\u0131n hepsini al\u0131p ka\u00e7m\u0131\u015ft\u0131.<span class=\"excerpt-hellip\"> [\u2026]<\/span><\/p>\n","protected":false},"featured_media":0,"template":"","meta":{"_monsterinsights_skip_tracking":false,"_monsterinsights_sitenote_active":false,"_monsterinsights_sitenote_note":"","_monsterinsights_sitenote_category":0},"product_brand":[],"product_cat":[12274,12518],"product_tag":[],"class_list":{"0":"post-723758","1":"product","2":"type-product","3":"status-publish","5":"product_cat-cocuk-ve-genclik-kitaplari","6":"product_cat-okul-oncesi-kitaplar","7":"pa_cilt-ciltsiz","8":"pa_tur-kitap","9":"pa_yayinevi-ucan-kitap","10":"pa_yazar-ucan-kitap-kolektif","12":"first","13":"instock","14":"sale","15":"shipping-taxable","16":"purchasable","17":"product-type-simple"},"_links":{"self":[{"href":"https:\/\/roveyayinevi.com.tr\/index.php\/wp-json\/wp\/v2\/product\/723758","targetHints":{"allow":["GET"]}}],"collection":[{"href":"https:\/\/roveyayinevi.com.tr\/index.php\/wp-json\/wp\/v2\/product"}],"about":[{"href":"https:\/\/roveyayinevi.com.tr\/index.php\/wp-json\/wp\/v2\/types\/product"}],"wp:attachment":[{"href":"https:\/\/roveyayinevi.com.tr\/index.php\/wp-json\/wp\/v2\/media?parent=723758"}],"wp:term":[{"taxonomy":"product_brand","embeddable":true,"href":"https:\/\/roveyayinevi.com.tr\/index.php\/wp-json\/wp\/v2\/product_brand?post=723758"},{"taxonomy":"product_cat","embeddable":true,"href":"https:\/\/roveyayinevi.com.tr\/index.php\/wp-json\/wp\/v2\/product_cat?post=723758"},{"taxonomy":"product_tag","embeddable":true,"href":"https:\/\/roveyayinevi.com.tr\/index.php\/wp-json\/wp\/v2\/product_tag?post=723758"}],"curies":[{"name":"wp","href":"https:\/\/api.w.org\/{rel}","templated":true}]}}