{"id":723756,"date":"2025-08-27T19:24:02","date_gmt":"2025-08-27T16:24:02","guid":{"rendered":"https:\/\/roveyayinevi.com.tr\/index.php\/urun\/balkopugu-ile-tatli-bir-surpriz\/"},"modified":"2026-04-06T12:53:58","modified_gmt":"2026-04-06T09:53:58","slug":"balkopugu-ile-tatli-bir-surpriz","status":"publish","type":"product","link":"https:\/\/roveyayinevi.com.tr\/index.php\/urun\/balkopugu-ile-tatli-bir-surpriz\/","title":{"rendered":"Balk\u00f6p\u00fc\u011f\u00fc ile Tatl\u0131 Bir S\u00fcrpriz"},"content":{"rendered":"<p>Balk\u00f6p\u00fc\u011f\u00fc\u2019n\u00fc tatl\u0131 bir s\u00fcrpriz bekliyor. Acaba hediye kutusundan \u00e7\u0131kan bu tatl\u0131 s\u00fcrprizle Balk\u00f6p\u00fc\u011f\u00fc bu kez nas\u0131l bir sihirli yolculu\u011fa \u00e7\u0131kacak? Ceyda D\u00fcvenci, Serebral Palsi\u2019li k\u0131z\u0131 Melisa ve onun gibi fark\u0131yla mucize olan kahraman \u00e7ocuklar i\u00e7in kaleme ald\u0131. <\/p>\n","protected":false},"excerpt":{"rendered":"<p>Balk\u00f6p\u00fc\u011f\u00fc\u2019n\u00fc tatl\u0131 bir s\u00fcrpriz bekliyor. Acaba hediye kutusundan \u00e7\u0131kan bu tatl\u0131 s\u00fcrprizle Balk\u00f6p\u00fc\u011f\u00fc bu kez nas\u0131l bir sihirli yolculu\u011fa \u00e7\u0131kacak? Ceyda D\u00fcvenci, Serebral Palsi\u2019li k\u0131z\u0131 Melisa<span class=\"excerpt-hellip\"> [\u2026]<\/span><\/p>\n","protected":false},"featured_media":0,"template":"","meta":{"_monsterinsights_skip_tracking":false,"_monsterinsights_sitenote_active":false,"_monsterinsights_sitenote_note":"","_monsterinsights_sitenote_category":0},"product_brand":[],"product_cat":[12274,12284],"product_tag":[],"class_list":{"0":"post-723756","1":"product","2":"type-product","3":"status-publish","5":"product_cat-cocuk-ve-genclik-kitaplari","6":"product_cat-hikayeler","7":"pa_cilt-ciltsiz","8":"pa_tur-kitap","9":"pa_yayinevi-dogan-egmont-yayincilik","10":"pa_yazar-ceyda-duvenci","12":"first","13":"instock","14":"sale","15":"shipping-taxable","16":"purchasable","17":"product-type-simple"},"_links":{"self":[{"href":"https:\/\/roveyayinevi.com.tr\/index.php\/wp-json\/wp\/v2\/product\/723756","targetHints":{"allow":["GET"]}}],"collection":[{"href":"https:\/\/roveyayinevi.com.tr\/index.php\/wp-json\/wp\/v2\/product"}],"about":[{"href":"https:\/\/roveyayinevi.com.tr\/index.php\/wp-json\/wp\/v2\/types\/product"}],"wp:attachment":[{"href":"https:\/\/roveyayinevi.com.tr\/index.php\/wp-json\/wp\/v2\/media?parent=723756"}],"wp:term":[{"taxonomy":"product_brand","embeddable":true,"href":"https:\/\/roveyayinevi.com.tr\/index.php\/wp-json\/wp\/v2\/product_brand?post=723756"},{"taxonomy":"product_cat","embeddable":true,"href":"https:\/\/roveyayinevi.com.tr\/index.php\/wp-json\/wp\/v2\/product_cat?post=723756"},{"taxonomy":"product_tag","embeddable":true,"href":"https:\/\/roveyayinevi.com.tr\/index.php\/wp-json\/wp\/v2\/product_tag?post=723756"}],"curies":[{"name":"wp","href":"https:\/\/api.w.org\/{rel}","templated":true}]}}