{"id":723753,"date":"2025-08-27T19:23:59","date_gmt":"2025-08-27T16:23:59","guid":{"rendered":"https:\/\/roveyayinevi.com.tr\/index.php\/urun\/orgutlerde-isyeri-nezaketsizligi-akademik-personele-yonelik-fenomenolojik-bir-arastirma\/"},"modified":"2026-04-16T02:31:48","modified_gmt":"2026-04-15T23:31:48","slug":"orgutlerde-isyeri-nezaketsizligi-akademik-personele-yonelik-fenomenolojik-bir-arastirma","status":"publish","type":"product","link":"https:\/\/roveyayinevi.com.tr\/index.php\/urun\/orgutlerde-isyeri-nezaketsizligi-akademik-personele-yonelik-fenomenolojik-bir-arastirma\/","title":{"rendered":"\u00d6rg\u00fctlerde \u0130\u015fyeri Nezaketsizli\u011fi Akademik Personele Y\u00f6nelik Fenomenolojik Bir Ara\u015ft\u0131rma"},"content":{"rendered":"<p>\u0130\u00e7indekiler 1.      \u0130\u015fyeri Nezaketsizli\u011fi 1.       \u0130\u015f Hayat\u0131nda Toplumsa ve \u00d6rg\u00fctsel Normlar\u0131n De\u011fi\u015fimi 2.       \u0130\u015fyeri Nezaketsizli\u011finin Tan\u0131m\u0131 ve \u00d6nemi 3.       \u0130\u015fyeri Nezaketsizli\u011finin Benzer Kavramlardan Fark\u0131 4.       \u0130\u015fyeri Nezaketsizli\u011finin Nedenleri 5.       \u0130\u015fyeri Nezaketsizli\u011finin Sonu\u00e7lar\u0131 6.       K\u00fclt\u00fcrel Ba\u011flamdaki Farkl\u0131l\u0131klar 7.       \u0130\u015fyeri Nezaketsizli\u011fini \u00d6nleme 2.      \u0130\u015fyeri Nezaketsizli\u011fine Y\u00f6nelik Fenomenolojik Bir Ara\u015ft\u0131rma 1.       Ara\u015ft\u0131rman\u0131n Amac\u0131 2.       Ara\u015ft\u0131rman\u0131n Deseni 3.       Ara\u015ft\u0131rman\u0131n Ge\u00e7erlik ve G\u00fcvenirli\u011fi 4.       Ara\u015ft\u0131rman\u0131n \u00d6rneklemi ve Veri Toplama Y\u00f6ntemi 5.       Ara\u015ft\u0131rmac\u0131n\u0131n Konumu 6.       Toplanan Verilerin Analizi 3.      \u0130\u015fyeri Nezaketsizli\u011fine Y\u00f6nelik Yap\u0131lan Nitel Ara\u015ft\u0131rman\u0131n Bulgular\u0131 1.       \u0130\u015fyeri Nezaketsizli\u011finin Varl\u0131\u011f\u0131na Y\u00f6nelik Bulgular 2.       \u0130\u015fyeri Nezaketsizli\u011finin Nedenlerine Y\u00f6nelik Elde Edilen Bulgular 3.       \u0130\u015fyeri Nezaketsizli\u011finin Sonu\u00e7lar\u0131na Y\u00f6nelik Elde Edilen Bulgular 4.       Bilgi ve \u0130leti\u015fim Teknolojilerinin ve Sosyal Medyan\u0131n Nezaket Olgusuna Etkilerine Y\u00f6nelik Bulgular 5.       Nezaketin \u00d6\u011fretilebilmesine Y\u00f6nelik Bulgular 6.       \u0130\u015fyeri Nezaketsizli\u011fi ile Ba\u015f Etmeye Y\u00f6nelik Bulgular 7.       \u0130\u015fyeri Nezaketsizli\u011finin \u00d6nlenmesine Y\u00f6nelik Elde Edilen Bulgular 4.      Genel De\u011ferlendirme Sonu\u00e7 ve \u00d6neriler  1.       Genel De\u011ferlendirme  2.       Sonu\u00e7 ve \u00d6neriler<\/p>\n","protected":false},"excerpt":{"rendered":"<p>\u0130\u00e7indekiler 1. \u0130\u015fyeri Nezaketsizli\u011fi 1. \u0130\u015f Hayat\u0131nda Toplumsa ve \u00d6rg\u00fctsel Normlar\u0131n De\u011fi\u015fimi 2. \u0130\u015fyeri Nezaketsizli\u011finin Tan\u0131m\u0131 ve \u00d6nemi 3. \u0130\u015fyeri Nezaketsizli\u011finin Benzer Kavramlardan Fark\u0131 4. \u0130\u015fyeri<span class=\"excerpt-hellip\"> [\u2026]<\/span><\/p>\n","protected":false},"featured_media":0,"template":"","meta":{"_monsterinsights_skip_tracking":false,"_monsterinsights_sitenote_active":false,"_monsterinsights_sitenote_note":"","_monsterinsights_sitenote_category":0},"product_brand":[],"product_cat":[13043,14381],"product_tag":[],"class_list":{"0":"post-723753","1":"product","2":"type-product","3":"status-publish","5":"product_cat-ekonomi","6":"product_cat-isletme-muhasebe-maliye","7":"pa_cilt-ciltsiz","8":"pa_tur-kitap","9":"pa_yayinevi-gazi-kitabevi","10":"pa_yazar-sefik-ozdemir","12":"first","13":"instock","14":"sale","15":"shipping-taxable","16":"purchasable","17":"product-type-simple"},"_links":{"self":[{"href":"https:\/\/roveyayinevi.com.tr\/index.php\/wp-json\/wp\/v2\/product\/723753","targetHints":{"allow":["GET"]}}],"collection":[{"href":"https:\/\/roveyayinevi.com.tr\/index.php\/wp-json\/wp\/v2\/product"}],"about":[{"href":"https:\/\/roveyayinevi.com.tr\/index.php\/wp-json\/wp\/v2\/types\/product"}],"wp:attachment":[{"href":"https:\/\/roveyayinevi.com.tr\/index.php\/wp-json\/wp\/v2\/media?parent=723753"}],"wp:term":[{"taxonomy":"product_brand","embeddable":true,"href":"https:\/\/roveyayinevi.com.tr\/index.php\/wp-json\/wp\/v2\/product_brand?post=723753"},{"taxonomy":"product_cat","embeddable":true,"href":"https:\/\/roveyayinevi.com.tr\/index.php\/wp-json\/wp\/v2\/product_cat?post=723753"},{"taxonomy":"product_tag","embeddable":true,"href":"https:\/\/roveyayinevi.com.tr\/index.php\/wp-json\/wp\/v2\/product_tag?post=723753"}],"curies":[{"name":"wp","href":"https:\/\/api.w.org\/{rel}","templated":true}]}}