{"id":723752,"date":"2025-08-27T19:23:59","date_gmt":"2025-08-27T16:23:59","guid":{"rendered":"https:\/\/roveyayinevi.com.tr\/index.php\/urun\/turk-kulturune-hizmet-ogr-gor-sadiddin-ozturke-armagan\/"},"modified":"2026-04-16T02:31:48","modified_gmt":"2026-04-15T23:31:48","slug":"turk-kulturune-hizmet-ogr-gor-sadiddin-ozturke-armagan","status":"publish","type":"product","link":"https:\/\/roveyayinevi.com.tr\/index.php\/urun\/turk-kulturune-hizmet-ogr-gor-sadiddin-ozturke-armagan\/","title":{"rendered":"T\u00fcrk K\u00fclt\u00fcr\u00fcne Hizmet &#8211; \u00d6\u011fr. G\u00f6r. Sadiddin \u00d6zt\u00fcrk\u2019e Arma\u011fan"},"content":{"rendered":"<p>20 bin y\u0131l \u00f6nceye kadar uzanan T\u00fcrk tarihi ve k\u00fclt\u00fcr\u00fc, medeniyet in\u015fas\u0131 bak\u0131m\u0131ndan g\u00f6z kama\u015ft\u0131r\u0131c\u0131 bir derinli\u011fe ve zenginli\u011fe sahiptir. \u00c7a\u011flar boyunca Nil\u201fden \u0130rti\u015f\u201fe, Tuna\u201fdan Ganj\u201fa uzanan geni\u015f co\u011frafyada T\u00fcrk varl\u0131\u011f\u0131n\u0131n ve medeniyetinin bask\u0131n karakteristik \u00f6zelliklerine dair say\u0131s\u0131z ve canl\u0131-cans\u0131z \u015fahitlere rastlanmaktad\u0131r. Bu ise T\u00fcrk D\u00fcnyas\u0131 Co\u011frafyas\u0131 ad\u0131 verilen 10,5 milyon km2 alana h\u00fckmeden bir milletten ziyade, t\u00fcm d\u00fcnyay\u0131 etkileyen bir olu\u015fumun ad\u0131 haline geldi\u011fini g\u00f6stermektedir.D\u00fcnya tarihini etkileyen ve \u015fekillendiren T\u00fcrklerle ilgili milyonlarca bilimsel \u00e7al\u0131\u015fma yap\u0131lm\u0131\u015ft\u0131r. Ancak bu konuda sadece bilimsel \u00e7al\u0131\u015fmalar yapmak yeterli de\u011fildir. Yap\u0131lan-yaz\u0131lan \u00e7al\u0131\u015fmalar\u0131 gelecek nesil bilim insan\u0131 adaylar\u0131na aktarmak da gerekmektedir. i\u015fte bu kitap \u00e7al\u0131\u015fmas\u0131, T\u00fcrk tarihi ve k\u00fclt\u00fcr\u00fcne \u00f6zel bir de\u011fer atfederek okuyan, \u00e7al\u0131\u015fan, anlayan, yorumlayan ve aktaran \u00d6\u011fr. G\u00f6r. Sadiddin \u00d6zt\u00fcrk\u201fe arma\u011fan amac\u0131yla ortaya \u00e7\u0131km\u0131\u015ft\u0131r.<\/p>\n","protected":false},"excerpt":{"rendered":"<p>20 bin y\u0131l \u00f6nceye kadar uzanan T\u00fcrk tarihi ve k\u00fclt\u00fcr\u00fc, medeniyet in\u015fas\u0131 bak\u0131m\u0131ndan g\u00f6z kama\u015ft\u0131r\u0131c\u0131 bir derinli\u011fe ve zenginli\u011fe sahiptir. \u00c7a\u011flar boyunca Nil\u201fden \u0130rti\u015f\u201fe, Tuna\u201fdan Ganj\u201fa<span class=\"excerpt-hellip\"> [\u2026]<\/span><\/p>\n","protected":false},"featured_media":0,"template":"","meta":{"_monsterinsights_skip_tracking":false,"_monsterinsights_sitenote_active":false,"_monsterinsights_sitenote_note":"","_monsterinsights_sitenote_category":0},"product_brand":[],"product_cat":[12304,13650],"product_tag":[],"class_list":{"0":"post-723752","1":"product","2":"type-product","3":"status-publish","5":"product_cat-tarih","6":"product_cat-turk-tarihi-arastirmalari","7":"pa_cilt-ciltsiz","8":"pa_tur-kitap","9":"pa_yayinevi-gazi-kitabevi","10":"pa_yazar-isa-kalayci-gokhan-kalmis","12":"first","13":"instock","14":"sale","15":"shipping-taxable","16":"purchasable","17":"product-type-simple"},"_links":{"self":[{"href":"https:\/\/roveyayinevi.com.tr\/index.php\/wp-json\/wp\/v2\/product\/723752","targetHints":{"allow":["GET"]}}],"collection":[{"href":"https:\/\/roveyayinevi.com.tr\/index.php\/wp-json\/wp\/v2\/product"}],"about":[{"href":"https:\/\/roveyayinevi.com.tr\/index.php\/wp-json\/wp\/v2\/types\/product"}],"wp:attachment":[{"href":"https:\/\/roveyayinevi.com.tr\/index.php\/wp-json\/wp\/v2\/media?parent=723752"}],"wp:term":[{"taxonomy":"product_brand","embeddable":true,"href":"https:\/\/roveyayinevi.com.tr\/index.php\/wp-json\/wp\/v2\/product_brand?post=723752"},{"taxonomy":"product_cat","embeddable":true,"href":"https:\/\/roveyayinevi.com.tr\/index.php\/wp-json\/wp\/v2\/product_cat?post=723752"},{"taxonomy":"product_tag","embeddable":true,"href":"https:\/\/roveyayinevi.com.tr\/index.php\/wp-json\/wp\/v2\/product_tag?post=723752"}],"curies":[{"name":"wp","href":"https:\/\/api.w.org\/{rel}","templated":true}]}}