{"id":723750,"date":"2025-08-27T19:23:57","date_gmt":"2025-08-27T16:23:57","guid":{"rendered":"https:\/\/roveyayinevi.com.tr\/index.php\/urun\/istanbulda-iki-iskandinav-seyyah\/"},"modified":"2026-04-16T02:31:48","modified_gmt":"2026-04-15T23:31:48","slug":"istanbulda-iki-iskandinav-seyyah","status":"publish","type":"product","link":"https:\/\/roveyayinevi.com.tr\/index.php\/urun\/istanbulda-iki-iskandinav-seyyah\/","title":{"rendered":"\u0130stanbul\u2019da \u0130ki \u0130skandinav Seyyah"},"content":{"rendered":"<p>Knut Hamsun \u2013 Norve\u00e7\u2019in \u015faibeli gururu.Hans Christian Andersen \u2013 ba\u015fmasalc\u0131, ger\u00e7ek bir seyyah, k\u00f6t\u00fc bir oyun yazar\u0131.Bu iki \u201ckuzey\u201d yazar\u0131n\u0131 g\u00fcneye, \u0130stanbul\u2019a \u00e7eken neydi?\u0130stanbul sokaklar\u0131nda birer yabanc\u0131 yazar olarak dola\u015ft\u0131klar\u0131nda, bizim g\u00f6rmedi\u011fimiz, atlad\u0131\u011f\u0131m\u0131z neleri yakalam\u0131\u015flard\u0131?\u201cHilalin Alt\u0131nda\u201d gezen iki \u201cd\u00fcnya yazar\u0131\u201dn\u0131n, \u00f6zg\u00fcn dillerinden yap\u0131lan \u00e7evirileriyle \u0130stanbul an\u0131lar\u0131!<\/p>\n","protected":false},"excerpt":{"rendered":"<p>Knut Hamsun \u2013 Norve\u00e7\u2019in \u015faibeli gururu.Hans Christian Andersen \u2013 ba\u015fmasalc\u0131, ger\u00e7ek bir seyyah, k\u00f6t\u00fc bir oyun yazar\u0131.Bu iki \u201ckuzey\u201d yazar\u0131n\u0131 g\u00fcneye, \u0130stanbul\u2019a \u00e7eken neydi?\u0130stanbul sokaklar\u0131nda birer<span class=\"excerpt-hellip\"> [\u2026]<\/span><\/p>\n","protected":false},"featured_media":0,"template":"","meta":{"_monsterinsights_skip_tracking":false,"_monsterinsights_sitenote_active":false,"_monsterinsights_sitenote_note":"","_monsterinsights_sitenote_category":0},"product_brand":[],"product_cat":[12312,12304],"product_tag":[],"class_list":{"0":"post-723750","1":"product","2":"type-product","3":"status-publish","5":"product_cat-diger","6":"product_cat-tarih","7":"pa_cilt-ciltsiz","8":"pa_tur-kitap","9":"pa_yayinevi-yapi-kredi-yayinlari","10":"pa_yazar-hans-christian-andersen","12":"first","13":"instock","14":"sale","15":"shipping-taxable","16":"purchasable","17":"product-type-simple"},"_links":{"self":[{"href":"https:\/\/roveyayinevi.com.tr\/index.php\/wp-json\/wp\/v2\/product\/723750","targetHints":{"allow":["GET"]}}],"collection":[{"href":"https:\/\/roveyayinevi.com.tr\/index.php\/wp-json\/wp\/v2\/product"}],"about":[{"href":"https:\/\/roveyayinevi.com.tr\/index.php\/wp-json\/wp\/v2\/types\/product"}],"wp:attachment":[{"href":"https:\/\/roveyayinevi.com.tr\/index.php\/wp-json\/wp\/v2\/media?parent=723750"}],"wp:term":[{"taxonomy":"product_brand","embeddable":true,"href":"https:\/\/roveyayinevi.com.tr\/index.php\/wp-json\/wp\/v2\/product_brand?post=723750"},{"taxonomy":"product_cat","embeddable":true,"href":"https:\/\/roveyayinevi.com.tr\/index.php\/wp-json\/wp\/v2\/product_cat?post=723750"},{"taxonomy":"product_tag","embeddable":true,"href":"https:\/\/roveyayinevi.com.tr\/index.php\/wp-json\/wp\/v2\/product_tag?post=723750"}],"curies":[{"name":"wp","href":"https:\/\/api.w.org\/{rel}","templated":true}]}}