{"id":723748,"date":"2025-08-27T19:23:55","date_gmt":"2025-08-27T16:23:55","guid":{"rendered":"https:\/\/roveyayinevi.com.tr\/index.php\/urun\/mabedin-icinde\/"},"modified":"2026-04-16T02:31:48","modified_gmt":"2026-04-15T23:31:48","slug":"mabedin-icinde","status":"publish","type":"product","link":"https:\/\/roveyayinevi.com.tr\/index.php\/urun\/mabedin-icinde\/","title":{"rendered":"Mabedin \u0130\u00e7inde"},"content":{"rendered":"<p>Edit\u00f6r\u00fcm\u00fcz Sibel Demircan, bir zamanlar mabetlerde ya\u015fanan ger\u00e7ek olaylardan hareketle bu roman\u0131 kaleme ald\u0131.   Yunanistan\u2019\u0131n Eleusis Kenti\u2019nden ba\u015flayan, Anadolu\u2019daki Sufi Derg\u00e2hlar\u0131\u2019na uzanan ve M\u0131s\u0131r\u2019\u0131n ilk mabedi Sais\u2019de noktalanan bir s\u00fcrecin i\u00e7inde yolculuk yapacaks\u0131n\u0131z. Ezoterik roman serimizin bu ilk kitab\u0131n\u0131 heyecanla ve ilgiyle okuyacaks\u0131n\u0131z.     Evrendeki her bir canl\u0131, muhte\u015fem bir d\u00f6ng\u00fcn\u00fcn k\u00fc\u00e7\u00fck birer halkas\u0131d\u0131r. Sizden \u00f6nce ya\u015fam\u0131\u015f olanlar, sizler, sizden sonrakiler hi\u00e7 durmadan ve de bilmeden, bir sonraki nesliniz i\u00e7in kader \u00e7ark\u0131n\u0131 d\u00f6nd\u00fcr\u00fcr durursunuz. Belki k\u00fc\u00e7\u00fck bir \u00e7ocu\u011fun masumiyeti ile yapt\u0131\u011f\u0131n\u0131z\u0131 d\u00fc\u015f\u00fcnd\u00fc\u011f\u00fcn\u00fcz her \u015fey, \u00e7ark\u0131n di\u015flilerini \u00e7al\u0131\u015ft\u0131r\u0131r ve i\u015fte o zaman yeni kaderler yola koyulur. Asl\u0131nda hepiniz tek bir dilden konu\u015fur ve hep ayn\u0131 \u015feyi arars\u0131n\u0131z; kendinizi! Kendinizi bulma, hayat\u0131n anlam\u0131n\u0131 ke\u015ffetme i\u00e7g\u00fcd\u00fcs\u00fc ile yan\u0131p tutu\u015furken; bazen hayat\u0131n i\u00e7inde kaybolup gidersiniz. G\u00f6ren g\u00f6z\u00fcn\u00fcz, i\u015fiten kula\u011f\u0131n\u0131z, hisseden y\u00fcre\u011finiz, d\u00fc\u015f\u00fcnen zihniniz, hep ayn\u0131 \u015feye hizmet eder. Ald\u0131\u011f\u0131n\u0131z nefes, yedi\u011finiz yemek, g\u00f6rd\u00fc\u011f\u00fcn\u00fcz r\u00fcya, \u0131srarla tevafuk ister. Siz de \u0131srarla g\u00f6rmezsiniz! G\u00f6n\u00fcl perdeleriniz s\u0131ms\u0131k\u0131 kapal\u0131, ruh h\u0131rkalar\u0131n\u0131z da d\u00fcnya h\u0131rs\u0131yla kirlenmi\u015ftir. Madde \u00e2leminden, m\u00e2n\u00e2 \u00e2lemine ge\u00e7i\u015f, i\u015fte bu y\u00fczden kolay de\u011fildir. Hey sen, bu yolun yolcusu bekle! Kaderinin kalemi ellerinde; hisset, d\u00fc\u015f\u00fcn, yaz ve \u00e7iz&#8230; Ama unutma, bizim \u00e7at\u0131m\u0131z\u0131n alt\u0131nda arad\u0131\u011f\u0131n s\u0131rr\u0131, kendi i\u00e7inde bulacaks\u0131n. Biz sana sadece i\u00e7indeki s\u0131rra ula\u015fman\u0131n yollar\u0131n\u0131 g\u00f6sterece\u011fiz. <\/p>\n","protected":false},"excerpt":{"rendered":"<p>Edit\u00f6r\u00fcm\u00fcz Sibel Demircan, bir zamanlar mabetlerde ya\u015fanan ger\u00e7ek olaylardan hareketle bu roman\u0131 kaleme ald\u0131. Yunanistan\u2019\u0131n Eleusis Kenti\u2019nden ba\u015flayan, Anadolu\u2019daki Sufi Derg\u00e2hlar\u0131\u2019na uzanan ve M\u0131s\u0131r\u2019\u0131n ilk mabedi<span class=\"excerpt-hellip\"> [\u2026]<\/span><\/p>\n","protected":false},"featured_media":0,"template":"","meta":{"_monsterinsights_skip_tracking":false,"_monsterinsights_sitenote_active":false,"_monsterinsights_sitenote_note":"","_monsterinsights_sitenote_category":0},"product_brand":[],"product_cat":[12291,12711],"product_tag":[],"class_list":{"0":"post-723748","1":"product","2":"type-product","3":"status-publish","5":"product_cat-edebiyat","6":"product_cat-roman-oyku","7":"pa_cilt-ciltsiz","8":"pa_tur-kitap","9":"pa_yayinevi-sinir-otesi-yayinlari","10":"pa_yazar-sibel-demircan","12":"first","13":"instock","14":"sale","15":"shipping-taxable","16":"purchasable","17":"product-type-simple"},"_links":{"self":[{"href":"https:\/\/roveyayinevi.com.tr\/index.php\/wp-json\/wp\/v2\/product\/723748","targetHints":{"allow":["GET"]}}],"collection":[{"href":"https:\/\/roveyayinevi.com.tr\/index.php\/wp-json\/wp\/v2\/product"}],"about":[{"href":"https:\/\/roveyayinevi.com.tr\/index.php\/wp-json\/wp\/v2\/types\/product"}],"wp:attachment":[{"href":"https:\/\/roveyayinevi.com.tr\/index.php\/wp-json\/wp\/v2\/media?parent=723748"}],"wp:term":[{"taxonomy":"product_brand","embeddable":true,"href":"https:\/\/roveyayinevi.com.tr\/index.php\/wp-json\/wp\/v2\/product_brand?post=723748"},{"taxonomy":"product_cat","embeddable":true,"href":"https:\/\/roveyayinevi.com.tr\/index.php\/wp-json\/wp\/v2\/product_cat?post=723748"},{"taxonomy":"product_tag","embeddable":true,"href":"https:\/\/roveyayinevi.com.tr\/index.php\/wp-json\/wp\/v2\/product_tag?post=723748"}],"curies":[{"name":"wp","href":"https:\/\/api.w.org\/{rel}","templated":true}]}}