{"id":723747,"date":"2025-08-27T19:23:55","date_gmt":"2025-08-27T16:23:55","guid":{"rendered":"https:\/\/roveyayinevi.com.tr\/index.php\/urun\/kitab-i-mekulat\/"},"modified":"2026-01-26T02:49:37","modified_gmt":"2026-01-25T23:49:37","slug":"kitab-i-mekulat","status":"publish","type":"product","link":"https:\/\/roveyayinevi.com.tr\/index.php\/urun\/kitab-i-mekulat\/","title":{"rendered":"Kitab-\u0131 Me&#8217;kulat"},"content":{"rendered":"<p>Kit\u00e2b-\u0131 Me\u2019k\u00fbl\u00e2t, Manisa \u0130l Halk K\u00fct\u00fcphanesi yazmalar\u0131 aras\u0131nda bulunan bir mecm\u00fban\u0131n aras\u0131ndan \u00e7\u0131kan ve bunca y\u0131ld\u0131r ara\u015ft\u0131rmac\u0131lar\u0131n dikkatinden ka\u00e7m\u0131\u015f, bilinmeyen bir Osmanl\u0131 yemek kitab\u0131. Klasik Osmanl\u0131 yemek kitaplar\u0131n\u0131n yap\u0131s\u0131na hi\u00e7 benzemese de i\u00e7inde bulunan tarifler Osmanl\u0131 yemek k\u00fclt\u00fcr\u00fcne dair \u00f6nemli ipu\u00e7lar\u0131 veriyor. \u00dcstelik kitap sadece yemek tariflerinden de olu\u015fmuyor: \u00c7e\u015fitli hastal\u0131klar\u0131n tedavisinde kulla-n\u0131lacak macun ve \u015ferbet tariflerini de i\u00e7eriyor.Kimi yerel \u00f6zellikler i\u00e7ermesiyle de di\u011fer Osmanl\u0131 yemek kitap-lar\u0131ndan ayr\u0131lan Kit\u00e2b-\u0131 Me\u2019k\u00fbl\u00e2t\u2019taki tarifleri d\u00fcnyaca \u00fcnl\u00fc \u015fef Musa Da\u011fdeviren\u2019in as\u0131llar\u0131na sad\u0131k kalarak ancak g\u00fcn\u00fcm\u00fczde kullan\u0131lan \u00f6l\u00e7\u00fcler \u00e7er\u00e7evesinde yapt\u0131\u011f\u0131 uyarlamalarla birlikte okumak, Osmanl\u0131 mutfa\u011f\u0131na ve kitab\u0131n yaz\u0131ld\u0131\u011f\u0131 d\u00f6nemin \u00f6zelliklerine dair \u00f6nemli bilgiler sunuyor. Kit\u00e2b-\u0131 Me\u2019k\u00fbl\u00e2t bir tarif kitab\u0131 olmas\u0131n\u0131n yan\u0131 s\u0131ra tarih\u00ee belge niteli\u011finde bir eser\u2026 (\u2026) bu eserin di\u011fer yazma eserlerden tariflerin i\u00e7eri\u011fi bak\u0131m\u0131ndan farkl\u0131 oldu\u011funu s\u00f6ylemek m\u00fcmk\u00fcn. Bu bak\u0131mdan Kit\u00e2b-\u0131 Mek\u2019\u00fbl\u00e2t\u2019\u0131n di\u011fer yazmalar ile ayn\u0131 kayna\u011f\u0131 payla\u015fmad\u0131\u011f\u0131, payla\u015fsa bile tariflere yap\u0131lan ekleme ve \u00e7\u0131karmalar ile tariflerin yeni bir \u015fekle b\u00fcr\u00fcnd\u00fc\u011f\u00fc anla\u015f\u0131l\u0131yor. Bu y\u00fczden eserin yay\u0131mlanmas\u0131 hem yemek hem k\u00fclt\u00fcr tarihi a\u00e7\u0131s\u0131ndan \u00f6nemli. Di\u011fer kaynaklarda ge\u00e7meyen yemek isimlerini bar\u0131nd\u0131rmas\u0131, tariflerindeki yerelli\u011fin yemeklerin mek\u00e2n ve zamana g\u00f6re de\u011fi\u015fimini g\u00f6stermesi gibi \u00f6zellikleri ile Kit\u00e2b-\u0131 Mek\u2019\u00fbl\u00e2t mutfak s\u00f6zl\u00fc\u011f\u00fcne ve tarihine bir ek niteli\u011finde. G\u00dcNAY KUT<\/p>\n","protected":false},"excerpt":{"rendered":"<p>Kit\u00e2b-\u0131 Me\u2019k\u00fbl\u00e2t, Manisa \u0130l Halk K\u00fct\u00fcphanesi yazmalar\u0131 aras\u0131nda bulunan bir mecm\u00fban\u0131n aras\u0131ndan \u00e7\u0131kan ve bunca y\u0131ld\u0131r ara\u015ft\u0131rmac\u0131lar\u0131n dikkatinden ka\u00e7m\u0131\u015f, bilinmeyen bir Osmanl\u0131 yemek kitab\u0131. Klasik Osmanl\u0131<span class=\"excerpt-hellip\"> [\u2026]<\/span><\/p>\n","protected":false},"featured_media":0,"template":"","meta":{"_monsterinsights_skip_tracking":false,"_monsterinsights_sitenote_active":false,"_monsterinsights_sitenote_note":"","_monsterinsights_sitenote_category":0},"product_brand":[],"product_cat":[12457],"product_tag":[],"class_list":{"0":"post-723747","1":"product","2":"type-product","3":"status-publish","5":"product_cat-yemek-kitaplari","6":"pa_cilt-ciltsiz","7":"pa_tur-kitap","8":"pa_yayinevi-iletisim-yayinlari","9":"pa_yazar-kolektif","11":"first","12":"instock","13":"sale","14":"shipping-taxable","15":"purchasable","16":"product-type-simple"},"_links":{"self":[{"href":"https:\/\/roveyayinevi.com.tr\/index.php\/wp-json\/wp\/v2\/product\/723747","targetHints":{"allow":["GET"]}}],"collection":[{"href":"https:\/\/roveyayinevi.com.tr\/index.php\/wp-json\/wp\/v2\/product"}],"about":[{"href":"https:\/\/roveyayinevi.com.tr\/index.php\/wp-json\/wp\/v2\/types\/product"}],"wp:attachment":[{"href":"https:\/\/roveyayinevi.com.tr\/index.php\/wp-json\/wp\/v2\/media?parent=723747"}],"wp:term":[{"taxonomy":"product_brand","embeddable":true,"href":"https:\/\/roveyayinevi.com.tr\/index.php\/wp-json\/wp\/v2\/product_brand?post=723747"},{"taxonomy":"product_cat","embeddable":true,"href":"https:\/\/roveyayinevi.com.tr\/index.php\/wp-json\/wp\/v2\/product_cat?post=723747"},{"taxonomy":"product_tag","embeddable":true,"href":"https:\/\/roveyayinevi.com.tr\/index.php\/wp-json\/wp\/v2\/product_tag?post=723747"}],"curies":[{"name":"wp","href":"https:\/\/api.w.org\/{rel}","templated":true}]}}