{"id":723744,"date":"2025-08-27T19:23:52","date_gmt":"2025-08-27T16:23:52","guid":{"rendered":"https:\/\/roveyayinevi.com.tr\/index.php\/urun\/hayalperest-olunun-sarkilari\/"},"modified":"2026-04-16T02:31:48","modified_gmt":"2026-04-15T23:31:48","slug":"hayalperest-olunun-sarkilari","status":"publish","type":"product","link":"https:\/\/roveyayinevi.com.tr\/index.php\/urun\/hayalperest-olunun-sarkilari\/","title":{"rendered":"Hayalperest \u00d6l\u00fcn\u00fcn \u015eark\u0131lar\u0131"},"content":{"rendered":"<p>\u00c7a\u011fda\u015f korku edebiyat\u0131n\u0131n \u00f6nde gelen imzalar\u0131ndan Thomas Ligotti\u2019nin yap\u0131tlar\u0131na geni\u015f kapsaml\u0131 \u201ckorku\u201d ya da \u201cgerilim\u201d t\u00fcrleri i\u00e7inde yer vermektense, onun yazd\u0131klar\u0131n\u0131 \u201ctekinsiz kurmaca\u201d ba\u015fl\u0131\u011f\u0131 alt\u0131nda nitelemek daha do\u011fru olur. Ligotti\u2019nin \u00f6yk\u00fcleri, a\u015fina olunmayan bir kente gidi\u015f, akademik bir ara\u015ft\u0131rma projesi, eski bir binan\u0131n y\u0131k\u0131lmas\u0131, bir t\u0131marhane ser\u00fcveni gibi g\u00f6rece s\u0131radan olaylarla ba\u015fl\u0131yor. Ne var ki, b\u00fct\u00fcn bu s\u0131radan g\u00f6r\u00fcn\u00fc\u015f\u00fcn alt\u0131nda ger\u00e7e\u011fin yava\u015f yava\u015f sapt\u0131r\u0131lmas\u0131 hatta sapk\u0131nla\u015ft\u0131r\u0131lmas\u0131, ak\u0131l s\u0131n\u0131rlar\u0131n\u0131n a\u015f\u0131lmas\u0131, hatta ya\u015fam ile \u00f6l\u00fcm aras\u0131ndaki \u00e7izginin silikle\u015fmesi kendini g\u00f6steriyor.Bu ilgi \u00e7ekici ve \u00fcrpertici \u00f6yk\u00fclerin bir \u00f6zelli\u011fi de a\u00e7\u0131k sonla bitmeleri ve okurlar\u0131n hayal g\u00fcc\u00fcn\u00fc tetiklemesidir. Dahas\u0131 kitaptaki her b\u00f6l\u00fcm\u00fcn sonunda, yazar kendi t\u00fcr\u00fcn\u00fcn yaz\u0131m y\u00f6ntemlerine ili\u015fkin g\u00f6r\u00fc\u015flerini de a\u00e7\u0131kl\u0131yor.\u201cHayalperest \u00d6l\u00fcn\u00fcn \u015eark\u0131lar\u0131\u2019n\u0131, kitapl\u0131\u011f\u0131n\u0131zda H.P. Love- craft ve Edgar Allan Poe kitaplar\u0131n\u0131n tam ortas\u0131na, yani ait oldu\u011fu yere yerle\u015ftirin.\u201d- The Washington Post<\/p>\n","protected":false},"excerpt":{"rendered":"<p>\u00c7a\u011fda\u015f korku edebiyat\u0131n\u0131n \u00f6nde gelen imzalar\u0131ndan Thomas Ligotti\u2019nin yap\u0131tlar\u0131na geni\u015f kapsaml\u0131 \u201ckorku\u201d ya da \u201cgerilim\u201d t\u00fcrleri i\u00e7inde yer vermektense, onun yazd\u0131klar\u0131n\u0131 \u201ctekinsiz kurmaca\u201d ba\u015fl\u0131\u011f\u0131 alt\u0131nda nitelemek<span class=\"excerpt-hellip\"> [\u2026]<\/span><\/p>\n","protected":false},"featured_media":0,"template":"","meta":{"_monsterinsights_skip_tracking":false,"_monsterinsights_sitenote_active":false,"_monsterinsights_sitenote_note":"","_monsterinsights_sitenote_category":0},"product_brand":[],"product_cat":[12291,12711],"product_tag":[],"class_list":{"0":"post-723744","1":"product","2":"type-product","3":"status-publish","5":"product_cat-edebiyat","6":"product_cat-roman-oyku","7":"pa_cilt-ciltsiz","8":"pa_tur-kitap","9":"pa_yayinevi-can-yayinlari","10":"pa_yazar-thomas-ligotti","12":"first","13":"instock","14":"sale","15":"shipping-taxable","16":"purchasable","17":"product-type-simple"},"_links":{"self":[{"href":"https:\/\/roveyayinevi.com.tr\/index.php\/wp-json\/wp\/v2\/product\/723744","targetHints":{"allow":["GET"]}}],"collection":[{"href":"https:\/\/roveyayinevi.com.tr\/index.php\/wp-json\/wp\/v2\/product"}],"about":[{"href":"https:\/\/roveyayinevi.com.tr\/index.php\/wp-json\/wp\/v2\/types\/product"}],"wp:attachment":[{"href":"https:\/\/roveyayinevi.com.tr\/index.php\/wp-json\/wp\/v2\/media?parent=723744"}],"wp:term":[{"taxonomy":"product_brand","embeddable":true,"href":"https:\/\/roveyayinevi.com.tr\/index.php\/wp-json\/wp\/v2\/product_brand?post=723744"},{"taxonomy":"product_cat","embeddable":true,"href":"https:\/\/roveyayinevi.com.tr\/index.php\/wp-json\/wp\/v2\/product_cat?post=723744"},{"taxonomy":"product_tag","embeddable":true,"href":"https:\/\/roveyayinevi.com.tr\/index.php\/wp-json\/wp\/v2\/product_tag?post=723744"}],"curies":[{"name":"wp","href":"https:\/\/api.w.org\/{rel}","templated":true}]}}