{"id":723742,"date":"2025-08-27T19:23:51","date_gmt":"2025-08-27T16:23:51","guid":{"rendered":"https:\/\/roveyayinevi.com.tr\/index.php\/urun\/islam-iktisadi-ogrencilerine-notlar\/"},"modified":"2026-04-16T02:31:48","modified_gmt":"2026-04-15T23:31:48","slug":"islam-iktisadi-ogrencilerine-notlar","status":"publish","type":"product","link":"https:\/\/roveyayinevi.com.tr\/index.php\/urun\/islam-iktisadi-ogrencilerine-notlar\/","title":{"rendered":"\u0130slam \u0130ktisad\u0131 \u00d6\u011frencilerine Notlar"},"content":{"rendered":"<p>R. Levent I\u015f\u0131k, 2018 y\u0131l\u0131nda &#8220;S\u00f6m\u00fcrge&#8221; ve 2019 y\u0131l\u0131nda &#8220;Para Kavga Pranga&#8221; isimli \u00e7al\u0131\u015fmalar\u0131yla tarihsel s\u00fcre\u00e7 i\u00e7erisinde do\u011fu\u015fundan g\u00fcn\u00fcm\u00fcze kapitalizmin s\u00f6m\u00fcr\u00fc d\u00fczenini tarif etmi\u015f, kurulu d\u00fczenin ancak ahlaki de\u011ferleri olan alternatif bir ekonomik sistemle y\u0131k\u0131labilece\u011fini, bunun da tahrif edilmemi\u015f tek semavi din olan \u0130slam&#8217;\u0131n adalet temelli ekonomik \u00f6\u011fretileriyle ve t\u00fcm \u0130slam co\u011frafyas\u0131n\u0131 kapsayacak bir ekonomik birli\u011fin tesis edilmesiyle ger\u00e7ekle\u015febilece\u011fini tarihsel kan\u0131tlar yard\u0131m\u0131yla teorile\u015ftirmi\u015ftir.\u0130slam \u0130ktisadi\u00d6\u011frencilerine Notlar- Neden Faizsiz Finans\u0131 Tercih Ederiz?- Faizsiz Finans Kurumlar\u0131nda \u00c7al\u0131\u015fman\u0131n \u00d6nemi Nedir?- Hedeflerimiz Neler Olmal\u0131?- \u0130slam \u0130ktisad\u0131n\u0131 Anlamak \u0130\u00e7in Tarih \u00d6\u011frenmenin \u00d6nemi Nedir?- Para Nedir? Nas\u0131l Ortaya \u00c7\u0131km\u0131\u015ft\u0131r?- Ka\u011f\u0131t Para Nedir?- Rezerv Para Nedir?- Para Neye G\u00f6re Bas\u0131l\u0131r?- Bankac\u0131l\u0131k ve Sigortac\u0131l\u0131k Faaliyetleri Nas\u0131l Ba\u015flam\u0131\u015f, G\u00fcn\u00fcm\u00fcze Nas\u0131l Gelmi\u015ftir?- Osmanl\u0131&#8217;da ve Cumhuriyet&#8217;in \u0130lk D\u00f6nemlerinde Bankac\u0131l\u0131k Faaliyetleri Nas\u0131l Ger\u00e7ekle\u015fmi\u015ftir?- Faizsiz Bankalar ve Sigortac\u0131l\u0131k Kurumlar\u0131 Nas\u0131l Ortaya \u00c7\u0131km\u0131\u015ft\u0131r?- Faizsiz Bankalar\u0131 Mevduat Bankalar\u0131ndan Ay\u0131ran Nedir?- Faizsiz Bankalar\u0131n Kredi Kulland\u0131rma Y\u00f6ntemleri ve F\u0131khi Dayanaklar\u0131 Nelerdir?- Tekaf\u00fcl Sigortac\u0131l\u0131\u011f\u0131 Nedir? Nas\u0131l Ba\u015flam\u0131\u015ft\u0131r? Dayana\u011f\u0131 Nedir?T\u00fcm bu sorular\u0131n \u00f6zet halinde cevaplar\u0131n\u0131 vermenin yan\u0131nda faizsiz finans \u00f6\u011frencilerini ilgilendiren \u00f6zel r\u00f6portajlar ve kapsaml\u0131 okuma listeleriyle zenginle\u015ftirilmi\u015f bir referans kitab\u0131&#8230;<\/p>\n","protected":false},"excerpt":{"rendered":"<p>R. Levent I\u015f\u0131k, 2018 y\u0131l\u0131nda &#8220;S\u00f6m\u00fcrge&#8221; ve 2019 y\u0131l\u0131nda &#8220;Para Kavga Pranga&#8221; isimli \u00e7al\u0131\u015fmalar\u0131yla tarihsel s\u00fcre\u00e7 i\u00e7erisinde do\u011fu\u015fundan g\u00fcn\u00fcm\u00fcze kapitalizmin s\u00f6m\u00fcr\u00fc d\u00fczenini tarif etmi\u015f, kurulu d\u00fczenin<span class=\"excerpt-hellip\"> [\u2026]<\/span><\/p>\n","protected":false},"featured_media":0,"template":"","meta":{"_monsterinsights_skip_tracking":false,"_monsterinsights_sitenote_active":false,"_monsterinsights_sitenote_note":"","_monsterinsights_sitenote_category":0},"product_brand":[],"product_cat":[12573,12566],"product_tag":[],"class_list":{"0":"post-723742","1":"product","2":"type-product","3":"status-publish","5":"product_cat-akademik-kitaplar","6":"product_cat-egitim","7":"pa_cilt-ciltsiz","8":"pa_tur-kitap","9":"pa_yayinevi-luna-yayinlari","10":"pa_yazar-r-levent-isik","12":"first","13":"instock","14":"sale","15":"shipping-taxable","16":"purchasable","17":"product-type-simple"},"_links":{"self":[{"href":"https:\/\/roveyayinevi.com.tr\/index.php\/wp-json\/wp\/v2\/product\/723742","targetHints":{"allow":["GET"]}}],"collection":[{"href":"https:\/\/roveyayinevi.com.tr\/index.php\/wp-json\/wp\/v2\/product"}],"about":[{"href":"https:\/\/roveyayinevi.com.tr\/index.php\/wp-json\/wp\/v2\/types\/product"}],"wp:attachment":[{"href":"https:\/\/roveyayinevi.com.tr\/index.php\/wp-json\/wp\/v2\/media?parent=723742"}],"wp:term":[{"taxonomy":"product_brand","embeddable":true,"href":"https:\/\/roveyayinevi.com.tr\/index.php\/wp-json\/wp\/v2\/product_brand?post=723742"},{"taxonomy":"product_cat","embeddable":true,"href":"https:\/\/roveyayinevi.com.tr\/index.php\/wp-json\/wp\/v2\/product_cat?post=723742"},{"taxonomy":"product_tag","embeddable":true,"href":"https:\/\/roveyayinevi.com.tr\/index.php\/wp-json\/wp\/v2\/product_tag?post=723742"}],"curies":[{"name":"wp","href":"https:\/\/api.w.org\/{rel}","templated":true}]}}