{"id":723740,"date":"2025-08-27T19:23:50","date_gmt":"2025-08-27T16:23:50","guid":{"rendered":"https:\/\/roveyayinevi.com.tr\/index.php\/urun\/ben-fil-degilim\/"},"modified":"2026-04-16T02:31:48","modified_gmt":"2026-04-15T23:31:48","slug":"ben-fil-degilim","status":"publish","type":"product","link":"https:\/\/roveyayinevi.com.tr\/index.php\/urun\/ben-fil-degilim\/","title":{"rendered":"Ben Fil De\u011filim!"},"content":{"rendered":"<p>\u2713 Uzun bir burun \u2713 Sark\u0131k kulaklar \u2717 Gaz \u00e7\u0131karma   Bu, bir fil mi? (Yoksa\u2026 bir geyik mi?) Hay\u0131r, bu fare kesinlikle bir fil de\u011fil. Di\u011fer hayvanlar hakl\u0131 olduklar\u0131n\u0131 d\u00fc\u015f\u00fcnseler de, gaz \u00e7\u0131karan fare de\u011fil! \u201cTad\u0131na doyulmayan, e\u011flenceli bir hayal g\u00fcc\u00fc\u2026 Newson ve Collins harika bir hayali oyun ortaya \u00e7\u0131karm\u0131\u015f.\u201d Julia Eccleshare Love Reading Ay\u0131n Kitab\u0131 \u201cKahkahalarla g\u00fclece\u011finiz bir \u00f6yk\u00fc\u201d i newspaper <\/p>\n","protected":false},"excerpt":{"rendered":"<p>\u2713 Uzun bir burun \u2713 Sark\u0131k kulaklar \u2717 Gaz \u00e7\u0131karma Bu, bir fil mi? (Yoksa\u2026 bir geyik mi?) Hay\u0131r, bu fare kesinlikle bir fil de\u011fil. Di\u011fer<span class=\"excerpt-hellip\"> [\u2026]<\/span><\/p>\n","protected":false},"featured_media":0,"template":"","meta":{"_monsterinsights_skip_tracking":false,"_monsterinsights_sitenote_active":false,"_monsterinsights_sitenote_note":"","_monsterinsights_sitenote_category":0},"product_brand":[],"product_cat":[12274,12518],"product_tag":[],"class_list":{"0":"post-723740","1":"product","2":"type-product","3":"status-publish","5":"product_cat-cocuk-ve-genclik-kitaplari","6":"product_cat-okul-oncesi-kitaplar","7":"pa_cilt-ciltsiz","8":"pa_tur-kitap","9":"pa_yayinevi-is-bankasi-kultur-yayinlari","10":"pa_yazar-karl-newson","12":"first","13":"instock","14":"sale","15":"shipping-taxable","16":"purchasable","17":"product-type-simple"},"_links":{"self":[{"href":"https:\/\/roveyayinevi.com.tr\/index.php\/wp-json\/wp\/v2\/product\/723740","targetHints":{"allow":["GET"]}}],"collection":[{"href":"https:\/\/roveyayinevi.com.tr\/index.php\/wp-json\/wp\/v2\/product"}],"about":[{"href":"https:\/\/roveyayinevi.com.tr\/index.php\/wp-json\/wp\/v2\/types\/product"}],"wp:attachment":[{"href":"https:\/\/roveyayinevi.com.tr\/index.php\/wp-json\/wp\/v2\/media?parent=723740"}],"wp:term":[{"taxonomy":"product_brand","embeddable":true,"href":"https:\/\/roveyayinevi.com.tr\/index.php\/wp-json\/wp\/v2\/product_brand?post=723740"},{"taxonomy":"product_cat","embeddable":true,"href":"https:\/\/roveyayinevi.com.tr\/index.php\/wp-json\/wp\/v2\/product_cat?post=723740"},{"taxonomy":"product_tag","embeddable":true,"href":"https:\/\/roveyayinevi.com.tr\/index.php\/wp-json\/wp\/v2\/product_tag?post=723740"}],"curies":[{"name":"wp","href":"https:\/\/api.w.org\/{rel}","templated":true}]}}